{"id":5610,"date":"2023-01-16T15:13:41","date_gmt":"2023-01-16T15:13:41","guid":{"rendered":"https:\/\/medposnonwoven.com\/product\/boxers-descartaveis\/"},"modified":"2023-05-06T09:38:44","modified_gmt":"2023-05-06T09:38:44","slug":"boxers-descartaveis","status":"publish","type":"product","link":"https:\/\/medposnonwoven.com\/pt-br\/produto\/boxers-descartaveis\/","title":{"rendered":"Boxers descart\u00e1veis"},"content":{"rendered":"<p>Depois de um duche ou banho, os boxers descart\u00e1veis s\u00e3o uma op\u00e7\u00e3o pr\u00e1tica e \u00fanica para se vestir. T\u00eam um ajuste agrad\u00e1vel, uma vez que s\u00e3o compostos por materiais finos e imperme\u00e1veis, como o tecido n\u00e3o tecido. De design simples, apresentam um fecho de correr e uma cintura el\u00e1stica. Devido \u00e0 comodidade de serem deitados fora ap\u00f3s a utiliza\u00e7\u00e3o, os boxers descart\u00e1veis s\u00e3o uma op\u00e7\u00e3o fant\u00e1stica para hot\u00e9is, spas e sal\u00f5es de beleza. Tamb\u00e9m podem ser utilizados para dar mais calor e cobertura noutros locais, como consult\u00f3rios m\u00e9dicos. Para as pessoas que preferem manter a pele limpa, os boxers descart\u00e1veis existem numa variedade de tamanhos e tonalidades e oferecem uma solu\u00e7\u00e3o higi\u00e9nica. <span data-offset-key=\"758el-884-0\">Eles<\/span><span data-offset-key=\"758el-885-0\"> s\u00e3o<\/span><span data-offset-key=\"758el-886-0\"> tamb\u00e9m<\/span><span data-offset-key=\"758el-887-0\"> acess\u00edvel<\/span><span data-offset-key=\"758el-888-0\"> e<\/span><span data-offset-key=\"758el-889-0\"> f\u00e1cil<\/span><span data-offset-key=\"758el-890-0\"> para<\/span><span data-offset-key=\"758el-891-0\"> loja<\/span><span data-offset-key=\"758el-892-0\">,<\/span><span data-offset-key=\"758el-893-0\"> fabrico<\/span><span data-offset-key=\"758el-894-0\"> eles<\/span><span data-offset-key=\"758el-895-0\"> a<\/span><span data-offset-key=\"758el-896-0\"> \u00f3ptimo<\/span><span data-offset-key=\"758el-897-0\"> escolha<\/span><span data-offset-key=\"758el-898-0\"> para<\/span><span data-offset-key=\"758el-899-0\"> aqueles<\/span><span data-offset-key=\"758el-900-0\"> procurando<\/span><span data-offset-key=\"758el-901-0\"> para<\/span><span data-offset-key=\"758el-902-0\"> um<\/span><span data-offset-key=\"758el-903-0\"> acess\u00edvel<\/span><span data-offset-key=\"758el-904-0\"> e<\/span><span data-offset-key=\"758el-905-0\"> conveniente<\/span><span data-offset-key=\"758el-906-0\"> op\u00e7\u00e3o<\/span><span data-offset-key=\"758el-907-0\">.<\/span><\/p>\n<p>&nbsp;<\/p>\n<p>&nbsp;<\/p>\n","protected":false},"excerpt":{"rendered":"<ul>\n<li>Os boxers descart\u00e1veis s\u00e3o compostos por tecido n\u00e3o tecido anti-rasgo que n\u00e3o agride a pele, \u00e9 macio, respir\u00e1vel, tem boa permeabilidade ao ar e durabilidade.<\/li>\n<li>Amplamente utilizado em bronzeamento, spas, sal\u00f5es de beleza, massagens, cl\u00ednicas, tatuagens, saunas, hospitais, hot\u00e9is, viagens, uso di\u00e1rio, etc.<\/li>\n<\/ul>\n<h4>Caracter\u00edsticas<\/h4>\n<p>Material: Polipropileno Spunbond<\/p>\n<p>Tamanho: S,M,L<\/p>\n<p>Cor: preto, branco, azul escuro<\/p>\n<p>Tipo: Com cintura el\u00e1stica<\/p>\n<p>Embalagem: 6 unidades\/embalagem, 100 embalagens\/caixa<\/p>\n<p>&nbsp;<\/p>\n<p>&nbsp;<\/p>\n","protected":false},"featured_media":5402,"template":"","meta":{"site-sidebar-layout":"default","site-content-layout":"default","ast-site-content-layout":"default","site-content-style":"default","site-sidebar-style":"default","ast-global-header-display":"","ast-banner-title-visibility":"","ast-main-header-display":"","ast-hfb-above-header-display":"","ast-hfb-below-header-display":"","ast-hfb-mobile-header-display":"","site-post-title":"","ast-breadcrumbs-content":"","ast-featured-img":"","footer-sml-layout":"","ast-disable-related-posts":"","theme-transparent-header-meta":"default","adv-header-id-meta":"","stick-header-meta":"","header-above-stick-meta":"","header-main-stick-meta":"","header-below-stick-meta":"","astra-migrate-meta-layouts":"default","ast-page-background-enabled":"default","ast-page-background-meta":{"desktop":{"background-color":"","background-image":"","background-repeat":"repeat","background-position":"center center","background-size":"auto","background-attachment":"scroll","background-type":"","background-media":"","overlay-type":"","overlay-color":"","overlay-opacity":"","overlay-gradient":""},"tablet":{"background-color":"","background-image":"","background-repeat":"repeat","background-position":"center center","background-size":"auto","background-attachment":"scroll","background-type":"","background-media":"","overlay-type":"","overlay-color":"","overlay-opacity":"","overlay-gradient":""},"mobile":{"background-color":"","background-image":"","background-repeat":"repeat","background-position":"center center","background-size":"auto","background-attachment":"scroll","background-type":"","background-media":"","overlay-type":"","overlay-color":"","overlay-opacity":"","overlay-gradient":""}},"ast-content-background-meta":{"desktop":{"background-color":"var(--ast-global-color-5)","background-image":"","background-repeat":"repeat","background-position":"center center","background-size":"auto","background-attachment":"scroll","background-type":"","background-media":"","overlay-type":"","overlay-color":"","overlay-opacity":"","overlay-gradient":""},"tablet":{"background-color":"var(--ast-global-color-5)","background-image":"","background-repeat":"repeat","background-position":"center center","background-size":"auto","background-attachment":"scroll","background-type":"","background-media":"","overlay-type":"","overlay-color":"","overlay-opacity":"","overlay-gradient":""},"mobile":{"background-color":"var(--ast-global-color-5)","background-image":"","background-repeat":"repeat","background-position":"center center","background-size":"auto","background-attachment":"scroll","background-type":"","background-media":"","overlay-type":"","overlay-color":"","overlay-opacity":"","overlay-gradient":""}}},"product_brand":[],"product_cat":[132],"product_tag":[],"class_list":{"0":"post-5610","1":"product","2":"type-product","3":"status-publish","4":"has-post-thumbnail","6":"product_cat-descartaveis-para-spa-e-beleza","7":"desktop-align-center","8":"tablet-align-left","9":"mobile-align-left","11":"first","12":"instock","13":"shipping-taxable","14":"product-type-simple"},"_links":{"self":[{"href":"https:\/\/medposnonwoven.com\/pt-br\/wp-json\/wp\/v2\/product\/5610","targetHints":{"allow":["GET"]}}],"collection":[{"href":"https:\/\/medposnonwoven.com\/pt-br\/wp-json\/wp\/v2\/product"}],"about":[{"href":"https:\/\/medposnonwoven.com\/pt-br\/wp-json\/wp\/v2\/types\/product"}],"wp:featuredmedia":[{"embeddable":true,"href":"https:\/\/medposnonwoven.com\/pt-br\/wp-json\/wp\/v2\/media\/5402"}],"wp:attachment":[{"href":"https:\/\/medposnonwoven.com\/pt-br\/wp-json\/wp\/v2\/media?parent=5610"}],"wp:term":[{"taxonomy":"product_brand","embeddable":true,"href":"https:\/\/medposnonwoven.com\/pt-br\/wp-json\/wp\/v2\/product_brand?post=5610"},{"taxonomy":"product_cat","embeddable":true,"href":"https:\/\/medposnonwoven.com\/pt-br\/wp-json\/wp\/v2\/product_cat?post=5610"},{"taxonomy":"product_tag","embeddable":true,"href":"https:\/\/medposnonwoven.com\/pt-br\/wp-json\/wp\/v2\/product_tag?post=5610"}],"curies":[{"name":"wp","href":"https:\/\/api.w.org\/{rel}","templated":true}]}}