{"id":5611,"date":"2023-01-17T16:32:57","date_gmt":"2023-01-17T16:32:57","guid":{"rendered":"https:\/\/medposnonwoven.com\/product\/pacote-cirurgico-para-cesariana\/"},"modified":"2023-05-06T09:25:32","modified_gmt":"2023-05-06T09:25:32","slug":"pacote-cirurgico-para-cesariana","status":"publish","type":"product","link":"https:\/\/medposnonwoven.com\/pt-br\/produto\/pacote-cirurgico-para-cesariana\/","title":{"rendered":"Pacote cir\u00fargico para cesariana"},"content":{"rendered":"<p><strong>Caracter\u00edsticas:<\/strong><\/p>\n<p>Isolamento: isolar as \u00e1reas contaminadas das \u00e1reas operacionais.<\/p>\n<p>Barreira: impede a penetra\u00e7\u00e3o de fluidos e micr\u00f3bios.<\/p>\n<p>Controlo de fluidos: recolha de fluidos corporais e fluidos de irriga\u00e7\u00e3o<\/p>\n<p>Confort\u00e1vel: grama leve, macia e respir\u00e1vel.<\/p>\n<p>Suave, sem p\u00ealos, leve, compacto, resistente \u00e0 humidade, n\u00e3o irritante e sem est\u00e1tica<\/p>\n<p>&nbsp;<\/p>\n<p><strong>Especifica\u00e7\u00f5es:<\/strong><\/p>\n<ol>\n<li>Bata cir\u00fargica refor\u00e7ada 3pcs L<\/li>\n<li>Campo para cesariana 1 pe\u00e7a 240\u00d7300\u00d7195cm<\/li>\n<li>Cobertura do suporte de maionese 1pc 145\u00d776cm<\/li>\n<li>Revestimento de mesa para costas 1 pe\u00e7a 140\u00d7190cm<\/li>\n<li>Manta para beb\u00e9 1 pe\u00e7a 60x90cm<\/li>\n<li>Toalha de m\u00e3o 4pcs 30\u00d740cm<\/li>\n<\/ol>\n<p>&nbsp;<\/p>\n","protected":false},"excerpt":{"rendered":"<ul>\n<li>O pack cir\u00fargico de cesariana \u00e9 uma solu\u00e7\u00e3o personalizada para opera\u00e7\u00f5es hospitalares. S\u00e3o embalados est\u00e9reis para poupar tempo e reduzir os custos de prepara\u00e7\u00e3o da sala de opera\u00e7\u00f5es. Cada pacote de campos cir\u00fargicos para cesariana cont\u00e9m um campo cir\u00fargico para cesariana, uma bata cir\u00fargica refor\u00e7ada, uma cobertura para a mesa de costas, uma cobertura para a mesa de mayo, etc<\/li>\n<\/ul>\n<h4>Caracter\u00edsticas<\/h4>\n<p>Material: SMS, SSMMS, SMMMS, PE+SMS, PE+PPP hidrof\u00edlico, PE+Viscose<\/p>\n<p>Tamanho: Conforme detalhes abaixo<\/p>\n<p>Cor: azul, verde<\/p>\n<p>Tipo: Consum\u00edveis m\u00e9dicos<\/p>\n<p>Embalagem: 1 unidade\/embalagem, 10 unidades\/caixa<\/p>\n<p>&nbsp;<\/p>\n","protected":false},"featured_media":5426,"template":"","meta":{"site-sidebar-layout":"default","site-content-layout":"default","ast-site-content-layout":"default","site-content-style":"default","site-sidebar-style":"default","ast-global-header-display":"","ast-banner-title-visibility":"","ast-main-header-display":"","ast-hfb-above-header-display":"","ast-hfb-below-header-display":"","ast-hfb-mobile-header-display":"","site-post-title":"","ast-breadcrumbs-content":"","ast-featured-img":"","footer-sml-layout":"","ast-disable-related-posts":"","theme-transparent-header-meta":"default","adv-header-id-meta":"","stick-header-meta":"","header-above-stick-meta":"","header-main-stick-meta":"","header-below-stick-meta":"","astra-migrate-meta-layouts":"default","ast-page-background-enabled":"default","ast-page-background-meta":{"desktop":{"background-color":"","background-image":"","background-repeat":"repeat","background-position":"center center","background-size":"auto","background-attachment":"scroll","background-type":"","background-media":"","overlay-type":"","overlay-color":"","overlay-opacity":"","overlay-gradient":""},"tablet":{"background-color":"","background-image":"","background-repeat":"repeat","background-position":"center center","background-size":"auto","background-attachment":"scroll","background-type":"","background-media":"","overlay-type":"","overlay-color":"","overlay-opacity":"","overlay-gradient":""},"mobile":{"background-color":"","background-image":"","background-repeat":"repeat","background-position":"center center","background-size":"auto","background-attachment":"scroll","background-type":"","background-media":"","overlay-type":"","overlay-color":"","overlay-opacity":"","overlay-gradient":""}},"ast-content-background-meta":{"desktop":{"background-color":"var(--ast-global-color-5)","background-image":"","background-repeat":"repeat","background-position":"center center","background-size":"auto","background-attachment":"scroll","background-type":"","background-media":"","overlay-type":"","overlay-color":"","overlay-opacity":"","overlay-gradient":""},"tablet":{"background-color":"var(--ast-global-color-5)","background-image":"","background-repeat":"repeat","background-position":"center center","background-size":"auto","background-attachment":"scroll","background-type":"","background-media":"","overlay-type":"","overlay-color":"","overlay-opacity":"","overlay-gradient":""},"mobile":{"background-color":"var(--ast-global-color-5)","background-image":"","background-repeat":"repeat","background-position":"center center","background-size":"auto","background-attachment":"scroll","background-type":"","background-media":"","overlay-type":"","overlay-color":"","overlay-opacity":"","overlay-gradient":""}}},"product_brand":[],"product_cat":[129],"product_tag":[],"class_list":{"0":"post-5611","1":"product","2":"type-product","3":"status-publish","4":"has-post-thumbnail","6":"product_cat-batas-e-campos-cirurgicos","7":"desktop-align-center","8":"tablet-align-left","9":"mobile-align-left","11":"first","12":"instock","13":"shipping-taxable","14":"product-type-simple"},"_links":{"self":[{"href":"https:\/\/medposnonwoven.com\/pt-br\/wp-json\/wp\/v2\/product\/5611","targetHints":{"allow":["GET"]}}],"collection":[{"href":"https:\/\/medposnonwoven.com\/pt-br\/wp-json\/wp\/v2\/product"}],"about":[{"href":"https:\/\/medposnonwoven.com\/pt-br\/wp-json\/wp\/v2\/types\/product"}],"wp:featuredmedia":[{"embeddable":true,"href":"https:\/\/medposnonwoven.com\/pt-br\/wp-json\/wp\/v2\/media\/5426"}],"wp:attachment":[{"href":"https:\/\/medposnonwoven.com\/pt-br\/wp-json\/wp\/v2\/media?parent=5611"}],"wp:term":[{"taxonomy":"product_brand","embeddable":true,"href":"https:\/\/medposnonwoven.com\/pt-br\/wp-json\/wp\/v2\/product_brand?post=5611"},{"taxonomy":"product_cat","embeddable":true,"href":"https:\/\/medposnonwoven.com\/pt-br\/wp-json\/wp\/v2\/product_cat?post=5611"},{"taxonomy":"product_tag","embeddable":true,"href":"https:\/\/medposnonwoven.com\/pt-br\/wp-json\/wp\/v2\/product_tag?post=5611"}],"curies":[{"name":"wp","href":"https:\/\/api.w.org\/{rel}","templated":true}]}}