{"id":5612,"date":"2023-01-17T14:22:55","date_gmt":"2023-01-17T14:22:55","guid":{"rendered":"https:\/\/medposnonwoven.com\/product\/bata-cirurgica-descartavel\/"},"modified":"2023-05-06T09:29:30","modified_gmt":"2023-05-06T09:29:30","slug":"bata-cirurgica-descartavel","status":"publish","type":"product","link":"https:\/\/medposnonwoven.com\/pt-br\/produto\/bata-cirurgica-descartavel\/","title":{"rendered":"Bata cir\u00fargica descart\u00e1vel"},"content":{"rendered":"<ul>\n<li>As batas cir\u00fargicas t\u00eam de obter uma notifica\u00e7\u00e3o pr\u00e9via \u00e0 comercializa\u00e7\u00e3o 501(k) ou cumprir a norma EN13795, uma vez que s\u00e3o classificadas como equipamento m\u00e9dico de classe II. Estas batas m\u00e9dicas de protec\u00e7\u00e3o t\u00eam de cumprir um padr\u00e3o de qualidade muito elevado, uma vez que est\u00e3o sujeitas \u00e0 regulamenta\u00e7\u00e3o da FDA nos Estados Unidos. Qualquer profissional de sa\u00fade que efectue uma cirurgia deve usar um destes aparelhos para se proteger a si pr\u00f3prio e ao doente contra a propaga\u00e7\u00e3o de bact\u00e9rias patog\u00e9nicas, fluidos corporais e outros artigos potencialmente perigosos.<\/li>\n<li>As batas cir\u00fargicas podem ser fabricadas com ou sem refor\u00e7o. As batas cir\u00fargicas sem refor\u00e7os s\u00e3o menos fi\u00e1veis e foram concebidas para opera\u00e7\u00f5es com pouco ou moderado contacto com fluidos. Para opera\u00e7\u00f5es cir\u00fargicas mais invasivas e exigentes, as batas cir\u00fargicas refor\u00e7adas proporcionam uma maior protec\u00e7\u00e3o em alguns locais cruciais.<\/li>\n<li>Desde os ombros at\u00e9 aos joelhos e pulsos, as batas cir\u00fargicas cobrem e actuam como uma barreira para estas \u00e1reas sens\u00edveis. Normalmente, s\u00e3o utilizadas mangas de encaixe ou mangas raglan para criar batas cir\u00fargicas. Existem batas cir\u00fargicas equipadas com toalhas e sem toalhas.<\/li>\n<li>O SMS \u00e9 o principal tecido utilizado nas batas descart\u00e1veis; \u00e9 macio, confort\u00e1vel e respir\u00e1vel para os m\u00e9dicos vestirem. Duas camadas de polipropileno fundido criam uma barreira microbiol\u00f3gica superior, enquanto tr\u00eas camadas de polipropileno fiado garantem uma flexibilidade e uma capacidade de cobertura excepcionais, uma resist\u00eancia \u00e0 abras\u00e3o severa e um toque de tecido.<\/li>\n<\/ul>\n<p>&nbsp;<\/p>\n","protected":false},"excerpt":{"rendered":"<ul>\n<li>Estas batas cir\u00fargicas podem proteger eficazmente os cirurgi\u00f5es de infec\u00e7\u00f5es. \u00c9 a escolha ideal em hospitais e cl\u00ednicas para cirurgia de doentes e isolamento de fluidos.<\/li>\n<li>Amplamente utilizado por cirurgi\u00f5es durante a cirurgia hospitalar, tratamento de pacientes. qualquer local onde seja necess\u00e1ria protec\u00e7\u00e3o para evitar sangue, bact\u00e9rias e v\u00edrus.<\/li>\n<\/ul>\n<h4>Caracter\u00edsticas<\/h4>\n<p>Material: Polipropileno SMS\/SMMS\/SSMMS<\/p>\n<p>Tamanho: 120x140cm, 130x150cm ou personalizado<\/p>\n<p>Cor: azul, verde<\/p>\n<p>Tipo: Com fecho de correr ou velcro. Embalagem n\u00e3o est\u00e9ril ou est\u00e9ril<\/p>\n<p>Embalagem: 1 pcs\/saco, 100 sacos\/caixa<\/p>\n<p>&nbsp;<\/p>\n","protected":false},"featured_media":5414,"template":"","meta":{"site-sidebar-layout":"default","site-content-layout":"default","ast-site-content-layout":"default","site-content-style":"default","site-sidebar-style":"default","ast-global-header-display":"","ast-banner-title-visibility":"","ast-main-header-display":"","ast-hfb-above-header-display":"","ast-hfb-below-header-display":"","ast-hfb-mobile-header-display":"","site-post-title":"","ast-breadcrumbs-content":"","ast-featured-img":"","footer-sml-layout":"","ast-disable-related-posts":"","theme-transparent-header-meta":"default","adv-header-id-meta":"","stick-header-meta":"","header-above-stick-meta":"","header-main-stick-meta":"","header-below-stick-meta":"","astra-migrate-meta-layouts":"default","ast-page-background-enabled":"default","ast-page-background-meta":{"desktop":{"background-color":"","background-image":"","background-repeat":"repeat","background-position":"center center","background-size":"auto","background-attachment":"scroll","background-type":"","background-media":"","overlay-type":"","overlay-color":"","overlay-opacity":"","overlay-gradient":""},"tablet":{"background-color":"","background-image":"","background-repeat":"repeat","background-position":"center center","background-size":"auto","background-attachment":"scroll","background-type":"","background-media":"","overlay-type":"","overlay-color":"","overlay-opacity":"","overlay-gradient":""},"mobile":{"background-color":"","background-image":"","background-repeat":"repeat","background-position":"center center","background-size":"auto","background-attachment":"scroll","background-type":"","background-media":"","overlay-type":"","overlay-color":"","overlay-opacity":"","overlay-gradient":""}},"ast-content-background-meta":{"desktop":{"background-color":"var(--ast-global-color-5)","background-image":"","background-repeat":"repeat","background-position":"center center","background-size":"auto","background-attachment":"scroll","background-type":"","background-media":"","overlay-type":"","overlay-color":"","overlay-opacity":"","overlay-gradient":""},"tablet":{"background-color":"var(--ast-global-color-5)","background-image":"","background-repeat":"repeat","background-position":"center center","background-size":"auto","background-attachment":"scroll","background-type":"","background-media":"","overlay-type":"","overlay-color":"","overlay-opacity":"","overlay-gradient":""},"mobile":{"background-color":"var(--ast-global-color-5)","background-image":"","background-repeat":"repeat","background-position":"center center","background-size":"auto","background-attachment":"scroll","background-type":"","background-media":"","overlay-type":"","overlay-color":"","overlay-opacity":"","overlay-gradient":""}}},"product_brand":[],"product_cat":[129],"product_tag":[],"class_list":{"0":"post-5612","1":"product","2":"type-product","3":"status-publish","4":"has-post-thumbnail","6":"product_cat-batas-e-campos-cirurgicos","7":"desktop-align-center","8":"tablet-align-left","9":"mobile-align-left","11":"first","12":"instock","13":"shipping-taxable","14":"product-type-simple"},"_links":{"self":[{"href":"https:\/\/medposnonwoven.com\/pt-br\/wp-json\/wp\/v2\/product\/5612","targetHints":{"allow":["GET"]}}],"collection":[{"href":"https:\/\/medposnonwoven.com\/pt-br\/wp-json\/wp\/v2\/product"}],"about":[{"href":"https:\/\/medposnonwoven.com\/pt-br\/wp-json\/wp\/v2\/types\/product"}],"wp:featuredmedia":[{"embeddable":true,"href":"https:\/\/medposnonwoven.com\/pt-br\/wp-json\/wp\/v2\/media\/5414"}],"wp:attachment":[{"href":"https:\/\/medposnonwoven.com\/pt-br\/wp-json\/wp\/v2\/media?parent=5612"}],"wp:term":[{"taxonomy":"product_brand","embeddable":true,"href":"https:\/\/medposnonwoven.com\/pt-br\/wp-json\/wp\/v2\/product_brand?post=5612"},{"taxonomy":"product_cat","embeddable":true,"href":"https:\/\/medposnonwoven.com\/pt-br\/wp-json\/wp\/v2\/product_cat?post=5612"},{"taxonomy":"product_tag","embeddable":true,"href":"https:\/\/medposnonwoven.com\/pt-br\/wp-json\/wp\/v2\/product_tag?post=5612"}],"curies":[{"name":"wp","href":"https:\/\/api.w.org\/{rel}","templated":true}]}}