{"id":5613,"date":"2023-01-18T12:54:34","date_gmt":"2023-01-18T12:54:34","guid":{"rendered":"https:\/\/medposnonwoven.com\/product\/tecido-nao-tecido-sms\/"},"modified":"2023-05-06T09:15:13","modified_gmt":"2023-05-06T09:15:13","slug":"tecido-nao-tecido-sms","status":"publish","type":"product","link":"https:\/\/medposnonwoven.com\/pt-br\/produto\/tecido-nao-tecido-sms\/","title":{"rendered":"Tecido n\u00e3o tecido SMS"},"content":{"rendered":"<ul>\n<li>O tecido SMS \u00e9 um tecido n\u00e3o tecido composto por tr\u00eas camadas de spunbond-meltblown-spunbon. O chamado SMS de um s\u00f3 passo pode ser produzido utilizando equipamento de spunbond e meltblowing na mesma linha de produ\u00e7\u00e3o, gra\u00e7as ao processo de composi\u00e7\u00e3o em linha. O primeiro filamento da fieira spunbond forma a primeira camada de fibra na mesma linha de fabrico, seguido de uma segunda fieira spunbond que gera uma segunda camada de mantas atrav\u00e9s da fieira meltblown e, finalmente, uma terceira fieira spunbond que forma uma terceira camada de mantas. Em seguida, um laminador a quente \u00e9 utilizado para unir a teia de tr\u00eas camadas e a m\u00e1quina de enrolamento \u00e9 utilizada para criar o tecido n\u00e3o tecido SMS.<\/li>\n<li>Quando o conte\u00fado de SMS \u00e9 produzido, tem excelentes propriedades de repel\u00eancia \u00e0 \u00e1gua. Esta \u00e9 a raz\u00e3o pela qual os produtores optam por empregar o material SMS em artigos como m\u00e1scaras faciais, pensos higi\u00e9nicos, fraldas para beb\u00e9s e fatos de limpeza. Al\u00e9m disso, \u00e9 utilizado para roupa de cama, chap\u00e9us e outros artigos m\u00e9dicos. O SMS pode ser tratado com tratamentos anti-\u00e1lcool, anti-sangue, anti-\u00f3leo, anti-est\u00e1tico, anti-bacteriano, anti-envelhecimento e outros para se destacar numa variedade de aplica\u00e7\u00f5es.<\/li>\n<\/ul>\n<p>&nbsp;<\/p>\n","protected":false},"excerpt":{"rendered":"<ul>\n<li>Este tecido Spunmelt \u00e9 fabricado em 100% polipropileno. Resistente a altas temperaturas, anti-envelhecimento, elevado alongamento, respir\u00e1vel, resistente \u00e0 corros\u00e3o, isolamento ac\u00fastico, \u00e0 prova de tra\u00e7a, n\u00e3o t\u00f3xico. Sensa\u00e7\u00e3o de suavidade, amigo do ambiente, recicl\u00e1vel. Boa resist\u00eancia e alongamento.<\/li>\n<li>Amplamente utilizado para medicina, agricultura, mobili\u00e1rio, sacos, material de embalagem, autom\u00f3veis, cal\u00e7ado, vestu\u00e1rio, t\u00eaxteis-lar, higiene, ind\u00fastria, etc.<\/li>\n<\/ul>\n<h4>Caracter\u00edsticas<\/h4>\n<p>Material: Polipropileno<\/p>\n<p>Tamanho: 10-320cm<\/p>\n<p>Cor: azul, verde, branco<\/p>\n<p>Tipo: SMS\/SMMS\/SSMMS<\/p>\n<p>Embalagem: Como pedido<\/p>\n<p>&nbsp;<\/p>\n","protected":false},"featured_media":5441,"template":"","meta":{"site-sidebar-layout":"default","site-content-layout":"default","ast-site-content-layout":"default","site-content-style":"default","site-sidebar-style":"default","ast-global-header-display":"","ast-banner-title-visibility":"","ast-main-header-display":"","ast-hfb-above-header-display":"","ast-hfb-below-header-display":"","ast-hfb-mobile-header-display":"","site-post-title":"","ast-breadcrumbs-content":"","ast-featured-img":"","footer-sml-layout":"","ast-disable-related-posts":"","theme-transparent-header-meta":"default","adv-header-id-meta":"","stick-header-meta":"","header-above-stick-meta":"","header-main-stick-meta":"","header-below-stick-meta":"","astra-migrate-meta-layouts":"default","ast-page-background-enabled":"default","ast-page-background-meta":{"desktop":{"background-color":"","background-image":"","background-repeat":"repeat","background-position":"center center","background-size":"auto","background-attachment":"scroll","background-type":"","background-media":"","overlay-type":"","overlay-color":"","overlay-opacity":"","overlay-gradient":""},"tablet":{"background-color":"","background-image":"","background-repeat":"repeat","background-position":"center center","background-size":"auto","background-attachment":"scroll","background-type":"","background-media":"","overlay-type":"","overlay-color":"","overlay-opacity":"","overlay-gradient":""},"mobile":{"background-color":"","background-image":"","background-repeat":"repeat","background-position":"center center","background-size":"auto","background-attachment":"scroll","background-type":"","background-media":"","overlay-type":"","overlay-color":"","overlay-opacity":"","overlay-gradient":""}},"ast-content-background-meta":{"desktop":{"background-color":"var(--ast-global-color-5)","background-image":"","background-repeat":"repeat","background-position":"center center","background-size":"auto","background-attachment":"scroll","background-type":"","background-media":"","overlay-type":"","overlay-color":"","overlay-opacity":"","overlay-gradient":""},"tablet":{"background-color":"var(--ast-global-color-5)","background-image":"","background-repeat":"repeat","background-position":"center center","background-size":"auto","background-attachment":"scroll","background-type":"","background-media":"","overlay-type":"","overlay-color":"","overlay-opacity":"","overlay-gradient":""},"mobile":{"background-color":"var(--ast-global-color-5)","background-image":"","background-repeat":"repeat","background-position":"center center","background-size":"auto","background-attachment":"scroll","background-type":"","background-media":"","overlay-type":"","overlay-color":"","overlay-opacity":"","overlay-gradient":""}}},"product_brand":[],"product_cat":[131],"product_tag":[],"class_list":{"0":"post-5613","1":"product","2":"type-product","3":"status-publish","4":"has-post-thumbnail","6":"product_cat-tecidos-nao-tecidos","7":"desktop-align-center","8":"tablet-align-left","9":"mobile-align-left","11":"first","12":"instock","13":"shipping-taxable","14":"product-type-simple"},"_links":{"self":[{"href":"https:\/\/medposnonwoven.com\/pt-br\/wp-json\/wp\/v2\/product\/5613","targetHints":{"allow":["GET"]}}],"collection":[{"href":"https:\/\/medposnonwoven.com\/pt-br\/wp-json\/wp\/v2\/product"}],"about":[{"href":"https:\/\/medposnonwoven.com\/pt-br\/wp-json\/wp\/v2\/types\/product"}],"wp:featuredmedia":[{"embeddable":true,"href":"https:\/\/medposnonwoven.com\/pt-br\/wp-json\/wp\/v2\/media\/5441"}],"wp:attachment":[{"href":"https:\/\/medposnonwoven.com\/pt-br\/wp-json\/wp\/v2\/media?parent=5613"}],"wp:term":[{"taxonomy":"product_brand","embeddable":true,"href":"https:\/\/medposnonwoven.com\/pt-br\/wp-json\/wp\/v2\/product_brand?post=5613"},{"taxonomy":"product_cat","embeddable":true,"href":"https:\/\/medposnonwoven.com\/pt-br\/wp-json\/wp\/v2\/product_cat?post=5613"},{"taxonomy":"product_tag","embeddable":true,"href":"https:\/\/medposnonwoven.com\/pt-br\/wp-json\/wp\/v2\/product_tag?post=5613"}],"curies":[{"name":"wp","href":"https:\/\/api.w.org\/{rel}","templated":true}]}}