{"id":5614,"date":"2023-01-16T14:43:25","date_gmt":"2023-01-16T14:43:25","guid":{"rendered":"https:\/\/medposnonwoven.com\/product\/tanga-descartavel\/"},"modified":"2023-05-06T09:42:16","modified_gmt":"2023-05-06T09:42:16","slug":"tanga-descartavel","status":"publish","type":"product","link":"https:\/\/medposnonwoven.com\/pt-br\/produto\/tanga-descartavel\/","title":{"rendered":"Tanga descart\u00e1vel"},"content":{"rendered":"<ul>\n<li>Para quem procura roupa interior confort\u00e1vel e moderna, as tangas descart\u00e1veis s\u00e3o uma solu\u00e7\u00e3o pr\u00e1tica e higi\u00e9nica. T\u00eam um ajuste agrad\u00e1vel, uma vez que s\u00e3o compostos por materiais finos e absorventes, como os t\u00eaxteis n\u00e3o tecidos. De estilo simples, t\u00eam uma cintura baixa e al\u00e7as curtas, quase impercept\u00edveis, <span data-offset-key=\"bmir6-1166-0\">que<\/span><span data-offset-key=\"bmir6-1167-0\"> proporcionam<\/span> uma<span data-offset-key=\"bmir6-1169-0\"> cobertura<\/span><span data-offset-key=\"bmir6-1168-0\"> m\u00ednima<\/span>.<\/li>\n<li>A roupa interior descart\u00e1vel \u00e9 um tipo de roupa interior que \u00e9 usada uma vez e depois deitada fora. Estas cuecas podem ser feitas de uma variedade de materiais, mas os mais comuns s\u00e3o os materiais leves e absorventes, como os t\u00eaxteis n\u00e3o tecidos, a celulose ou uma mistura dos dois. Destinam-se essencialmente a ser usados durante um curto per\u00edodo de tempo, frequentemente apenas algumas horas, sendo depois retirados e deitados fora. Algumas cuecas descart\u00e1veis podem ser pr\u00e9-humedecidas para maior conforto e s\u00e3o frequentemente embaladas em inv\u00f3lucros individuais para facilitar o transporte e a utiliza\u00e7\u00e3o. S\u00e3o frequentemente utilizadas em situa\u00e7\u00f5es em que a roupa interior tradicional n\u00e3o \u00e9 pr\u00e1tica, como em viagens, incontin\u00eancia ou recupera\u00e7\u00e3o ap\u00f3s uma cirurgia.<\/li>\n<\/ul>\n<p>&nbsp;<\/p>\n","protected":false},"excerpt":{"rendered":"<ul>\n<li>As cuecas fio dental descart\u00e1veis s\u00e3o feitas de tecido n\u00e3o tecido, que \u00e9 muito macio, agrad\u00e1vel \u00e0 pele e respir\u00e1vel. Por raz\u00f5es de higiene, cada tanga \u00e9 embalada separadamente em poli\u00e9ster. Pequena e leve para f\u00e1cil arruma\u00e7\u00e3o e desloca\u00e7\u00e3o.<\/li>\n<li>Amplamente utilizado em bronzeamento, spas, sal\u00f5es de beleza, massagens, cl\u00ednicas, tatuagens, saunas, hospitais, hot\u00e9is, viagens, uso di\u00e1rio, etc.<\/li>\n<\/ul>\n<h4>Caracter\u00edsticas<\/h4>\n<p>Material: Polipropileno Spunbond<\/p>\n<p>Tamanho: S,M,L<\/p>\n<p>Cor: preto, branco, azul escuro<\/p>\n<p>Tipo: Fio el\u00e1stico<\/p>\n<p>Embalagem: 6 unidades\/embalagem, 100 embalagens\/caixa<\/p>\n<p>&nbsp;<\/p>\n<p>&nbsp;<\/p>\n","protected":false},"featured_media":5400,"template":"","meta":{"site-sidebar-layout":"default","site-content-layout":"default","ast-site-content-layout":"default","site-content-style":"default","site-sidebar-style":"default","ast-global-header-display":"","ast-banner-title-visibility":"","ast-main-header-display":"","ast-hfb-above-header-display":"","ast-hfb-below-header-display":"","ast-hfb-mobile-header-display":"","site-post-title":"","ast-breadcrumbs-content":"","ast-featured-img":"","footer-sml-layout":"","ast-disable-related-posts":"","theme-transparent-header-meta":"default","adv-header-id-meta":"","stick-header-meta":"","header-above-stick-meta":"","header-main-stick-meta":"","header-below-stick-meta":"","astra-migrate-meta-layouts":"default","ast-page-background-enabled":"default","ast-page-background-meta":{"desktop":{"background-color":"","background-image":"","background-repeat":"repeat","background-position":"center center","background-size":"auto","background-attachment":"scroll","background-type":"","background-media":"","overlay-type":"","overlay-color":"","overlay-opacity":"","overlay-gradient":""},"tablet":{"background-color":"","background-image":"","background-repeat":"repeat","background-position":"center center","background-size":"auto","background-attachment":"scroll","background-type":"","background-media":"","overlay-type":"","overlay-color":"","overlay-opacity":"","overlay-gradient":""},"mobile":{"background-color":"","background-image":"","background-repeat":"repeat","background-position":"center center","background-size":"auto","background-attachment":"scroll","background-type":"","background-media":"","overlay-type":"","overlay-color":"","overlay-opacity":"","overlay-gradient":""}},"ast-content-background-meta":{"desktop":{"background-color":"var(--ast-global-color-5)","background-image":"","background-repeat":"repeat","background-position":"center center","background-size":"auto","background-attachment":"scroll","background-type":"","background-media":"","overlay-type":"","overlay-color":"","overlay-opacity":"","overlay-gradient":""},"tablet":{"background-color":"var(--ast-global-color-5)","background-image":"","background-repeat":"repeat","background-position":"center center","background-size":"auto","background-attachment":"scroll","background-type":"","background-media":"","overlay-type":"","overlay-color":"","overlay-opacity":"","overlay-gradient":""},"mobile":{"background-color":"var(--ast-global-color-5)","background-image":"","background-repeat":"repeat","background-position":"center center","background-size":"auto","background-attachment":"scroll","background-type":"","background-media":"","overlay-type":"","overlay-color":"","overlay-opacity":"","overlay-gradient":""}}},"product_brand":[],"product_cat":[132],"product_tag":[],"class_list":{"0":"post-5614","1":"product","2":"type-product","3":"status-publish","4":"has-post-thumbnail","6":"product_cat-descartaveis-para-spa-e-beleza","7":"desktop-align-center","8":"tablet-align-left","9":"mobile-align-left","11":"first","12":"instock","13":"shipping-taxable","14":"product-type-simple"},"_links":{"self":[{"href":"https:\/\/medposnonwoven.com\/pt-br\/wp-json\/wp\/v2\/product\/5614","targetHints":{"allow":["GET"]}}],"collection":[{"href":"https:\/\/medposnonwoven.com\/pt-br\/wp-json\/wp\/v2\/product"}],"about":[{"href":"https:\/\/medposnonwoven.com\/pt-br\/wp-json\/wp\/v2\/types\/product"}],"wp:featuredmedia":[{"embeddable":true,"href":"https:\/\/medposnonwoven.com\/pt-br\/wp-json\/wp\/v2\/media\/5400"}],"wp:attachment":[{"href":"https:\/\/medposnonwoven.com\/pt-br\/wp-json\/wp\/v2\/media?parent=5614"}],"wp:term":[{"taxonomy":"product_brand","embeddable":true,"href":"https:\/\/medposnonwoven.com\/pt-br\/wp-json\/wp\/v2\/product_brand?post=5614"},{"taxonomy":"product_cat","embeddable":true,"href":"https:\/\/medposnonwoven.com\/pt-br\/wp-json\/wp\/v2\/product_cat?post=5614"},{"taxonomy":"product_tag","embeddable":true,"href":"https:\/\/medposnonwoven.com\/pt-br\/wp-json\/wp\/v2\/product_tag?post=5614"}],"curies":[{"name":"wp","href":"https:\/\/api.w.org\/{rel}","templated":true}]}}