{"id":5617,"date":"2023-01-18T09:51:40","date_gmt":"2023-01-18T09:51:40","guid":{"rendered":"https:\/\/medposnonwoven.com\/product\/tecido-nao-tecido-spunbond\/"},"modified":"2023-05-06T09:15:32","modified_gmt":"2023-05-06T09:15:32","slug":"tecido-nao-tecido-spunbond","status":"publish","type":"product","link":"https:\/\/medposnonwoven.com\/pt-br\/produto\/tecido-nao-tecido-spunbond\/","title":{"rendered":"Tecido n\u00e3o tecido Spunbond"},"content":{"rendered":"<ul>\n<li>Os tecidos n\u00e3o tecidos Spunbond s\u00e3o criados atrav\u00e9s do processo cont\u00ednuo de fia\u00e7\u00e3o de fibras, que s\u00e3o depois guiadas com correntes de ar ou imediatamente dispersas numa estrutura semelhante a uma teia. O resultado desta t\u00e9cnica \u00e9 uma maior velocidade da correia. Estes s\u00e3o frequentemente criados em estruturas de folha ou de teia que s\u00e3o unidas por fibras ou filamentos emaranhados utilizando tratamentos t\u00e9rmicos ou qu\u00edmicos, dependendo do que o fabricante ou fornecedor de tecido spunbond especificar.<\/li>\n<li>O tecido n\u00e3o tecido de polipropileno \u00e9 fabricado a partir de pol\u00edmeros termopl\u00e1sticos como o PP ou o polipropileno, mas foi concebido para se assemelhar a um tecido n\u00e3o tecido. \u00c9 utilizado principalmente em sacos n\u00e3o tecidos, entretelas, fatos-macaco para profissionais de sa\u00fade, m\u00e1scaras, filtros, etc. \u00c9 cada vez mais apreciado nos sectores da moda e da sa\u00fade.<\/li>\n<\/ul>\n<p>&nbsp;<\/p>\n","protected":false},"excerpt":{"rendered":"<ul>\n<li>Este Spunbond \u00e9 fabricado em 100% polipropileno. Resistente a altas temperaturas, anti-envelhecimento, elevado alongamento, respir\u00e1vel, resistente \u00e0 corros\u00e3o, isolamento ac\u00fastico, \u00e0 prova de tra\u00e7a, n\u00e3o t\u00f3xico. Sensa\u00e7\u00e3o de suavidade, amigo do ambiente, recicl\u00e1vel, respir\u00e1vel. Boa resist\u00eancia e alongamento.<\/li>\n<li>Amplamente utilizado na agricultura, mobili\u00e1rio, sacos, material de embalagem, autom\u00f3veis, cal\u00e7ado, vestu\u00e1rio, t\u00eaxteis-lar, hospital, higiene, ind\u00fastria, etc.<\/li>\n<\/ul>\n<h4>Caracter\u00edsticas<\/h4>\n<p>Material: Polipropileno<\/p>\n<p>Tamanho: 10-320cm<\/p>\n<p>Cor: azul, verde, branco<\/p>\n<p>Tipo:S\/SS\/SSS, hidrof\u00edlico ou hidrof\u00f3bico<\/p>\n<p>Embalagem: Como pedido<\/p>\n<p>&nbsp;<\/p>\n","protected":false},"featured_media":5437,"template":"","meta":{"site-sidebar-layout":"default","site-content-layout":"default","ast-site-content-layout":"default","site-content-style":"default","site-sidebar-style":"default","ast-global-header-display":"","ast-banner-title-visibility":"","ast-main-header-display":"","ast-hfb-above-header-display":"","ast-hfb-below-header-display":"","ast-hfb-mobile-header-display":"","site-post-title":"","ast-breadcrumbs-content":"","ast-featured-img":"","footer-sml-layout":"","ast-disable-related-posts":"","theme-transparent-header-meta":"default","adv-header-id-meta":"","stick-header-meta":"","header-above-stick-meta":"","header-main-stick-meta":"","header-below-stick-meta":"","astra-migrate-meta-layouts":"default","ast-page-background-enabled":"default","ast-page-background-meta":{"desktop":{"background-color":"","background-image":"","background-repeat":"repeat","background-position":"center center","background-size":"auto","background-attachment":"scroll","background-type":"","background-media":"","overlay-type":"","overlay-color":"","overlay-opacity":"","overlay-gradient":""},"tablet":{"background-color":"","background-image":"","background-repeat":"repeat","background-position":"center center","background-size":"auto","background-attachment":"scroll","background-type":"","background-media":"","overlay-type":"","overlay-color":"","overlay-opacity":"","overlay-gradient":""},"mobile":{"background-color":"","background-image":"","background-repeat":"repeat","background-position":"center center","background-size":"auto","background-attachment":"scroll","background-type":"","background-media":"","overlay-type":"","overlay-color":"","overlay-opacity":"","overlay-gradient":""}},"ast-content-background-meta":{"desktop":{"background-color":"var(--ast-global-color-5)","background-image":"","background-repeat":"repeat","background-position":"center center","background-size":"auto","background-attachment":"scroll","background-type":"","background-media":"","overlay-type":"","overlay-color":"","overlay-opacity":"","overlay-gradient":""},"tablet":{"background-color":"var(--ast-global-color-5)","background-image":"","background-repeat":"repeat","background-position":"center center","background-size":"auto","background-attachment":"scroll","background-type":"","background-media":"","overlay-type":"","overlay-color":"","overlay-opacity":"","overlay-gradient":""},"mobile":{"background-color":"var(--ast-global-color-5)","background-image":"","background-repeat":"repeat","background-position":"center center","background-size":"auto","background-attachment":"scroll","background-type":"","background-media":"","overlay-type":"","overlay-color":"","overlay-opacity":"","overlay-gradient":""}}},"product_brand":[],"product_cat":[131],"product_tag":[],"class_list":{"0":"post-5617","1":"product","2":"type-product","3":"status-publish","4":"has-post-thumbnail","6":"product_cat-tecidos-nao-tecidos","7":"desktop-align-center","8":"tablet-align-left","9":"mobile-align-left","11":"first","12":"instock","13":"shipping-taxable","14":"product-type-simple"},"_links":{"self":[{"href":"https:\/\/medposnonwoven.com\/pt-br\/wp-json\/wp\/v2\/product\/5617","targetHints":{"allow":["GET"]}}],"collection":[{"href":"https:\/\/medposnonwoven.com\/pt-br\/wp-json\/wp\/v2\/product"}],"about":[{"href":"https:\/\/medposnonwoven.com\/pt-br\/wp-json\/wp\/v2\/types\/product"}],"wp:featuredmedia":[{"embeddable":true,"href":"https:\/\/medposnonwoven.com\/pt-br\/wp-json\/wp\/v2\/media\/5437"}],"wp:attachment":[{"href":"https:\/\/medposnonwoven.com\/pt-br\/wp-json\/wp\/v2\/media?parent=5617"}],"wp:term":[{"taxonomy":"product_brand","embeddable":true,"href":"https:\/\/medposnonwoven.com\/pt-br\/wp-json\/wp\/v2\/product_brand?post=5617"},{"taxonomy":"product_cat","embeddable":true,"href":"https:\/\/medposnonwoven.com\/pt-br\/wp-json\/wp\/v2\/product_cat?post=5617"},{"taxonomy":"product_tag","embeddable":true,"href":"https:\/\/medposnonwoven.com\/pt-br\/wp-json\/wp\/v2\/product_tag?post=5617"}],"curies":[{"name":"wp","href":"https:\/\/api.w.org\/{rel}","templated":true}]}}