{"id":5618,"date":"2023-01-16T16:12:08","date_gmt":"2023-01-16T16:12:08","guid":{"rendered":"https:\/\/medposnonwoven.com\/product\/kimono-descartavel\/"},"modified":"2023-05-06T09:35:44","modified_gmt":"2023-05-06T09:35:44","slug":"kimono-descartavel","status":"publish","type":"product","link":"https:\/\/medposnonwoven.com\/pt-br\/produto\/kimono-descartavel\/","title":{"rendered":"Kimono descart\u00e1vel"},"content":{"rendered":"<ul>\n<li>Quem procura uma roupa elegante e acolhedora pode optar por quimonos descart\u00e1veis. T\u00eam um ajuste agrad\u00e1vel, uma vez que s\u00e3o compostos por materiais leves e imperme\u00e1veis, como os tecidos n\u00e3o tecidos. A facilidade com que os quimonos descart\u00e1veis podem ser deitados fora ap\u00f3s a sua utiliza\u00e7\u00e3o torna-os uma op\u00e7\u00e3o fant\u00e1stica para hot\u00e9is, spas e sal\u00f5es de beleza. Podem tamb\u00e9m ser utilizados para dar mais calor e cobertura noutros locais, como consult\u00f3rios m\u00e9dicos. Os quimonos que podem ser usados uma vez e depois deitados fora s\u00e3o uma solu\u00e7\u00e3o pr\u00e1tica e higi\u00e9nica. S\u00e3o uma \u00f3ptima op\u00e7\u00e3o para as pessoas que procuram uma escolha barata e pr\u00e1tica, porque tamb\u00e9m s\u00e3o baratos e simples de guardar. Adicionalmente, <span data-offset-key=\"1c4j5-702-0\">descart\u00e1veis<\/span><span data-offset-key=\"1c4j5-703-0\"> k<\/span><span data-offset-key=\"1c4j5-704-0\">im\u00e3o<\/span><span data-offset-key=\"1c4j5-705-0\">os<\/span><span data-offset-key=\"1c4j5-706-0\"> s\u00e3o<\/span><span data-offset-key=\"1c4j5-707-0\"> a<\/span><span data-offset-key=\"1c4j5-708-0\"> \u00f3ptimo<\/span><span data-offset-key=\"1c4j5-709-0\"> forma<\/span><span data-offset-key=\"1c4j5-710-0\"> para<\/span><span data-offset-key=\"1c4j5-711-0\"> assegurar<\/span><span data-offset-key=\"1c4j5-712-0\"> que<\/span><span data-offset-key=\"1c4j5-713-0\"> cada<\/span><span data-offset-key=\"1c4j5-714-0\"> cliente<\/span><span data-offset-key=\"1c4j5-715-0\"> \u00e9<\/span><span data-offset-key=\"1c4j5-716-0\"> fornecido<\/span><span data-offset-key=\"1c4j5-717-0\"> com<\/span><span data-offset-key=\"1c4j5-718-0\"> a<\/span><span data-offset-key=\"1c4j5-719-0\"> fresco<\/span><span data-offset-key=\"1c4j5-720-0\">,<\/span><span data-offset-key=\"1c4j5-721-0\"> limpo<\/span><span data-offset-key=\"1c4j5-722-0\"> vestu\u00e1rio<\/span><span data-offset-key=\"1c4j5-723-0\"> ap\u00f3s<\/span><span data-offset-key=\"1c4j5-724-0\"> cada<\/span><span data-offset-key=\"1c4j5-725-0\"> utiliza\u00e7\u00e3o<\/span><span data-offset-key=\"1c4j5-726-0\">.<\/span><\/li>\n<li>O tecido n\u00e3o tecido leve e de alta qualidade utilizado para fabricar este roup\u00e3o de spa descart\u00e1vel oferece durabilidade e utiliza\u00e7\u00e3o duradoura. Esta corda \u00e9 confort\u00e1vel ao toque e seca rapidamente. O seu tamanho vers\u00e1til permite satisfazer as necessidades da maioria das pessoas; \u00e9 aconchegante mas eficaz como toalha para a sua sess\u00e3o de SPA ou depois de usar a casa de banho, quando quer ter uma boa apar\u00eancia mas tamb\u00e9m se sentir confort\u00e1vel.<\/li>\n<\/ul>\n<p>&nbsp;<\/p>\n","protected":false},"excerpt":{"rendered":"<ul>\n<li>Suave ao tacto, confort\u00e1vel e livre de alergias cut\u00e2neas; fabricado em tecido n\u00e3o tecido. Usar este quimono far\u00e1 com que at\u00e9 as pessoas com pele delicada se sintam suaves e macias.<\/li>\n<li>Muito utilizado em SPA, gin\u00e1sio, piscina, sauna, viagens e outros tempos livres.<\/li>\n<\/ul>\n<h4>Caracter\u00edsticas<\/h4>\n<p>Material: Polipropileno Spunbond<\/p>\n<p>Tamanho: S,M,L<\/p>\n<p>Cor: preto, branco, azul escuro<\/p>\n<p>Tipo:Com um cinto para atar<\/p>\n<p>Embalagem: 1 unidade\/embalagem, 10 embalagens\/saco, 10 sacos\/caixa de cart\u00e3o<\/p>\n<p>&nbsp;<\/p>\n<p>&nbsp;<\/p>\n","protected":false},"featured_media":5407,"template":"","meta":{"site-sidebar-layout":"default","site-content-layout":"default","ast-site-content-layout":"default","site-content-style":"default","site-sidebar-style":"default","ast-global-header-display":"","ast-banner-title-visibility":"","ast-main-header-display":"","ast-hfb-above-header-display":"","ast-hfb-below-header-display":"","ast-hfb-mobile-header-display":"","site-post-title":"","ast-breadcrumbs-content":"","ast-featured-img":"","footer-sml-layout":"","ast-disable-related-posts":"","theme-transparent-header-meta":"default","adv-header-id-meta":"","stick-header-meta":"","header-above-stick-meta":"","header-main-stick-meta":"","header-below-stick-meta":"","astra-migrate-meta-layouts":"default","ast-page-background-enabled":"default","ast-page-background-meta":{"desktop":{"background-color":"","background-image":"","background-repeat":"repeat","background-position":"center center","background-size":"auto","background-attachment":"scroll","background-type":"","background-media":"","overlay-type":"","overlay-color":"","overlay-opacity":"","overlay-gradient":""},"tablet":{"background-color":"","background-image":"","background-repeat":"repeat","background-position":"center center","background-size":"auto","background-attachment":"scroll","background-type":"","background-media":"","overlay-type":"","overlay-color":"","overlay-opacity":"","overlay-gradient":""},"mobile":{"background-color":"","background-image":"","background-repeat":"repeat","background-position":"center center","background-size":"auto","background-attachment":"scroll","background-type":"","background-media":"","overlay-type":"","overlay-color":"","overlay-opacity":"","overlay-gradient":""}},"ast-content-background-meta":{"desktop":{"background-color":"var(--ast-global-color-5)","background-image":"","background-repeat":"repeat","background-position":"center center","background-size":"auto","background-attachment":"scroll","background-type":"","background-media":"","overlay-type":"","overlay-color":"","overlay-opacity":"","overlay-gradient":""},"tablet":{"background-color":"var(--ast-global-color-5)","background-image":"","background-repeat":"repeat","background-position":"center center","background-size":"auto","background-attachment":"scroll","background-type":"","background-media":"","overlay-type":"","overlay-color":"","overlay-opacity":"","overlay-gradient":""},"mobile":{"background-color":"var(--ast-global-color-5)","background-image":"","background-repeat":"repeat","background-position":"center center","background-size":"auto","background-attachment":"scroll","background-type":"","background-media":"","overlay-type":"","overlay-color":"","overlay-opacity":"","overlay-gradient":""}}},"product_brand":[],"product_cat":[132],"product_tag":[],"class_list":{"0":"post-5618","1":"product","2":"type-product","3":"status-publish","4":"has-post-thumbnail","6":"product_cat-descartaveis-para-spa-e-beleza","7":"desktop-align-center","8":"tablet-align-left","9":"mobile-align-left","11":"first","12":"instock","13":"shipping-taxable","14":"product-type-simple"},"_links":{"self":[{"href":"https:\/\/medposnonwoven.com\/pt-br\/wp-json\/wp\/v2\/product\/5618","targetHints":{"allow":["GET"]}}],"collection":[{"href":"https:\/\/medposnonwoven.com\/pt-br\/wp-json\/wp\/v2\/product"}],"about":[{"href":"https:\/\/medposnonwoven.com\/pt-br\/wp-json\/wp\/v2\/types\/product"}],"wp:featuredmedia":[{"embeddable":true,"href":"https:\/\/medposnonwoven.com\/pt-br\/wp-json\/wp\/v2\/media\/5407"}],"wp:attachment":[{"href":"https:\/\/medposnonwoven.com\/pt-br\/wp-json\/wp\/v2\/media?parent=5618"}],"wp:term":[{"taxonomy":"product_brand","embeddable":true,"href":"https:\/\/medposnonwoven.com\/pt-br\/wp-json\/wp\/v2\/product_brand?post=5618"},{"taxonomy":"product_cat","embeddable":true,"href":"https:\/\/medposnonwoven.com\/pt-br\/wp-json\/wp\/v2\/product_cat?post=5618"},{"taxonomy":"product_tag","embeddable":true,"href":"https:\/\/medposnonwoven.com\/pt-br\/wp-json\/wp\/v2\/product_tag?post=5618"}],"curies":[{"name":"wp","href":"https:\/\/api.w.org\/{rel}","templated":true}]}}