{"id":5619,"date":"2023-01-15T16:41:06","date_gmt":"2023-01-15T16:41:06","guid":{"rendered":"https:\/\/medposnonwoven.com\/product\/rolos-de-cama-de-papel-de-exame-descartavel\/"},"modified":"2023-05-06T09:48:21","modified_gmt":"2023-05-06T09:48:21","slug":"rolos-de-cama-de-papel-de-exame-descartavel","status":"publish","type":"product","link":"https:\/\/medposnonwoven.com\/pt-br\/produto\/rolos-de-cama-de-papel-de-exame-descartavel\/","title":{"rendered":"Rolos de cama de papel de exame descart\u00e1vel"},"content":{"rendered":"<ul>\n<li>Os nossos rolos de len\u00e7\u00f3is laminados de papel e pel\u00edcula PE s\u00e3o laminados em conjunto por press\u00e3o f\u00edsica, sem colagem, seguros e n\u00e3o t\u00f3xicos, e o papel e a pel\u00edcula podem ser completamente separados. O composto de papel + pel\u00edcula aumenta o desempenho \u00e0 prova de \u00e1gua e de fugas da almofada de folhas, mais limpa e higi\u00e9nica. O design de perfura\u00e7\u00e3o pode ser dobrado numa \u00fanica folha com uma linha curta para facilitar o rasgamento, rasgando a pe\u00e7a de folha que pode ser dobrada no tamanho necess\u00e1rio. A cor, o tamanho e o padr\u00e3o podem ser personalizados.<\/li>\n<\/ul>\n<p>&nbsp;<\/p>\n","protected":false},"excerpt":{"rendered":"<ul>\n<li>Os rolos de papel s\u00e3o resistentes e absorventes e ajudam a garantir um ambiente higi\u00e9nico na sala de exames para um tratamento seguro dos doentes.<\/li>\n<li>Amplamente utilizado em profissionais, mesas de massagem, camas faciais e de exame, mesa de exame hospitalar, mesas de quiropr\u00e1tico e fisioterapia, cadeiras de esteticista, de pestanas, de cera e de tatuagem.<\/li>\n<\/ul>\n<h4>Caracter\u00edsticas<\/h4>\n<p>Material: Tecido de polpa de madeira ou PE+Papel<\/p>\n<p>Tamanho: 50cm*50m, 50cm*100m ou personalizado<\/p>\n<p>Cor: azul, branco, cor-de-rosa<\/p>\n<p>Tipo: Textura lisa ou crepe<\/p>\n<p>Embalagem: 1 unidade\/rolo, 10 rolos\/caixa<\/p>\n<p>&nbsp;<\/p>\n<p>&nbsp;<\/p>\n","protected":false},"featured_media":5384,"template":"","meta":{"site-sidebar-layout":"default","site-content-layout":"default","ast-site-content-layout":"default","site-content-style":"default","site-sidebar-style":"default","ast-global-header-display":"","ast-banner-title-visibility":"","ast-main-header-display":"","ast-hfb-above-header-display":"","ast-hfb-below-header-display":"","ast-hfb-mobile-header-display":"","site-post-title":"","ast-breadcrumbs-content":"","ast-featured-img":"","footer-sml-layout":"","ast-disable-related-posts":"","theme-transparent-header-meta":"default","adv-header-id-meta":"","stick-header-meta":"","header-above-stick-meta":"","header-main-stick-meta":"","header-below-stick-meta":"","astra-migrate-meta-layouts":"default","ast-page-background-enabled":"default","ast-page-background-meta":{"desktop":{"background-color":"","background-image":"","background-repeat":"repeat","background-position":"center center","background-size":"auto","background-attachment":"scroll","background-type":"","background-media":"","overlay-type":"","overlay-color":"","overlay-opacity":"","overlay-gradient":""},"tablet":{"background-color":"","background-image":"","background-repeat":"repeat","background-position":"center center","background-size":"auto","background-attachment":"scroll","background-type":"","background-media":"","overlay-type":"","overlay-color":"","overlay-opacity":"","overlay-gradient":""},"mobile":{"background-color":"","background-image":"","background-repeat":"repeat","background-position":"center center","background-size":"auto","background-attachment":"scroll","background-type":"","background-media":"","overlay-type":"","overlay-color":"","overlay-opacity":"","overlay-gradient":""}},"ast-content-background-meta":{"desktop":{"background-color":"var(--ast-global-color-5)","background-image":"","background-repeat":"repeat","background-position":"center center","background-size":"auto","background-attachment":"scroll","background-type":"","background-media":"","overlay-type":"","overlay-color":"","overlay-opacity":"","overlay-gradient":""},"tablet":{"background-color":"var(--ast-global-color-5)","background-image":"","background-repeat":"repeat","background-position":"center center","background-size":"auto","background-attachment":"scroll","background-type":"","background-media":"","overlay-type":"","overlay-color":"","overlay-opacity":"","overlay-gradient":""},"mobile":{"background-color":"var(--ast-global-color-5)","background-image":"","background-repeat":"repeat","background-position":"center center","background-size":"auto","background-attachment":"scroll","background-type":"","background-media":"","overlay-type":"","overlay-color":"","overlay-opacity":"","overlay-gradient":""}}},"product_brand":[],"product_cat":[133],"product_tag":[],"class_list":{"0":"post-5619","1":"product","2":"type-product","3":"status-publish","4":"has-post-thumbnail","6":"product_cat-rolos-e-coberturas-de-cama-descartaveis","7":"desktop-align-center","8":"tablet-align-left","9":"mobile-align-left","11":"first","12":"instock","13":"shipping-taxable","14":"product-type-simple"},"_links":{"self":[{"href":"https:\/\/medposnonwoven.com\/pt-br\/wp-json\/wp\/v2\/product\/5619","targetHints":{"allow":["GET"]}}],"collection":[{"href":"https:\/\/medposnonwoven.com\/pt-br\/wp-json\/wp\/v2\/product"}],"about":[{"href":"https:\/\/medposnonwoven.com\/pt-br\/wp-json\/wp\/v2\/types\/product"}],"wp:featuredmedia":[{"embeddable":true,"href":"https:\/\/medposnonwoven.com\/pt-br\/wp-json\/wp\/v2\/media\/5384"}],"wp:attachment":[{"href":"https:\/\/medposnonwoven.com\/pt-br\/wp-json\/wp\/v2\/media?parent=5619"}],"wp:term":[{"taxonomy":"product_brand","embeddable":true,"href":"https:\/\/medposnonwoven.com\/pt-br\/wp-json\/wp\/v2\/product_brand?post=5619"},{"taxonomy":"product_cat","embeddable":true,"href":"https:\/\/medposnonwoven.com\/pt-br\/wp-json\/wp\/v2\/product_cat?post=5619"},{"taxonomy":"product_tag","embeddable":true,"href":"https:\/\/medposnonwoven.com\/pt-br\/wp-json\/wp\/v2\/product_tag?post=5619"}],"curies":[{"name":"wp","href":"https:\/\/api.w.org\/{rel}","templated":true}]}}