{"id":5620,"date":"2023-01-13T15:23:09","date_gmt":"2023-01-13T15:23:09","guid":{"rendered":"https:\/\/medposnonwoven.com\/product\/mangas-de-braco-descartaveis-em-pe-azul\/"},"modified":"2023-05-06T09:59:12","modified_gmt":"2023-05-06T09:59:12","slug":"mangas-de-braco-descartaveis-em-pe-azul","status":"publish","type":"product","link":"https:\/\/medposnonwoven.com\/pt-br\/produto\/mangas-de-braco-descartaveis-em-pe-azul\/","title":{"rendered":"Mangas de bra\u00e7o descart\u00e1veis em PE azul"},"content":{"rendered":"<ul>\n<li>Como camada adicional de defesa, estes protectores de mangas descart\u00e1veis podem ser usados por cima da roupa para proteger o antebra\u00e7o de detritos, derrames, sujidade, poluentes em p\u00f3 e barreiras de part\u00edculas. oferecendo simultaneamente um grande conforto ap\u00f3s horas de utiliza\u00e7\u00e3o. S\u00e3o feitos de pl\u00e1stico macio e dur\u00e1vel, que \u00e9 leve e confort\u00e1vel de usar. Estes revestimentos de mangas descart\u00e1veis podem ser reutilizados in\u00fameras vezes porque n\u00e3o s\u00e3o de todo fr\u00e1geis. Existem dois an\u00e9is de fita nas extremidades para evitar que a \u00e1gua molhe as mangas e para manter a capa na posi\u00e7\u00e3o correcta. O tamanho \u00fanico serve a todos e permite um ajuste f\u00e1cil e confort\u00e1vel.<\/li>\n<\/ul>\n<p>&nbsp;<\/p>\n","protected":false},"excerpt":{"rendered":"<ul>\n<li>As mangas descart\u00e1veis s\u00e3o utilizadas apenas uma vez e s\u00e3o feitas de polietileno de alta qualidade. Durante a utiliza\u00e7\u00e3o, as coberturas dos bra\u00e7os e das mangas s\u00e3o muito confort\u00e1veis e est\u00e1veis. leve e seguro com mangas el\u00e1sticas confort\u00e1veis.<\/li>\n<li>Amplamente utilizado no manuseamento de alimentos e em trabalhos h\u00famidos, na limpeza de salas, em \u00e1reas de produ\u00e7\u00e3o de produtos electr\u00f3nicos, na ind\u00fastria de embalagens, por pessoal de limpeza, decoradores e comerciantes.<\/li>\n<\/ul>\n<h4>Caracter\u00edsticas<\/h4>\n<p>Material: Polietileno (LDPE)<\/p>\n<p>Tamanho: 16\u2033(40 x 20cm) , 18\u2033 (45 x 22cm)<\/p>\n<p>Cor: azul, branco<\/p>\n<p>Tipo: Superf\u00edcie em relevo ou lisa, extremidades el\u00e1sticas<\/p>\n<p>Embalagem: 100 pcs\/saco, 20 sacos\/caixa<\/p>\n<p>&nbsp;<\/p>\n<p>&nbsp;<\/p>\n<p>&nbsp;<\/p>\n","protected":false},"featured_media":5359,"template":"","meta":{"site-sidebar-layout":"default","site-content-layout":"default","ast-site-content-layout":"default","site-content-style":"default","site-sidebar-style":"default","ast-global-header-display":"","ast-banner-title-visibility":"","ast-main-header-display":"","ast-hfb-above-header-display":"","ast-hfb-below-header-display":"","ast-hfb-mobile-header-display":"","site-post-title":"","ast-breadcrumbs-content":"","ast-featured-img":"","footer-sml-layout":"","ast-disable-related-posts":"","theme-transparent-header-meta":"default","adv-header-id-meta":"","stick-header-meta":"","header-above-stick-meta":"","header-main-stick-meta":"","header-below-stick-meta":"","astra-migrate-meta-layouts":"default","ast-page-background-enabled":"default","ast-page-background-meta":{"desktop":{"background-color":"","background-image":"","background-repeat":"repeat","background-position":"center center","background-size":"auto","background-attachment":"scroll","background-type":"","background-media":"","overlay-type":"","overlay-color":"","overlay-opacity":"","overlay-gradient":""},"tablet":{"background-color":"","background-image":"","background-repeat":"repeat","background-position":"center center","background-size":"auto","background-attachment":"scroll","background-type":"","background-media":"","overlay-type":"","overlay-color":"","overlay-opacity":"","overlay-gradient":""},"mobile":{"background-color":"","background-image":"","background-repeat":"repeat","background-position":"center center","background-size":"auto","background-attachment":"scroll","background-type":"","background-media":"","overlay-type":"","overlay-color":"","overlay-opacity":"","overlay-gradient":""}},"ast-content-background-meta":{"desktop":{"background-color":"var(--ast-global-color-5)","background-image":"","background-repeat":"repeat","background-position":"center center","background-size":"auto","background-attachment":"scroll","background-type":"","background-media":"","overlay-type":"","overlay-color":"","overlay-opacity":"","overlay-gradient":""},"tablet":{"background-color":"var(--ast-global-color-5)","background-image":"","background-repeat":"repeat","background-position":"center center","background-size":"auto","background-attachment":"scroll","background-type":"","background-media":"","overlay-type":"","overlay-color":"","overlay-opacity":"","overlay-gradient":""},"mobile":{"background-color":"var(--ast-global-color-5)","background-image":"","background-repeat":"repeat","background-position":"center center","background-size":"auto","background-attachment":"scroll","background-type":"","background-media":"","overlay-type":"","overlay-color":"","overlay-opacity":"","overlay-gradient":""}}},"product_brand":[],"product_cat":[134],"product_tag":[],"class_list":{"0":"post-5620","1":"product","2":"type-product","3":"status-publish","4":"has-post-thumbnail","6":"product_cat-capas-de-manga-descartaveis","7":"desktop-align-center","8":"tablet-align-left","9":"mobile-align-left","11":"first","12":"instock","13":"shipping-taxable","14":"product-type-simple"},"_links":{"self":[{"href":"https:\/\/medposnonwoven.com\/pt-br\/wp-json\/wp\/v2\/product\/5620","targetHints":{"allow":["GET"]}}],"collection":[{"href":"https:\/\/medposnonwoven.com\/pt-br\/wp-json\/wp\/v2\/product"}],"about":[{"href":"https:\/\/medposnonwoven.com\/pt-br\/wp-json\/wp\/v2\/types\/product"}],"wp:featuredmedia":[{"embeddable":true,"href":"https:\/\/medposnonwoven.com\/pt-br\/wp-json\/wp\/v2\/media\/5359"}],"wp:attachment":[{"href":"https:\/\/medposnonwoven.com\/pt-br\/wp-json\/wp\/v2\/media?parent=5620"}],"wp:term":[{"taxonomy":"product_brand","embeddable":true,"href":"https:\/\/medposnonwoven.com\/pt-br\/wp-json\/wp\/v2\/product_brand?post=5620"},{"taxonomy":"product_cat","embeddable":true,"href":"https:\/\/medposnonwoven.com\/pt-br\/wp-json\/wp\/v2\/product_cat?post=5620"},{"taxonomy":"product_tag","embeddable":true,"href":"https:\/\/medposnonwoven.com\/pt-br\/wp-json\/wp\/v2\/product_tag?post=5620"}],"curies":[{"name":"wp","href":"https:\/\/api.w.org\/{rel}","templated":true}]}}