{"id":5622,"date":"2023-01-14T15:06:28","date_gmt":"2023-01-14T15:06:28","guid":{"rendered":"https:\/\/medposnonwoven.com\/product\/pensos-higienicos-descartaveis-para-bebe\/"},"modified":"2023-05-06T09:54:15","modified_gmt":"2023-05-06T09:54:15","slug":"pensos-higienicos-descartaveis-para-bebe","status":"publish","type":"product","link":"https:\/\/medposnonwoven.com\/pt-br\/produto\/pensos-higienicos-descartaveis-para-bebe\/","title":{"rendered":"Pensos higi\u00e9nicos descart\u00e1veis para beb\u00e9"},"content":{"rendered":"<ul>\n<li>Os Chux Pads utilizam uma superf\u00edcie de malha \u00e0 prova de algod\u00e3o, que \u00e9 feita de tecidos n\u00e3o tecidos que s\u00e3o mais macios do que a pele. Tem uma forte penetra\u00e7\u00e3o e uma r\u00e1pida absor\u00e7\u00e3o. O l\u00edquido \u00e9 recolhido num \u00fanico local e n\u00e3o haver\u00e1 qualquer fen\u00f3meno de encharcamento, rabo vermelho infantil, alergias, etc. A parte inferior da sua camada PE \u00e0 prova de fugas n\u00e3o penetra o l\u00edquido na cama, que tem uma poderosa fun\u00e7\u00e3o de retrac\u00e7\u00e3o.<\/li>\n<li>\u00c9 principalmente adequado para pacientes com incontin\u00eancia, paralisia, beb\u00e9s, noites menstruais das mulheres e rela\u00e7\u00f5es sexuais de homens e mulheres. Os resguardos s\u00e3o tamb\u00e9m muito pr\u00e1ticos para utilizar de uma s\u00f3 vez. Desde que os resguardos de cama descart\u00e1veis sejam achatados com a cama ou com o carro do beb\u00e9, temos de ter aten\u00e7\u00e3o para manter a pele limpa e seca quando os utilizamos. \u00c9 necess\u00e1rio substituir os novos resguardos a tempo de evitar eczemas e outras doen\u00e7as ap\u00f3s a utiliza\u00e7\u00e3o. Se os doentes estiverem deitados na cama durante muito tempo, deve ajud\u00e1-los a esfregar o corpo, a virarem-se, etc., para evitar que a pele fique dorida.<\/li>\n<\/ul>\n<p>&nbsp;<\/p>\n<p>&nbsp;<\/p>\n<p>&nbsp;<\/p>\n","protected":false},"excerpt":{"rendered":"<ul>\n<li>As almofadas para cama de beb\u00e9 s\u00e3o fabricadas com um excelente tecido n\u00e3o tecido e polpa felpuda, s\u00e3o macias e n\u00e3o irritam a pele, n\u00e3o cont\u00eam produtos qu\u00edmicos nem corantes. \u00c9 o produto ideal para peles delicadas e para a pele sens\u00edvel dos beb\u00e9s.<\/li>\n<li>Amplamente utilizado em hospitais, lares de idosos, cuidados com beb\u00e9s, casa, treino de c\u00e3es e protec\u00e7\u00e3o de mobili\u00e1rio.<\/li>\n<\/ul>\n<h4>Caracter\u00edsticas<\/h4>\n<p>Material:N\u00e3o tecido+Papel+Fluff+SAP+Filme PE<\/p>\n<p>Tamanho: 60x60cm, 60x90cm ou personalizado<\/p>\n<p>Cor: azul, branco, verde<\/p>\n<p>Tipo: Com ou sem padr\u00e3o em relevo<\/p>\n<p>Embalagem: 20 unidades\/saco, 15 sacos\/caixa<\/p>\n<p>&nbsp;<\/p>\n<p>&nbsp;<\/p>\n","protected":false},"featured_media":5372,"template":"","meta":{"site-sidebar-layout":"default","site-content-layout":"default","ast-site-content-layout":"default","site-content-style":"default","site-sidebar-style":"default","ast-global-header-display":"","ast-banner-title-visibility":"","ast-main-header-display":"","ast-hfb-above-header-display":"","ast-hfb-below-header-display":"","ast-hfb-mobile-header-display":"","site-post-title":"","ast-breadcrumbs-content":"","ast-featured-img":"","footer-sml-layout":"","ast-disable-related-posts":"","theme-transparent-header-meta":"default","adv-header-id-meta":"","stick-header-meta":"","header-above-stick-meta":"","header-main-stick-meta":"","header-below-stick-meta":"","astra-migrate-meta-layouts":"default","ast-page-background-enabled":"default","ast-page-background-meta":{"desktop":{"background-color":"","background-image":"","background-repeat":"repeat","background-position":"center center","background-size":"auto","background-attachment":"scroll","background-type":"","background-media":"","overlay-type":"","overlay-color":"","overlay-opacity":"","overlay-gradient":""},"tablet":{"background-color":"","background-image":"","background-repeat":"repeat","background-position":"center center","background-size":"auto","background-attachment":"scroll","background-type":"","background-media":"","overlay-type":"","overlay-color":"","overlay-opacity":"","overlay-gradient":""},"mobile":{"background-color":"","background-image":"","background-repeat":"repeat","background-position":"center center","background-size":"auto","background-attachment":"scroll","background-type":"","background-media":"","overlay-type":"","overlay-color":"","overlay-opacity":"","overlay-gradient":""}},"ast-content-background-meta":{"desktop":{"background-color":"var(--ast-global-color-5)","background-image":"","background-repeat":"repeat","background-position":"center center","background-size":"auto","background-attachment":"scroll","background-type":"","background-media":"","overlay-type":"","overlay-color":"","overlay-opacity":"","overlay-gradient":""},"tablet":{"background-color":"var(--ast-global-color-5)","background-image":"","background-repeat":"repeat","background-position":"center center","background-size":"auto","background-attachment":"scroll","background-type":"","background-media":"","overlay-type":"","overlay-color":"","overlay-opacity":"","overlay-gradient":""},"mobile":{"background-color":"var(--ast-global-color-5)","background-image":"","background-repeat":"repeat","background-position":"center center","background-size":"auto","background-attachment":"scroll","background-type":"","background-media":"","overlay-type":"","overlay-color":"","overlay-opacity":"","overlay-gradient":""}}},"product_brand":[],"product_cat":[135],"product_tag":[],"class_list":{"0":"post-5622","1":"product","2":"type-product","3":"status-publish","4":"has-post-thumbnail","6":"product_cat-pensos-interiores-descartaveis","7":"desktop-align-center","8":"tablet-align-left","9":"mobile-align-left","11":"first","12":"instock","13":"shipping-taxable","14":"product-type-simple"},"_links":{"self":[{"href":"https:\/\/medposnonwoven.com\/pt-br\/wp-json\/wp\/v2\/product\/5622","targetHints":{"allow":["GET"]}}],"collection":[{"href":"https:\/\/medposnonwoven.com\/pt-br\/wp-json\/wp\/v2\/product"}],"about":[{"href":"https:\/\/medposnonwoven.com\/pt-br\/wp-json\/wp\/v2\/types\/product"}],"wp:featuredmedia":[{"embeddable":true,"href":"https:\/\/medposnonwoven.com\/pt-br\/wp-json\/wp\/v2\/media\/5372"}],"wp:attachment":[{"href":"https:\/\/medposnonwoven.com\/pt-br\/wp-json\/wp\/v2\/media?parent=5622"}],"wp:term":[{"taxonomy":"product_brand","embeddable":true,"href":"https:\/\/medposnonwoven.com\/pt-br\/wp-json\/wp\/v2\/product_brand?post=5622"},{"taxonomy":"product_cat","embeddable":true,"href":"https:\/\/medposnonwoven.com\/pt-br\/wp-json\/wp\/v2\/product_cat?post=5622"},{"taxonomy":"product_tag","embeddable":true,"href":"https:\/\/medposnonwoven.com\/pt-br\/wp-json\/wp\/v2\/product_tag?post=5622"}],"curies":[{"name":"wp","href":"https:\/\/api.w.org\/{rel}","templated":true}]}}