{"id":5623,"date":"2023-01-12T17:02:07","date_gmt":"2023-01-12T17:02:07","guid":{"rendered":"https:\/\/medposnonwoven.com\/product\/luva-vinly-descartavel\/"},"modified":"2023-05-06T10:00:51","modified_gmt":"2023-05-06T10:00:51","slug":"luva-vinly-descartavel","status":"publish","type":"product","link":"https:\/\/medposnonwoven.com\/pt-br\/produto\/luva-vinly-descartavel\/","title":{"rendered":"Luva Vinly Descart\u00e1vel"},"content":{"rendered":"<ul>\n<li>As nossas luvas descart\u00e1veis de PVC t\u00eam baixo teor de i\u00f5es, n\u00e3o cont\u00eam \u00f3leo de silicone, enzimas e outras subst\u00e2ncias, t\u00eam elevada flexibilidade e tacto, s\u00e3o simples de cal\u00e7ar e confort\u00e1veis de usar, e t\u00eam capacidades anti-est\u00e1ticas. amplamente utilizado para a higiene familiar, protec\u00e7\u00e3o do trabalho e outros fins nas ind\u00fastrias qu\u00edmica, electr\u00f3nica, farmac\u00eautica e outras, bem como na inspec\u00e7\u00e3o sanit\u00e1ria. As luvas descart\u00e1veis de PVC fabricadas na nossa f\u00e1brica t\u00eam uma boa resist\u00eancia \u00e0 deteriora\u00e7\u00e3o e n\u00e3o se partem nem racham quando expostas ao frio extremo. As luvas de PVC s\u00e3o resistentes a \u00e1cidos e \u00e1lcalis e podem funcionar numa gama de concentra\u00e7\u00f5es de \u00e1cidos e \u00e1lcalis, incluindo \u00e1cido clor\u00eddrico, carbonato de c\u00e1lcio, cloreto de magn\u00e9sio, acetato de c\u00e1lcio, cloreto de c\u00e1lcio, \u00e1gua de amon\u00edaco, hidr\u00f3xido de s\u00f3dio, etc. As luvas descart\u00e1veis de PVC resistentes ao \u00f3leo podem ser utilizadas em \u00f3leo pesado. No entanto, \u00e9 pouco est\u00e1vel em querosene, \u00f3leo leve e gasolina. Para proteger as suas m\u00e3os de les\u00f5es, evite utilizar luvas de PVC com solventes como benzeno, tolueno, xileno, tetra\u00f3xido de carbono, tricloroetileno, cresol, etc.<\/li>\n<\/ul>\n<p>&nbsp;<\/p>\n","protected":false},"excerpt":{"rendered":"<ul>\n<li>Estas luvas de vinil descart\u00e1veis n\u00e3o s\u00e3o alerg\u00e9nicas nem irritantes. S\u00e3o testados e aprovados para protec\u00e7\u00e3o, o que os torna a escolha preferida para as pessoas com alergias ao l\u00e1tex.<\/li>\n<li>Amplamente utilizado na ind\u00fastria alimentar, medicina, exames f\u00edsicos n\u00e3o invasivos, trabalho de laborat\u00f3rio, colora\u00e7\u00e3o de cabelo, tatuagem, compras de supermercado, pintura, limpeza, casa.<\/li>\n<\/ul>\n<h4>Caracter\u00edsticas<\/h4>\n<p>Material: Policloreto de vinilo (PVC) de alta qualidade<\/p>\n<p>Tamanho: S,M,L,XL<\/p>\n<p>Cor: azul, transparente<\/p>\n<p>Tipo: Em p\u00f3 ou sem p\u00f3. Ambidestro<\/p>\n<p>Embalagem: 100 unidades\/caixa, 10 caixas\/caixa de cart\u00e3o<\/p>\n<p>&nbsp;<\/p>\n<p>&nbsp;<\/p>\n","protected":false},"featured_media":5355,"template":"","meta":{"site-sidebar-layout":"default","site-content-layout":"default","ast-site-content-layout":"default","site-content-style":"default","site-sidebar-style":"default","ast-global-header-display":"","ast-banner-title-visibility":"","ast-main-header-display":"","ast-hfb-above-header-display":"","ast-hfb-below-header-display":"","ast-hfb-mobile-header-display":"","site-post-title":"","ast-breadcrumbs-content":"","ast-featured-img":"","footer-sml-layout":"","ast-disable-related-posts":"","theme-transparent-header-meta":"default","adv-header-id-meta":"","stick-header-meta":"","header-above-stick-meta":"","header-main-stick-meta":"","header-below-stick-meta":"","astra-migrate-meta-layouts":"default","ast-page-background-enabled":"default","ast-page-background-meta":{"desktop":{"background-color":"","background-image":"","background-repeat":"repeat","background-position":"center center","background-size":"auto","background-attachment":"scroll","background-type":"","background-media":"","overlay-type":"","overlay-color":"","overlay-opacity":"","overlay-gradient":""},"tablet":{"background-color":"","background-image":"","background-repeat":"repeat","background-position":"center center","background-size":"auto","background-attachment":"scroll","background-type":"","background-media":"","overlay-type":"","overlay-color":"","overlay-opacity":"","overlay-gradient":""},"mobile":{"background-color":"","background-image":"","background-repeat":"repeat","background-position":"center center","background-size":"auto","background-attachment":"scroll","background-type":"","background-media":"","overlay-type":"","overlay-color":"","overlay-opacity":"","overlay-gradient":""}},"ast-content-background-meta":{"desktop":{"background-color":"var(--ast-global-color-5)","background-image":"","background-repeat":"repeat","background-position":"center center","background-size":"auto","background-attachment":"scroll","background-type":"","background-media":"","overlay-type":"","overlay-color":"","overlay-opacity":"","overlay-gradient":""},"tablet":{"background-color":"var(--ast-global-color-5)","background-image":"","background-repeat":"repeat","background-position":"center center","background-size":"auto","background-attachment":"scroll","background-type":"","background-media":"","overlay-type":"","overlay-color":"","overlay-opacity":"","overlay-gradient":""},"mobile":{"background-color":"var(--ast-global-color-5)","background-image":"","background-repeat":"repeat","background-position":"center center","background-size":"auto","background-attachment":"scroll","background-type":"","background-media":"","overlay-type":"","overlay-color":"","overlay-opacity":"","overlay-gradient":""}}},"product_brand":[],"product_cat":[136],"product_tag":[],"class_list":{"0":"post-5623","1":"product","2":"type-product","3":"status-publish","4":"has-post-thumbnail","6":"product_cat-luvas-descartaveis","7":"desktop-align-center","8":"tablet-align-left","9":"mobile-align-left","11":"first","12":"instock","13":"shipping-taxable","14":"product-type-simple"},"_links":{"self":[{"href":"https:\/\/medposnonwoven.com\/pt-br\/wp-json\/wp\/v2\/product\/5623","targetHints":{"allow":["GET"]}}],"collection":[{"href":"https:\/\/medposnonwoven.com\/pt-br\/wp-json\/wp\/v2\/product"}],"about":[{"href":"https:\/\/medposnonwoven.com\/pt-br\/wp-json\/wp\/v2\/types\/product"}],"wp:featuredmedia":[{"embeddable":true,"href":"https:\/\/medposnonwoven.com\/pt-br\/wp-json\/wp\/v2\/media\/5355"}],"wp:attachment":[{"href":"https:\/\/medposnonwoven.com\/pt-br\/wp-json\/wp\/v2\/media?parent=5623"}],"wp:term":[{"taxonomy":"product_brand","embeddable":true,"href":"https:\/\/medposnonwoven.com\/pt-br\/wp-json\/wp\/v2\/product_brand?post=5623"},{"taxonomy":"product_cat","embeddable":true,"href":"https:\/\/medposnonwoven.com\/pt-br\/wp-json\/wp\/v2\/product_cat?post=5623"},{"taxonomy":"product_tag","embeddable":true,"href":"https:\/\/medposnonwoven.com\/pt-br\/wp-json\/wp\/v2\/product_tag?post=5623"}],"curies":[{"name":"wp","href":"https:\/\/api.w.org\/{rel}","templated":true}]}}