{"id":5625,"date":"2023-01-15T16:23:07","date_gmt":"2023-01-15T16:23:07","guid":{"rendered":"https:\/\/medposnonwoven.com\/product\/coberturas-de-cama-nao-tecidas-descartaveis\/"},"modified":"2023-05-06T09:49:50","modified_gmt":"2023-05-06T09:49:50","slug":"coberturas-de-cama-nao-tecidas-descartaveis","status":"publish","type":"product","link":"https:\/\/medposnonwoven.com\/pt-br\/produto\/coberturas-de-cama-nao-tecidas-descartaveis\/","title":{"rendered":"Coberturas de cama n\u00e3o tecidas descart\u00e1veis"},"content":{"rendered":"<ul>\n<li>As nossas coberturas de cama descart\u00e1veis utilizam tecido n\u00e3o tecido espessado feito de material imperme\u00e1vel, bem embrulhado, limpo e higi\u00e9nico, a protec\u00e7\u00e3o de corte ass\u00e9ptico \u00e9 mais atenciosa. Imperme\u00e1vel, mais \u00e0 prova de fugas, evita fugas de l\u00edquidos, isolamento eficaz para evitar a sujidade, o tecido espesso \u00e9 forte e dur\u00e1vel, resistente, macio e confort\u00e1vel. Ambas as extremidades ou totalmente \u00e0 volta do design da banda de couro el\u00e1stico. Os clientes podem escolher entre uma variedade de tamanhos e cores.<\/li>\n<li>O resguardo de cama \u00e9 amplamente utilizado em camas de hospital, sal\u00f5es de beleza, clubes de beleza, salas de sauna, cuidados dom\u00e9sticos, banhos, viagens de neg\u00f3cios, viagens<br \/>\n(1) \u00c9 utilizado para len\u00e7\u00f3is de exame ginecol\u00f3gico e len\u00e7\u00f3is de colch\u00e3o descart\u00e1veis e len\u00e7\u00f3is de cama utilizados em v\u00e1rios departamentos de hospitais.<br \/>\n(2) Pode ser utilizado em doentes acamados, no per\u00edodo menstrual das mulheres, no p\u00f3s-parto das mulheres e noutros len\u00e7\u00f3is imperme\u00e1veis para evitar a contamina\u00e7\u00e3o do colch\u00e3o da cama.<br \/>\n(3) Pode ser utilizado como absorvente de urina para beb\u00e9s e crian\u00e7as.<br \/>\n(4) Utilizado em casa como len\u00e7ol de apoio, por exemplo, para evitar que a urina ensope os len\u00e7\u00f3is e para evitar que o sangue menstrual contamine os len\u00e7\u00f3is.<br \/>\n(5) No exterior para piqueniques, barracas, etc., leve e f\u00e1cil de transportar.<br \/>\n(6) colocado no Ver\u00e3o sob o tapete fresco, especialmente sob o tapete de mahjong, para evitar a polui\u00e7\u00e3o das folhas com poeiras e esc\u00f3rias, uma boa limpeza.<br \/>\n(7) viagem de neg\u00f3cios para ficar num hotel quando deitado na cama, limpo e higi\u00e9nico.<br \/>\n(8) utiliza\u00e7\u00e3o de len\u00e7\u00f3is descart\u00e1veis em casa ou na cozinha de restaurantes e profissionais.<\/li>\n<\/ul>\n<p>&nbsp;<\/p>\n<p>&nbsp;<\/p>\n","protected":false},"excerpt":{"rendered":"<ul>\n<li>Os len\u00e7\u00f3is descart\u00e1veis t\u00eam um design el\u00e1stico em ambas as extremidades, n\u00e3o s\u00e3o f\u00e1ceis de cair e s\u00e3o f\u00e1ceis de utilizar, os clientes podem virar-se \u00e0 vontade.<\/li>\n<li>Amplamente utilizado em profissionais, mesas de massagem, camas faciais e de exame, mesa de exame hospitalar, mesas de quiropr\u00e1tico e fisioterapia, cadeiras de esteticista, de pestanas, de cera e de tatuagem.<\/li>\n<\/ul>\n<h4>Caracter\u00edsticas<\/h4>\n<p>Material: Polipropileno Spunbond ou SMS<\/p>\n<p>Tamanho: 100*200cm ou personalizado<\/p>\n<p>Cor: azul, branco, cor-de-rosa<\/p>\n<p>Tipo: El\u00e1sticos nas duas extremidades ou a toda a volta<\/p>\n<p>Embalagem: 10 unidades\/saco, 10 sacos\/caixa<\/p>\n<p>&nbsp;<\/p>\n<p>&nbsp;<\/p>\n<p>&nbsp;<\/p>\n","protected":false},"featured_media":5381,"template":"","meta":{"site-sidebar-layout":"default","site-content-layout":"default","ast-site-content-layout":"default","site-content-style":"default","site-sidebar-style":"default","ast-global-header-display":"","ast-banner-title-visibility":"","ast-main-header-display":"","ast-hfb-above-header-display":"","ast-hfb-below-header-display":"","ast-hfb-mobile-header-display":"","site-post-title":"","ast-breadcrumbs-content":"","ast-featured-img":"","footer-sml-layout":"","theme-transparent-header-meta":"default","adv-header-id-meta":"","stick-header-meta":"","header-above-stick-meta":"","header-main-stick-meta":"","header-below-stick-meta":"","astra-migrate-meta-layouts":"default","ast-page-background-enabled":"default","ast-page-background-meta":{"desktop":{"background-color":"","background-image":"","background-repeat":"repeat","background-position":"center center","background-size":"auto","background-attachment":"scroll","background-type":"","background-media":"","overlay-type":"","overlay-color":"","overlay-opacity":"","overlay-gradient":""},"tablet":{"background-color":"","background-image":"","background-repeat":"repeat","background-position":"center center","background-size":"auto","background-attachment":"scroll","background-type":"","background-media":"","overlay-type":"","overlay-color":"","overlay-opacity":"","overlay-gradient":""},"mobile":{"background-color":"","background-image":"","background-repeat":"repeat","background-position":"center center","background-size":"auto","background-attachment":"scroll","background-type":"","background-media":"","overlay-type":"","overlay-color":"","overlay-opacity":"","overlay-gradient":""}},"ast-content-background-meta":{"desktop":{"background-color":"var(--ast-global-color-5)","background-image":"","background-repeat":"repeat","background-position":"center center","background-size":"auto","background-attachment":"scroll","background-type":"","background-media":"","overlay-type":"","overlay-color":"","overlay-opacity":"","overlay-gradient":""},"tablet":{"background-color":"var(--ast-global-color-5)","background-image":"","background-repeat":"repeat","background-position":"center center","background-size":"auto","background-attachment":"scroll","background-type":"","background-media":"","overlay-type":"","overlay-color":"","overlay-opacity":"","overlay-gradient":""},"mobile":{"background-color":"var(--ast-global-color-5)","background-image":"","background-repeat":"repeat","background-position":"center center","background-size":"auto","background-attachment":"scroll","background-type":"","background-media":"","overlay-type":"","overlay-color":"","overlay-opacity":"","overlay-gradient":""}}},"product_brand":[],"product_cat":[133],"product_tag":[],"class_list":{"0":"post-5625","1":"product","2":"type-product","3":"status-publish","4":"has-post-thumbnail","6":"product_cat-rolos-e-coberturas-de-cama-descartaveis","7":"desktop-align-center","8":"tablet-align-left","9":"mobile-align-left","11":"first","12":"instock","13":"shipping-taxable","14":"product-type-simple"},"_links":{"self":[{"href":"https:\/\/medposnonwoven.com\/pt-br\/wp-json\/wp\/v2\/product\/5625","targetHints":{"allow":["GET"]}}],"collection":[{"href":"https:\/\/medposnonwoven.com\/pt-br\/wp-json\/wp\/v2\/product"}],"about":[{"href":"https:\/\/medposnonwoven.com\/pt-br\/wp-json\/wp\/v2\/types\/product"}],"wp:featuredmedia":[{"embeddable":true,"href":"https:\/\/medposnonwoven.com\/pt-br\/wp-json\/wp\/v2\/media\/5381"}],"wp:attachment":[{"href":"https:\/\/medposnonwoven.com\/pt-br\/wp-json\/wp\/v2\/media?parent=5625"}],"wp:term":[{"taxonomy":"product_brand","embeddable":true,"href":"https:\/\/medposnonwoven.com\/pt-br\/wp-json\/wp\/v2\/product_brand?post=5625"},{"taxonomy":"product_cat","embeddable":true,"href":"https:\/\/medposnonwoven.com\/pt-br\/wp-json\/wp\/v2\/product_cat?post=5625"},{"taxonomy":"product_tag","embeddable":true,"href":"https:\/\/medposnonwoven.com\/pt-br\/wp-json\/wp\/v2\/product_tag?post=5625"}],"curies":[{"name":"wp","href":"https:\/\/api.w.org\/{rel}","templated":true}]}}