{"id":5626,"date":"2023-01-14T14:13:06","date_gmt":"2023-01-14T14:13:06","guid":{"rendered":"https:\/\/medposnonwoven.com\/product\/pensos-interiores-descartaveis-para-adultos\/"},"modified":"2023-05-06T09:54:59","modified_gmt":"2023-05-06T09:54:59","slug":"pensos-interiores-descartaveis-para-adultos","status":"publish","type":"product","link":"https:\/\/medposnonwoven.com\/pt-br\/produto\/pensos-interiores-descartaveis-para-adultos\/","title":{"rendered":"Pensos interiores descart\u00e1veis para adultos"},"content":{"rendered":"<ul>\n<li>Os pensos higi\u00e9nicos descart\u00e1veis, por vezes designados por pensos para incontin\u00eancia, s\u00e3o pensos incrivelmente absorventes que s\u00e3o normalmente utilizados para proteger os colch\u00f5es contra danos provocados pelo xixi. A almofada \u00e9 colocada por cima ou por baixo da roupa de cama, consoante o desejo, e \u00e9 utilizada para apanhar as fugas. Para evitar que a urina danifique as camas e o mobili\u00e1rio e para minimizar a lavagem da roupa, os resguardos tornaram-se a norma da ind\u00fastria nos hospitais e nas instala\u00e7\u00f5es de cuidados prolongados. Os resguardos foram inicialmente criados para proteger os colch\u00f5es dos acidentes de incontin\u00eancia dos adultos, mas as pessoas criativas descobriram outras aplica\u00e7\u00f5es para estes fant\u00e1sticos resguardos.<\/li>\n<li>Protec\u00e7\u00e3o do mobili\u00e1rio &#8211; As almofadas podem ser facilmente aplicadas em cadeiras, sof\u00e1s, cadeiras de rodas e outros artigos para proteger o mobili\u00e1rio. O Resguardo para Roupa Interior Tranquility Peach Sheet inclui quatro fitas adesivas para o ajudar a aderir a diferentes superf\u00edcies.<\/li>\n<li>Debaixo de uma c\u00f3moda &#8211; As c\u00f3modas s\u00e3o pequenas casas de banho port\u00e1teis para utiliza\u00e7\u00e3o ao lado da cama. Os resguardos s\u00e3o ideais para proteger o pavimento por baixo de uma sanita.<\/li>\n<li>Frald\u00e1rios &#8211; Muitos dos nossos funcion\u00e1rios sugeriram a utiliza\u00e7\u00e3o de um resguardo para beb\u00e9s como cobertura port\u00e1til, higi\u00e9nica e simples para os frald\u00e1rios. Como \u00e9 est\u00e9ril, macio e suave, n\u00e3o tem de se preocupar com o facto de o beb\u00e9 tocar em superf\u00edcies sujas.<\/li>\n<\/ul>\n","protected":false},"excerpt":{"rendered":"<ul>\n<li>A confian\u00e7a e o sono de homens, mulheres, crian\u00e7as e idosos podem ser melhorados com a utiliza\u00e7\u00e3o destes pensos grossos para incontin\u00eancia, que protegem a roupa de cama e os len\u00e7\u00f3is de dificuldades urin\u00e1rias ou urin\u00e1rias descontroladas.<\/li>\n<li>Amplamente utilizado em hospitais, lares de idosos, cuidados com beb\u00e9s, casa, treino de c\u00e3es e protec\u00e7\u00e3o de mobili\u00e1rio.<\/li>\n<\/ul>\n<h4>Caracter\u00edsticas<\/h4>\n<p>Material:N\u00e3o tecido+Papel+Fluff+SAP+Filme PE<\/p>\n<p>Tamanho: 60x60cm, 60x90cm ou personalizado<\/p>\n<p>Cor: azul, branco, verde<\/p>\n<p>Tipo: Com ou sem padr\u00e3o em relevo<\/p>\n<p>Embalagem: 20 unidades\/saco, 15 sacos\/caixa<\/p>\n<p>&nbsp;<\/p>\n","protected":false},"featured_media":5369,"template":"","meta":{"site-sidebar-layout":"default","site-content-layout":"default","ast-site-content-layout":"default","site-content-style":"default","site-sidebar-style":"default","ast-global-header-display":"","ast-banner-title-visibility":"","ast-main-header-display":"","ast-hfb-above-header-display":"","ast-hfb-below-header-display":"","ast-hfb-mobile-header-display":"","site-post-title":"","ast-breadcrumbs-content":"","ast-featured-img":"","footer-sml-layout":"","ast-disable-related-posts":"","theme-transparent-header-meta":"default","adv-header-id-meta":"","stick-header-meta":"","header-above-stick-meta":"","header-main-stick-meta":"","header-below-stick-meta":"","astra-migrate-meta-layouts":"default","ast-page-background-enabled":"default","ast-page-background-meta":{"desktop":{"background-color":"","background-image":"","background-repeat":"repeat","background-position":"center center","background-size":"auto","background-attachment":"scroll","background-type":"","background-media":"","overlay-type":"","overlay-color":"","overlay-opacity":"","overlay-gradient":""},"tablet":{"background-color":"","background-image":"","background-repeat":"repeat","background-position":"center center","background-size":"auto","background-attachment":"scroll","background-type":"","background-media":"","overlay-type":"","overlay-color":"","overlay-opacity":"","overlay-gradient":""},"mobile":{"background-color":"","background-image":"","background-repeat":"repeat","background-position":"center center","background-size":"auto","background-attachment":"scroll","background-type":"","background-media":"","overlay-type":"","overlay-color":"","overlay-opacity":"","overlay-gradient":""}},"ast-content-background-meta":{"desktop":{"background-color":"var(--ast-global-color-5)","background-image":"","background-repeat":"repeat","background-position":"center center","background-size":"auto","background-attachment":"scroll","background-type":"","background-media":"","overlay-type":"","overlay-color":"","overlay-opacity":"","overlay-gradient":""},"tablet":{"background-color":"var(--ast-global-color-5)","background-image":"","background-repeat":"repeat","background-position":"center center","background-size":"auto","background-attachment":"scroll","background-type":"","background-media":"","overlay-type":"","overlay-color":"","overlay-opacity":"","overlay-gradient":""},"mobile":{"background-color":"var(--ast-global-color-5)","background-image":"","background-repeat":"repeat","background-position":"center center","background-size":"auto","background-attachment":"scroll","background-type":"","background-media":"","overlay-type":"","overlay-color":"","overlay-opacity":"","overlay-gradient":""}}},"product_brand":[],"product_cat":[135],"product_tag":[],"class_list":{"0":"post-5626","1":"product","2":"type-product","3":"status-publish","4":"has-post-thumbnail","6":"product_cat-pensos-interiores-descartaveis","7":"desktop-align-center","8":"tablet-align-left","9":"mobile-align-left","11":"first","12":"instock","13":"shipping-taxable","14":"product-type-simple"},"_links":{"self":[{"href":"https:\/\/medposnonwoven.com\/pt-br\/wp-json\/wp\/v2\/product\/5626","targetHints":{"allow":["GET"]}}],"collection":[{"href":"https:\/\/medposnonwoven.com\/pt-br\/wp-json\/wp\/v2\/product"}],"about":[{"href":"https:\/\/medposnonwoven.com\/pt-br\/wp-json\/wp\/v2\/types\/product"}],"wp:featuredmedia":[{"embeddable":true,"href":"https:\/\/medposnonwoven.com\/pt-br\/wp-json\/wp\/v2\/media\/5369"}],"wp:attachment":[{"href":"https:\/\/medposnonwoven.com\/pt-br\/wp-json\/wp\/v2\/media?parent=5626"}],"wp:term":[{"taxonomy":"product_brand","embeddable":true,"href":"https:\/\/medposnonwoven.com\/pt-br\/wp-json\/wp\/v2\/product_brand?post=5626"},{"taxonomy":"product_cat","embeddable":true,"href":"https:\/\/medposnonwoven.com\/pt-br\/wp-json\/wp\/v2\/product_cat?post=5626"},{"taxonomy":"product_tag","embeddable":true,"href":"https:\/\/medposnonwoven.com\/pt-br\/wp-json\/wp\/v2\/product_tag?post=5626"}],"curies":[{"name":"wp","href":"https:\/\/api.w.org\/{rel}","templated":true}]}}