{"id":5627,"date":"2023-01-12T16:20:25","date_gmt":"2023-01-12T16:20:25","guid":{"rendered":"https:\/\/medposnonwoven.com\/product\/luva-tpe-descartavel\/"},"modified":"2023-05-06T10:02:27","modified_gmt":"2023-05-06T10:02:27","slug":"luva-tpe-descartavel","status":"publish","type":"product","link":"https:\/\/medposnonwoven.com\/pt-br\/produto\/luva-tpe-descartavel\/","title":{"rendered":"Luva TPE descart\u00e1vel"},"content":{"rendered":"<ul>\n<li>O que s\u00e3o luvas descart\u00e1veis de TPE?<br \/>\nAs luvas descart\u00e1veis de TPE utilizam o SEBS como material de base e as luvas de pel\u00edcula fundida de TPE s\u00e3o produzidas por moldagem por injec\u00e7\u00e3o, calandragem e outros m\u00e9todos de processamento. S\u00e3o produtos de luvas de pl\u00e1stico descart\u00e1veis de gama relativamente alta. Em aplica\u00e7\u00f5es b\u00e1sicas, podem substituir as luvas normais de PVC e PE para utiliza\u00e7\u00e3o. Este produto tem as caracter\u00edsticas de excelente for\u00e7a de trac\u00e7\u00e3o e elasticidade, espessura forte, resist\u00eancia \u00e0 corros\u00e3o, resist\u00eancia ao \u00f3leo, n\u00e3o \u00e9 f\u00e1cil de partir, boa sensa\u00e7\u00e3o de m\u00e3o, etc., e tem uma vasta gama de aplica\u00e7\u00f5es.<\/li>\n<li>Quais s\u00e3o as caracter\u00edsticas das luvas descart\u00e1veis de TPE?<br \/>\n1. As luvas TPE s\u00e3o mais macias, el\u00e1sticas e resistentes do que as luvas de pl\u00e1stico PE e PVC normais; t\u00eam melhor desempenho anti-est\u00e1tico do que as luvas de l\u00e1tex e n\u00e3o t\u00eam cheiro peculiar.<br \/>\n2. O relevo \u00e9 mais fino, n\u00e3o pegajoso, macio e n\u00e3o escorregadio.<br \/>\n3. \u00c9 mais f\u00e1cil de usar, tem boa ader\u00eancia e torna os movimentos dos punhos mais suaves.<br \/>\n4. N\u00e3o cont\u00e9m quaisquer ingredientes de l\u00e1tex natural, n\u00e3o tem reac\u00e7\u00e3o al\u00e9rgica \u00e0 pele humana, n\u00e3o \u00e9 f\u00e1cil de quebrar e \u00e9 cheio de elasticidade.<br \/>\n5. Forte e dur\u00e1vel, pode substituir as luvas de l\u00e1tex em alguns dom\u00ednios, o pre\u00e7o \u00e9 baixo e pode ser reciclado e reutilizado.<br \/>\n6. A sua dureza e propriedades f\u00edsicas ajust\u00e1veis proporcionam aos designers de produtos uma vasta gama de imagina\u00e7\u00e3o e espa\u00e7o de concep\u00e7\u00e3o. A sua protec\u00e7\u00e3o ambiental e as suas caracter\u00edsticas n\u00e3o t\u00f3xicas merecem a confian\u00e7a dos consumidores.<br \/>\n7. N\u00e3o cont\u00e9m prote\u00ednas de l\u00e1tex, pelo que n\u00e3o provoca reac\u00e7\u00f5es al\u00e9rgicas. Ao mesmo tempo, possui propriedades anti-est\u00e1ticas, anti-envelhecimento e resistentes \u00e0 oleosidade. A forma das luvas \u00e9 concebida de acordo com a forma da m\u00e3o humana, com grande sensibilidade, boas propriedades de trac\u00e7\u00e3o e resist\u00eancia \u00e0 perfura\u00e7\u00e3o, elevada resist\u00eancia \u00e0 trac\u00e7\u00e3o e boa resist\u00eancia \u00e0 abras\u00e3o.<\/li>\n<\/ul>\n<p>&nbsp;<\/p>\n<p>&nbsp;<\/p>\n","protected":false},"excerpt":{"rendered":"<ul>\n<li>As luvas descart\u00e1veis de TPE oferecem uma maior elasticidade do que as luvas de PE t\u00edpicas, que t\u00eam pouca elasticidade e podem apertar a pele. Fabricado com material elast\u00f3mero termopl\u00e1stico em vez de l\u00e1tex de borracha natural, o que pode ajudar em caso de alergia ao l\u00e1tex.<\/li>\n<li>Amplamente utilizado no manuseamento de alimentos, cozinha, casas, hot\u00e9is, tratamento m\u00e9dico, cabeleireiro, limpeza de laborat\u00f3rios e outros locais aplic\u00e1veis.<\/li>\n<\/ul>\n<h4>Caracter\u00edsticas<\/h4>\n<p>Material: TPE (elast\u00f3meros termopl\u00e1sticos)<\/p>\n<p>Tamanho: S,M,L,XL<\/p>\n<p>Cor: Azul, transparente, preto ou personalizado<\/p>\n<p>Tipo: Superf\u00edcie em relevo. Ambidestro<\/p>\n<p>Embalagem: Saco, caixa ou personalizado<\/p>\n<p>&nbsp;<\/p>\n<p>&nbsp;<\/p>\n<p>&nbsp;<\/p>\n","protected":false},"featured_media":5351,"template":"","meta":{"site-sidebar-layout":"default","site-content-layout":"default","ast-site-content-layout":"default","site-content-style":"default","site-sidebar-style":"default","ast-global-header-display":"","ast-banner-title-visibility":"","ast-main-header-display":"","ast-hfb-above-header-display":"","ast-hfb-below-header-display":"","ast-hfb-mobile-header-display":"","site-post-title":"","ast-breadcrumbs-content":"","ast-featured-img":"","footer-sml-layout":"","ast-disable-related-posts":"","theme-transparent-header-meta":"default","adv-header-id-meta":"","stick-header-meta":"","header-above-stick-meta":"","header-main-stick-meta":"","header-below-stick-meta":"","astra-migrate-meta-layouts":"default","ast-page-background-enabled":"default","ast-page-background-meta":{"desktop":{"background-color":"","background-image":"","background-repeat":"repeat","background-position":"center center","background-size":"auto","background-attachment":"scroll","background-type":"","background-media":"","overlay-type":"","overlay-color":"","overlay-opacity":"","overlay-gradient":""},"tablet":{"background-color":"","background-image":"","background-repeat":"repeat","background-position":"center center","background-size":"auto","background-attachment":"scroll","background-type":"","background-media":"","overlay-type":"","overlay-color":"","overlay-opacity":"","overlay-gradient":""},"mobile":{"background-color":"","background-image":"","background-repeat":"repeat","background-position":"center center","background-size":"auto","background-attachment":"scroll","background-type":"","background-media":"","overlay-type":"","overlay-color":"","overlay-opacity":"","overlay-gradient":""}},"ast-content-background-meta":{"desktop":{"background-color":"var(--ast-global-color-5)","background-image":"","background-repeat":"repeat","background-position":"center center","background-size":"auto","background-attachment":"scroll","background-type":"","background-media":"","overlay-type":"","overlay-color":"","overlay-opacity":"","overlay-gradient":""},"tablet":{"background-color":"var(--ast-global-color-5)","background-image":"","background-repeat":"repeat","background-position":"center center","background-size":"auto","background-attachment":"scroll","background-type":"","background-media":"","overlay-type":"","overlay-color":"","overlay-opacity":"","overlay-gradient":""},"mobile":{"background-color":"var(--ast-global-color-5)","background-image":"","background-repeat":"repeat","background-position":"center center","background-size":"auto","background-attachment":"scroll","background-type":"","background-media":"","overlay-type":"","overlay-color":"","overlay-opacity":"","overlay-gradient":""}}},"product_brand":[],"product_cat":[136],"product_tag":[],"class_list":{"0":"post-5627","1":"product","2":"type-product","3":"status-publish","4":"has-post-thumbnail","6":"product_cat-luvas-descartaveis","7":"desktop-align-center","8":"tablet-align-left","9":"mobile-align-left","11":"first","12":"instock","13":"shipping-taxable","14":"product-type-simple"},"_links":{"self":[{"href":"https:\/\/medposnonwoven.com\/pt-br\/wp-json\/wp\/v2\/product\/5627","targetHints":{"allow":["GET"]}}],"collection":[{"href":"https:\/\/medposnonwoven.com\/pt-br\/wp-json\/wp\/v2\/product"}],"about":[{"href":"https:\/\/medposnonwoven.com\/pt-br\/wp-json\/wp\/v2\/types\/product"}],"wp:featuredmedia":[{"embeddable":true,"href":"https:\/\/medposnonwoven.com\/pt-br\/wp-json\/wp\/v2\/media\/5351"}],"wp:attachment":[{"href":"https:\/\/medposnonwoven.com\/pt-br\/wp-json\/wp\/v2\/media?parent=5627"}],"wp:term":[{"taxonomy":"product_brand","embeddable":true,"href":"https:\/\/medposnonwoven.com\/pt-br\/wp-json\/wp\/v2\/product_brand?post=5627"},{"taxonomy":"product_cat","embeddable":true,"href":"https:\/\/medposnonwoven.com\/pt-br\/wp-json\/wp\/v2\/product_cat?post=5627"},{"taxonomy":"product_tag","embeddable":true,"href":"https:\/\/medposnonwoven.com\/pt-br\/wp-json\/wp\/v2\/product_tag?post=5627"}],"curies":[{"name":"wp","href":"https:\/\/api.w.org\/{rel}","templated":true}]}}