{"id":5628,"date":"2023-01-16T13:02:14","date_gmt":"2023-01-16T13:02:14","guid":{"rendered":"https:\/\/medposnonwoven.com\/product\/sutias-descartaveis-sem-alcas\/"},"modified":"2023-05-06T09:45:01","modified_gmt":"2023-05-06T09:45:01","slug":"sutias-descartaveis-sem-alcas","status":"publish","type":"product","link":"https:\/\/medposnonwoven.com\/pt-br\/produto\/sutias-descartaveis-sem-alcas\/","title":{"rendered":"Suti\u00e3s descart\u00e1veis sem al\u00e7as"},"content":{"rendered":"<ul>\n<li>Suti\u00e3s sem al\u00e7as que se atam nas costas, podem ser ajustados de acordo com o seu tipo de corpo e tamanho da copa, s\u00e3o perfeitos para mulheres de todos os tamanhos, vai ador\u00e1-los. Ap\u00f3s a utiliza\u00e7\u00e3o, pode ser deitado ao lixo sem qualquer carga psicol\u00f3gica. Cada soutien \u00e9 embalado individualmente em polietileno para fins higi\u00e9nicos. Leve e pequeno para f\u00e1cil armazenamento ou transporte.<\/li>\n<li>A roupa interior descart\u00e1vel \u00e9 um tipo de roupa interior que \u00e9 usada uma vez e depois deitada fora. Estas cuecas podem ser feitas de uma variedade de materiais, mas os mais comuns s\u00e3o os materiais leves e absorventes, como os t\u00eaxteis n\u00e3o tecidos, a celulose ou uma mistura dos dois. Destinam-se essencialmente a ser usados durante um curto per\u00edodo de tempo, frequentemente apenas algumas horas, sendo depois retirados e deitados fora. Algumas cuecas descart\u00e1veis podem ser pr\u00e9-humedecidas para maior conforto e s\u00e3o frequentemente embaladas em inv\u00f3lucros individuais para facilitar o transporte e a utiliza\u00e7\u00e3o. S\u00e3o frequentemente utilizadas em situa\u00e7\u00f5es em que a roupa interior tradicional n\u00e3o \u00e9 pr\u00e1tica, como em viagens, incontin\u00eancia ou recupera\u00e7\u00e3o ap\u00f3s uma cirurgia.<\/li>\n<\/ul>\n<p>&nbsp;<\/p>\n<p>&nbsp;<\/p>\n","protected":false},"excerpt":{"rendered":"<ul>\n<li>Os soutiens descart\u00e1veis incluem uma cintura el\u00e1stica e s\u00e3o compostos por um tecido n\u00e3o tecido anti-rasgo com um toque semelhante ao do algod\u00e3o. Por raz\u00f5es de higiene, cada soutien \u00e9 embalado separadamente em poli\u00e9ster. Pequena e leve para f\u00e1cil arruma\u00e7\u00e3o e desloca\u00e7\u00e3o.<\/li>\n<li>Amplamente utilizado em bronzeamento, spas, sal\u00f5es de beleza, massagens, cl\u00ednicas, tatuagens, saunas, hospitais, hot\u00e9is, viagens, uso di\u00e1rio, etc.<\/li>\n<\/ul>\n<h4>Caracter\u00edsticas<\/h4>\n<p>Material: Polipropileno Spunbond<\/p>\n<p>Tamanho: S,M,L<\/p>\n<p>Cor: preto, branco, azul escuro<\/p>\n<p>Tipo: Com fecho nas costas ou velcro<\/p>\n<p>Embalagem: 6 unidades\/embalagem, 100 embalagens\/caixa<\/p>\n<p>&nbsp;<\/p>\n<p>&nbsp;<\/p>\n","protected":false},"featured_media":5393,"template":"","meta":{"site-sidebar-layout":"default","site-content-layout":"default","ast-site-content-layout":"default","site-content-style":"default","site-sidebar-style":"default","ast-global-header-display":"","ast-banner-title-visibility":"","ast-main-header-display":"","ast-hfb-above-header-display":"","ast-hfb-below-header-display":"","ast-hfb-mobile-header-display":"","site-post-title":"","ast-breadcrumbs-content":"","ast-featured-img":"","footer-sml-layout":"","ast-disable-related-posts":"","theme-transparent-header-meta":"default","adv-header-id-meta":"","stick-header-meta":"","header-above-stick-meta":"","header-main-stick-meta":"","header-below-stick-meta":"","astra-migrate-meta-layouts":"default","ast-page-background-enabled":"default","ast-page-background-meta":{"desktop":{"background-color":"","background-image":"","background-repeat":"repeat","background-position":"center center","background-size":"auto","background-attachment":"scroll","background-type":"","background-media":"","overlay-type":"","overlay-color":"","overlay-opacity":"","overlay-gradient":""},"tablet":{"background-color":"","background-image":"","background-repeat":"repeat","background-position":"center center","background-size":"auto","background-attachment":"scroll","background-type":"","background-media":"","overlay-type":"","overlay-color":"","overlay-opacity":"","overlay-gradient":""},"mobile":{"background-color":"","background-image":"","background-repeat":"repeat","background-position":"center center","background-size":"auto","background-attachment":"scroll","background-type":"","background-media":"","overlay-type":"","overlay-color":"","overlay-opacity":"","overlay-gradient":""}},"ast-content-background-meta":{"desktop":{"background-color":"var(--ast-global-color-5)","background-image":"","background-repeat":"repeat","background-position":"center center","background-size":"auto","background-attachment":"scroll","background-type":"","background-media":"","overlay-type":"","overlay-color":"","overlay-opacity":"","overlay-gradient":""},"tablet":{"background-color":"var(--ast-global-color-5)","background-image":"","background-repeat":"repeat","background-position":"center center","background-size":"auto","background-attachment":"scroll","background-type":"","background-media":"","overlay-type":"","overlay-color":"","overlay-opacity":"","overlay-gradient":""},"mobile":{"background-color":"var(--ast-global-color-5)","background-image":"","background-repeat":"repeat","background-position":"center center","background-size":"auto","background-attachment":"scroll","background-type":"","background-media":"","overlay-type":"","overlay-color":"","overlay-opacity":"","overlay-gradient":""}}},"product_brand":[],"product_cat":[132],"product_tag":[],"class_list":{"0":"post-5628","1":"product","2":"type-product","3":"status-publish","4":"has-post-thumbnail","6":"product_cat-descartaveis-para-spa-e-beleza","7":"desktop-align-center","8":"tablet-align-left","9":"mobile-align-left","11":"first","12":"instock","13":"shipping-taxable","14":"product-type-simple"},"_links":{"self":[{"href":"https:\/\/medposnonwoven.com\/pt-br\/wp-json\/wp\/v2\/product\/5628","targetHints":{"allow":["GET"]}}],"collection":[{"href":"https:\/\/medposnonwoven.com\/pt-br\/wp-json\/wp\/v2\/product"}],"about":[{"href":"https:\/\/medposnonwoven.com\/pt-br\/wp-json\/wp\/v2\/types\/product"}],"wp:featuredmedia":[{"embeddable":true,"href":"https:\/\/medposnonwoven.com\/pt-br\/wp-json\/wp\/v2\/media\/5393"}],"wp:attachment":[{"href":"https:\/\/medposnonwoven.com\/pt-br\/wp-json\/wp\/v2\/media?parent=5628"}],"wp:term":[{"taxonomy":"product_brand","embeddable":true,"href":"https:\/\/medposnonwoven.com\/pt-br\/wp-json\/wp\/v2\/product_brand?post=5628"},{"taxonomy":"product_cat","embeddable":true,"href":"https:\/\/medposnonwoven.com\/pt-br\/wp-json\/wp\/v2\/product_cat?post=5628"},{"taxonomy":"product_tag","embeddable":true,"href":"https:\/\/medposnonwoven.com\/pt-br\/wp-json\/wp\/v2\/product_tag?post=5628"}],"curies":[{"name":"wp","href":"https:\/\/api.w.org\/{rel}","templated":true}]}}