{"id":5629,"date":"2023-01-13T16:55:40","date_gmt":"2023-01-13T16:55:40","guid":{"rendered":"https:\/\/medposnonwoven.com\/product\/mangas-de-braco-descartaveis-microporosas\/"},"modified":"2023-05-06T09:55:40","modified_gmt":"2023-05-06T09:55:40","slug":"mangas-de-braco-descartaveis-microporosas","status":"publish","type":"product","link":"https:\/\/medposnonwoven.com\/pt-br\/produto\/mangas-de-braco-descartaveis-microporosas\/","title":{"rendered":"Mangas de bra\u00e7o descart\u00e1veis microporosas"},"content":{"rendered":"<ul>\n<li>Os protectores de mangas descart\u00e1veis para bra\u00e7os s\u00e3o produzidos em polipropileno de alta qualidade com uma pel\u00edcula microporosa. A superf\u00edcie laminada dos protectores de bra\u00e7os \u00e9 resistente a rasg\u00f5es e pode ser facilmente limpa. Se est\u00e1 farto de salpicos de l\u00edquidos nos bra\u00e7os? Experimente as nossas mangas de bra\u00e7o resistentes \u00e0 \u00e1gua para se proteger da \u00e1gua, \u00f3leo, pingos, produtos qu\u00edmicos ligeiros e sujidade.<\/li>\n<li>As caracter\u00edsticas das nossas mangas n\u00e3o tecidas descart\u00e1veis:<br \/>\n1. Boa resist\u00eancia e f\u00e1cil de esticar, a trac\u00e7\u00e3o n\u00e3o se parte.<br \/>\n2. O el\u00e1stico dos punhos \u00e9 moderado. A manga para o bra\u00e7o \u00e9 respir\u00e1vel e confort\u00e1vel. Os materiais dos tecidos n\u00e3o tecidos s\u00e3o f\u00e1ceis de utilizar.<br \/>\n3. Acabamento requintado, imperme\u00e1vel e \u00e0 prova de \u00f3leo, comum para homens e mulheres usarem.<\/li>\n<\/ul>\n<p>&nbsp;<\/p>\n<p>&nbsp;<\/p>\n","protected":false},"excerpt":{"rendered":"<ul>\n<li>O polipropileno e o polietileno de alta qualidade, que s\u00e3o imperme\u00e1veis, respir\u00e1veis, macios, sem l\u00e1tex e leves, s\u00e3o utilizados para fabricar as mangas de bra\u00e7o descart\u00e1veis.<\/li>\n<li>Amplamente utilizado em tratamentos m\u00e9dicos, f\u00e1bricas, laborat\u00f3rios, tarefas dom\u00e9sticas, jardinagem, servi\u00e7os alimentares, tatuagens, manuten\u00e7\u00e3o ou outros trabalhos di\u00e1rios.<\/li>\n<\/ul>\n<h4>Caracter\u00edsticas<\/h4>\n<p>Material:Polipropileno (PP) + pel\u00edcula microporosa<\/p>\n<p>Tamanho: 16\u2033(40 x 20cm) , 18\u2033 (45 x 22cm)<\/p>\n<p>Cor: azul, branco<\/p>\n<p>Tipo: Extremidades el\u00e1sticas<\/p>\n<p>Embalagem: 100 pcs\/saco, 20 sacos\/caixa<\/p>\n<p>&nbsp;<\/p>\n<p>&nbsp;<\/p>\n<p>&nbsp;<\/p>\n","protected":false},"featured_media":5367,"template":"","meta":{"site-sidebar-layout":"default","site-content-layout":"default","ast-site-content-layout":"default","site-content-style":"default","site-sidebar-style":"default","ast-global-header-display":"","ast-banner-title-visibility":"","ast-main-header-display":"","ast-hfb-above-header-display":"","ast-hfb-below-header-display":"","ast-hfb-mobile-header-display":"","site-post-title":"","ast-breadcrumbs-content":"","ast-featured-img":"","footer-sml-layout":"","ast-disable-related-posts":"","theme-transparent-header-meta":"default","adv-header-id-meta":"","stick-header-meta":"","header-above-stick-meta":"","header-main-stick-meta":"","header-below-stick-meta":"","astra-migrate-meta-layouts":"default","ast-page-background-enabled":"default","ast-page-background-meta":{"desktop":{"background-color":"","background-image":"","background-repeat":"repeat","background-position":"center center","background-size":"auto","background-attachment":"scroll","background-type":"","background-media":"","overlay-type":"","overlay-color":"","overlay-opacity":"","overlay-gradient":""},"tablet":{"background-color":"","background-image":"","background-repeat":"repeat","background-position":"center center","background-size":"auto","background-attachment":"scroll","background-type":"","background-media":"","overlay-type":"","overlay-color":"","overlay-opacity":"","overlay-gradient":""},"mobile":{"background-color":"","background-image":"","background-repeat":"repeat","background-position":"center center","background-size":"auto","background-attachment":"scroll","background-type":"","background-media":"","overlay-type":"","overlay-color":"","overlay-opacity":"","overlay-gradient":""}},"ast-content-background-meta":{"desktop":{"background-color":"var(--ast-global-color-5)","background-image":"","background-repeat":"repeat","background-position":"center center","background-size":"auto","background-attachment":"scroll","background-type":"","background-media":"","overlay-type":"","overlay-color":"","overlay-opacity":"","overlay-gradient":""},"tablet":{"background-color":"var(--ast-global-color-5)","background-image":"","background-repeat":"repeat","background-position":"center center","background-size":"auto","background-attachment":"scroll","background-type":"","background-media":"","overlay-type":"","overlay-color":"","overlay-opacity":"","overlay-gradient":""},"mobile":{"background-color":"var(--ast-global-color-5)","background-image":"","background-repeat":"repeat","background-position":"center center","background-size":"auto","background-attachment":"scroll","background-type":"","background-media":"","overlay-type":"","overlay-color":"","overlay-opacity":"","overlay-gradient":""}}},"product_brand":[],"product_cat":[134],"product_tag":[],"class_list":{"0":"post-5629","1":"product","2":"type-product","3":"status-publish","4":"has-post-thumbnail","6":"product_cat-capas-de-manga-descartaveis","7":"desktop-align-center","8":"tablet-align-left","9":"mobile-align-left","11":"first","12":"instock","13":"shipping-taxable","14":"product-type-simple"},"_links":{"self":[{"href":"https:\/\/medposnonwoven.com\/pt-br\/wp-json\/wp\/v2\/product\/5629","targetHints":{"allow":["GET"]}}],"collection":[{"href":"https:\/\/medposnonwoven.com\/pt-br\/wp-json\/wp\/v2\/product"}],"about":[{"href":"https:\/\/medposnonwoven.com\/pt-br\/wp-json\/wp\/v2\/types\/product"}],"wp:featuredmedia":[{"embeddable":true,"href":"https:\/\/medposnonwoven.com\/pt-br\/wp-json\/wp\/v2\/media\/5367"}],"wp:attachment":[{"href":"https:\/\/medposnonwoven.com\/pt-br\/wp-json\/wp\/v2\/media?parent=5629"}],"wp:term":[{"taxonomy":"product_brand","embeddable":true,"href":"https:\/\/medposnonwoven.com\/pt-br\/wp-json\/wp\/v2\/product_brand?post=5629"},{"taxonomy":"product_cat","embeddable":true,"href":"https:\/\/medposnonwoven.com\/pt-br\/wp-json\/wp\/v2\/product_cat?post=5629"},{"taxonomy":"product_tag","embeddable":true,"href":"https:\/\/medposnonwoven.com\/pt-br\/wp-json\/wp\/v2\/product_tag?post=5629"}],"curies":[{"name":"wp","href":"https:\/\/api.w.org\/{rel}","templated":true}]}}