{"id":5630,"date":"2023-01-15T15:55:22","date_gmt":"2023-01-15T15:55:22","guid":{"rendered":"https:\/\/medposnonwoven.com\/product\/rolos-de-lencois-nao-tecidos-descartaveis\/"},"modified":"2023-05-06T09:50:33","modified_gmt":"2023-05-06T09:50:33","slug":"rolos-de-lencois-nao-tecidos-descartaveis","status":"publish","type":"product","link":"https:\/\/medposnonwoven.com\/pt-br\/produto\/rolos-de-lencois-nao-tecidos-descartaveis\/","title":{"rendered":"Rolos de len\u00e7\u00f3is n\u00e3o tecidos descart\u00e1veis"},"content":{"rendered":"<ul>\n<li>J\u00e1 alguma vez se deparou com estas preocupa\u00e7\u00f5es no seu sal\u00e3o de beleza? A utiliza\u00e7\u00e3o m\u00faltipla por parte dos h\u00f3spedes tende a criar bact\u00e9rias; os h\u00f3spedes n\u00e3o se importam de os ter utilizado; dificuldade em limpar a gordura dos h\u00f3spedes, etc.; evitar a utiliza\u00e7\u00e3o cruzada. Pode resolver estes problemas escolhendo os nossos rolos de folhas descart\u00e1veis.<\/li>\n<li>O tecido do rolo de cama utiliza um excelente tecido n\u00e3o tecido microporoso, cujas caracter\u00edsticas s\u00e3o suaves, confort\u00e1veis, n\u00e3o estimulantes e anti-est\u00e1ticas. O design de quebra de linha de corte \u00e9 f\u00e1cil de rasgar e apanhar. Este tecido de rolo de sof\u00e1 \u00e9 forte e firme, n\u00e3o \u00e9 f\u00e1cil de puxar para deformar, \u00e9 imperme\u00e1vel e \u00e0 prova de \u00f3leo, pode ser utilizado com toda a certeza. Uma variedade de cores e tamanhos \u00e0 escolha.<\/li>\n<\/ul>\n<p>&nbsp;<\/p>\n<p>&nbsp;<\/p>\n<p>&nbsp;<\/p>\n<p>&nbsp;<\/p>\n","protected":false},"excerpt":{"rendered":"<ul>\n<li>Os rolos de marquesa de massagem s\u00e3o fabricados em tecido n\u00e3o tecido macio, leve e respir\u00e1vel, e resistente, sem deixar de cuidar bem de si e da pele do seu cliente. Mant\u00e9m-no seco e \u00e9 \u00e0 prova de \u00f3leo, proporcionando-lhe um ambiente confort\u00e1vel.<\/li>\n<li>Amplamente utilizado em profissionais, mesas de massagem, camas faciais e de exame, mesa de exame hospitalar, mesas de quiropr\u00e1tico e fisioterapia, cadeiras de esteticista, de pestanas, de cera, de tatuagem.<\/li>\n<\/ul>\n<h4>Caracter\u00edsticas<\/h4>\n<p>Material: Polipropileno Spunbond ou SMS<\/p>\n<p>Tamanho: 80*180cm ou personalizado<\/p>\n<p>Cor: azul, branco, cor-de-rosa<\/p>\n<p>Tipo: Com ou sem perfura\u00e7\u00e3o<\/p>\n<p>Embalagem: 1 pcs\/rolo, 8 rolos\/caixa<\/p>\n<p>&nbsp;<\/p>\n<p>&nbsp;<\/p>\n<p>&nbsp;<\/p>\n<p>&nbsp;<\/p>\n<p>&nbsp;<\/p>\n","protected":false},"featured_media":5378,"template":"","meta":{"site-sidebar-layout":"default","site-content-layout":"default","ast-site-content-layout":"default","site-content-style":"default","site-sidebar-style":"default","ast-global-header-display":"","ast-banner-title-visibility":"","ast-main-header-display":"","ast-hfb-above-header-display":"","ast-hfb-below-header-display":"","ast-hfb-mobile-header-display":"","site-post-title":"","ast-breadcrumbs-content":"","ast-featured-img":"","footer-sml-layout":"","ast-disable-related-posts":"","theme-transparent-header-meta":"default","adv-header-id-meta":"","stick-header-meta":"","header-above-stick-meta":"","header-main-stick-meta":"","header-below-stick-meta":"","astra-migrate-meta-layouts":"default","ast-page-background-enabled":"default","ast-page-background-meta":{"desktop":{"background-color":"","background-image":"","background-repeat":"repeat","background-position":"center center","background-size":"auto","background-attachment":"scroll","background-type":"","background-media":"","overlay-type":"","overlay-color":"","overlay-opacity":"","overlay-gradient":""},"tablet":{"background-color":"","background-image":"","background-repeat":"repeat","background-position":"center center","background-size":"auto","background-attachment":"scroll","background-type":"","background-media":"","overlay-type":"","overlay-color":"","overlay-opacity":"","overlay-gradient":""},"mobile":{"background-color":"","background-image":"","background-repeat":"repeat","background-position":"center center","background-size":"auto","background-attachment":"scroll","background-type":"","background-media":"","overlay-type":"","overlay-color":"","overlay-opacity":"","overlay-gradient":""}},"ast-content-background-meta":{"desktop":{"background-color":"var(--ast-global-color-5)","background-image":"","background-repeat":"repeat","background-position":"center center","background-size":"auto","background-attachment":"scroll","background-type":"","background-media":"","overlay-type":"","overlay-color":"","overlay-opacity":"","overlay-gradient":""},"tablet":{"background-color":"var(--ast-global-color-5)","background-image":"","background-repeat":"repeat","background-position":"center center","background-size":"auto","background-attachment":"scroll","background-type":"","background-media":"","overlay-type":"","overlay-color":"","overlay-opacity":"","overlay-gradient":""},"mobile":{"background-color":"var(--ast-global-color-5)","background-image":"","background-repeat":"repeat","background-position":"center center","background-size":"auto","background-attachment":"scroll","background-type":"","background-media":"","overlay-type":"","overlay-color":"","overlay-opacity":"","overlay-gradient":""}}},"product_brand":[],"product_cat":[133],"product_tag":[],"class_list":{"0":"post-5630","1":"product","2":"type-product","3":"status-publish","4":"has-post-thumbnail","6":"product_cat-rolos-e-coberturas-de-cama-descartaveis","7":"desktop-align-center","8":"tablet-align-left","9":"mobile-align-left","11":"first","12":"instock","13":"shipping-taxable","14":"product-type-simple"},"_links":{"self":[{"href":"https:\/\/medposnonwoven.com\/pt-br\/wp-json\/wp\/v2\/product\/5630","targetHints":{"allow":["GET"]}}],"collection":[{"href":"https:\/\/medposnonwoven.com\/pt-br\/wp-json\/wp\/v2\/product"}],"about":[{"href":"https:\/\/medposnonwoven.com\/pt-br\/wp-json\/wp\/v2\/types\/product"}],"wp:featuredmedia":[{"embeddable":true,"href":"https:\/\/medposnonwoven.com\/pt-br\/wp-json\/wp\/v2\/media\/5378"}],"wp:attachment":[{"href":"https:\/\/medposnonwoven.com\/pt-br\/wp-json\/wp\/v2\/media?parent=5630"}],"wp:term":[{"taxonomy":"product_brand","embeddable":true,"href":"https:\/\/medposnonwoven.com\/pt-br\/wp-json\/wp\/v2\/product_brand?post=5630"},{"taxonomy":"product_cat","embeddable":true,"href":"https:\/\/medposnonwoven.com\/pt-br\/wp-json\/wp\/v2\/product_cat?post=5630"},{"taxonomy":"product_tag","embeddable":true,"href":"https:\/\/medposnonwoven.com\/pt-br\/wp-json\/wp\/v2\/product_tag?post=5630"}],"curies":[{"name":"wp","href":"https:\/\/api.w.org\/{rel}","templated":true}]}}