{"id":5631,"date":"2023-01-16T12:41:47","date_gmt":"2023-01-16T12:41:47","guid":{"rendered":"https:\/\/medposnonwoven.com\/product\/capas-de-almofada-descartaveis\/"},"modified":"2023-05-06T09:46:25","modified_gmt":"2023-05-06T09:46:25","slug":"capas-de-almofada-descartaveis","status":"publish","type":"product","link":"https:\/\/medposnonwoven.com\/pt-br\/produto\/capas-de-almofada-descartaveis\/","title":{"rendered":"Capas de almofada descart\u00e1veis"},"content":{"rendered":"<ul>\n<li>Os len\u00e7\u00f3is e coberturas descart\u00e1veis s\u00e3o utilizados principalmente para cobrir temporariamente as superf\u00edcies, a fim de evitar a contamina\u00e7\u00e3o no caso de uma mat\u00e9ria potencialmente contaminada ou perigosa entrar em contacto com a superf\u00edcie. Isto \u00e9 impedido pela folha, que actua como uma barreira f\u00edsica.<br \/>\nFunciona como uma barreira f\u00edsica que impede a transfer\u00eancia de material contaminado ou infeccioso para a superf\u00edcie. A pr\u00f3xima pessoa ou coisa que entrar em contacto com a superf\u00edcie tamb\u00e9m estar\u00e1 em risco se o len\u00e7ol n\u00e3o estiver l\u00e1 e a superf\u00edcie entrar em contacto com um contaminante. Como resultado, os len\u00e7\u00f3is descart\u00e1veis tamb\u00e9m diminuem a propaga\u00e7\u00e3o de doen\u00e7as entre as pessoas.<\/li>\n<li>Os len\u00e7\u00f3is e coberturas descart\u00e1veis podem resistir a produtos qu\u00edmicos e l\u00edquidos. S\u00e3o concebidos para serem utilizados apenas uma vez, a fim de evitar a propaga\u00e7\u00e3o de materiais perigosos. Para facilitar a tarefa, s\u00e3o simplesmente eliminados. As folhas n\u00e3o s\u00e3o apenas \u00fateis no sector m\u00e9dico. S\u00e3o utilizados por hot\u00e9is e sal\u00f5es de beleza para reduzir as despesas de lavandaria e proteger as superf\u00edcies.<\/li>\n<\/ul>\n","protected":false},"excerpt":{"rendered":"<ul>\n<li>A capa de almofada descart\u00e1vel \u00e9 feita de material descart\u00e1vel n\u00e3o tecido, \u00e9 conveniente de utilizar, \u00e9 macia e respir\u00e1vel, proporcionando-lhe um relaxamento maravilhoso.<\/li>\n<li>Amplamente utilizado em hospitais, hot\u00e9is, sal\u00f5es de beleza, mesas de massagem, camas de exame e faciais, mesa de exame hospitalar, quiropr\u00e1tico e mesas de fisioterapia.<\/li>\n<\/ul>\n<h4>Caracter\u00edsticas<\/h4>\n<p>Material: Polipropileno Spunbond<\/p>\n<p>Tamanho: 45x60cm, 50x70cm ou personalizado<\/p>\n<p>Cor: azul, branco, cor-de-rosa<\/p>\n<p>Tipo: Suprimentos descart\u00e1veis<\/p>\n<p>Embalagem: 50 pcs\/saco, 10 sacos\/caixa<\/p>\n<p>&nbsp;<\/p>\n","protected":false},"featured_media":5391,"template":"","meta":{"site-sidebar-layout":"default","site-content-layout":"default","ast-site-content-layout":"default","site-content-style":"default","site-sidebar-style":"default","ast-global-header-display":"","ast-banner-title-visibility":"","ast-main-header-display":"","ast-hfb-above-header-display":"","ast-hfb-below-header-display":"","ast-hfb-mobile-header-display":"","site-post-title":"","ast-breadcrumbs-content":"","ast-featured-img":"","footer-sml-layout":"","ast-disable-related-posts":"","theme-transparent-header-meta":"default","adv-header-id-meta":"","stick-header-meta":"","header-above-stick-meta":"","header-main-stick-meta":"","header-below-stick-meta":"","astra-migrate-meta-layouts":"default","ast-page-background-enabled":"default","ast-page-background-meta":{"desktop":{"background-color":"","background-image":"","background-repeat":"repeat","background-position":"center center","background-size":"auto","background-attachment":"scroll","background-type":"","background-media":"","overlay-type":"","overlay-color":"","overlay-opacity":"","overlay-gradient":""},"tablet":{"background-color":"","background-image":"","background-repeat":"repeat","background-position":"center center","background-size":"auto","background-attachment":"scroll","background-type":"","background-media":"","overlay-type":"","overlay-color":"","overlay-opacity":"","overlay-gradient":""},"mobile":{"background-color":"","background-image":"","background-repeat":"repeat","background-position":"center center","background-size":"auto","background-attachment":"scroll","background-type":"","background-media":"","overlay-type":"","overlay-color":"","overlay-opacity":"","overlay-gradient":""}},"ast-content-background-meta":{"desktop":{"background-color":"var(--ast-global-color-5)","background-image":"","background-repeat":"repeat","background-position":"center center","background-size":"auto","background-attachment":"scroll","background-type":"","background-media":"","overlay-type":"","overlay-color":"","overlay-opacity":"","overlay-gradient":""},"tablet":{"background-color":"var(--ast-global-color-5)","background-image":"","background-repeat":"repeat","background-position":"center center","background-size":"auto","background-attachment":"scroll","background-type":"","background-media":"","overlay-type":"","overlay-color":"","overlay-opacity":"","overlay-gradient":""},"mobile":{"background-color":"var(--ast-global-color-5)","background-image":"","background-repeat":"repeat","background-position":"center center","background-size":"auto","background-attachment":"scroll","background-type":"","background-media":"","overlay-type":"","overlay-color":"","overlay-opacity":"","overlay-gradient":""}}},"product_brand":[],"product_cat":[133],"product_tag":[],"class_list":{"0":"post-5631","1":"product","2":"type-product","3":"status-publish","4":"has-post-thumbnail","6":"product_cat-rolos-e-coberturas-de-cama-descartaveis","7":"desktop-align-center","8":"tablet-align-left","9":"mobile-align-left","11":"first","12":"instock","13":"shipping-taxable","14":"product-type-simple"},"_links":{"self":[{"href":"https:\/\/medposnonwoven.com\/pt-br\/wp-json\/wp\/v2\/product\/5631","targetHints":{"allow":["GET"]}}],"collection":[{"href":"https:\/\/medposnonwoven.com\/pt-br\/wp-json\/wp\/v2\/product"}],"about":[{"href":"https:\/\/medposnonwoven.com\/pt-br\/wp-json\/wp\/v2\/types\/product"}],"wp:featuredmedia":[{"embeddable":true,"href":"https:\/\/medposnonwoven.com\/pt-br\/wp-json\/wp\/v2\/media\/5391"}],"wp:attachment":[{"href":"https:\/\/medposnonwoven.com\/pt-br\/wp-json\/wp\/v2\/media?parent=5631"}],"wp:term":[{"taxonomy":"product_brand","embeddable":true,"href":"https:\/\/medposnonwoven.com\/pt-br\/wp-json\/wp\/v2\/product_brand?post=5631"},{"taxonomy":"product_cat","embeddable":true,"href":"https:\/\/medposnonwoven.com\/pt-br\/wp-json\/wp\/v2\/product_cat?post=5631"},{"taxonomy":"product_tag","embeddable":true,"href":"https:\/\/medposnonwoven.com\/pt-br\/wp-json\/wp\/v2\/product_tag?post=5631"}],"curies":[{"name":"wp","href":"https:\/\/api.w.org\/{rel}","templated":true}]}}