{"id":5632,"date":"2023-01-12T14:47:20","date_gmt":"2023-01-12T14:47:20","guid":{"rendered":"https:\/\/medposnonwoven.com\/product\/luva-cpe-descartavel\/"},"modified":"2023-05-06T10:03:39","modified_gmt":"2023-05-06T10:03:39","slug":"luva-cpe-descartavel","status":"publish","type":"product","link":"https:\/\/medposnonwoven.com\/pt-br\/produto\/luva-cpe-descartavel\/","title":{"rendered":"Luva CPE descart\u00e1vel"},"content":{"rendered":"<ul>\n<li>As luvas de pl\u00e1stico descart\u00e1veis s\u00e3o fabricadas com mat\u00e9rias-primas de polietileno de alta densidade (HDPE) e polietileno de baixa densidade (LDPE), elevada transpar\u00eancia, boa abertura e relevo antiderrapante. Produzido com material novo, n\u00e3o t\u00f3xico e ins\u00edpido. Conveniente, higi\u00e9nico, seguro, saud\u00e1vel, amigo do ambiente, desempenho de alto custo, adequado para ind\u00fastrias com elevada frequ\u00eancia de substitui\u00e7\u00e3o. Controlo de custos eficaz, material super sagrado, boa resist\u00eancia, mais flex\u00edvel ao desgaste, especialmente adequado para processamento de alimentos, \u00e1reas de cozinha de hotel e outras \u00e1reas de processamento. A superf\u00edcie \u00e9 gravada e sem caro\u00e7o Design antiderrapante, ader\u00eancia mais firme, adapta-se \u00e0 m\u00e3o, mais confort\u00e1vel de usar, mais flex\u00edvel, est\u00e9ril e ins\u00edpida, evitando a polui\u00e7\u00e3o e a infec\u00e7\u00e3o cruzada causadas pela utiliza\u00e7\u00e3o.<\/li>\n<\/ul>\n<p>&nbsp;<\/p>\n","protected":false},"excerpt":{"rendered":"<ul>\n<li>As luvas CPE s\u00e3o feitas de polietileno fundido, suficientemente resistentes para preparar alimentos e efectuar alguns trabalhos simples em contacto com os alimentos. Mais dur\u00e1vel e resistente do que a luva PE.<\/li>\n<li>Amplamente utilizado no manuseamento de alimentos, cozinha, casas, hot\u00e9is, tratamento m\u00e9dico, cabeleireiro, limpeza de laborat\u00f3rios e outros locais aplic\u00e1veis.<\/li>\n<\/ul>\n<h4>Caracter\u00edsticas<\/h4>\n<p>Material: Polietileno fundido (CPE)<\/p>\n<p>Tamanho: S,M,L,XL<\/p>\n<p>Cor: transparente<\/p>\n<p>Tipo: Superf\u00edcie em relevo. Ambidestro<\/p>\n<p>Embalagem: Saco, caixa ou personalizado<\/p>\n<p>&nbsp;<\/p>\n<p>&nbsp;<\/p>\n","protected":false},"featured_media":5348,"template":"","meta":{"site-sidebar-layout":"default","site-content-layout":"default","ast-site-content-layout":"default","site-content-style":"default","site-sidebar-style":"default","ast-global-header-display":"","ast-banner-title-visibility":"","ast-main-header-display":"","ast-hfb-above-header-display":"","ast-hfb-below-header-display":"","ast-hfb-mobile-header-display":"","site-post-title":"","ast-breadcrumbs-content":"","ast-featured-img":"","footer-sml-layout":"","ast-disable-related-posts":"","theme-transparent-header-meta":"default","adv-header-id-meta":"","stick-header-meta":"","header-above-stick-meta":"","header-main-stick-meta":"","header-below-stick-meta":"","astra-migrate-meta-layouts":"default","ast-page-background-enabled":"default","ast-page-background-meta":{"desktop":{"background-color":"","background-image":"","background-repeat":"repeat","background-position":"center center","background-size":"auto","background-attachment":"scroll","background-type":"","background-media":"","overlay-type":"","overlay-color":"","overlay-opacity":"","overlay-gradient":""},"tablet":{"background-color":"","background-image":"","background-repeat":"repeat","background-position":"center center","background-size":"auto","background-attachment":"scroll","background-type":"","background-media":"","overlay-type":"","overlay-color":"","overlay-opacity":"","overlay-gradient":""},"mobile":{"background-color":"","background-image":"","background-repeat":"repeat","background-position":"center center","background-size":"auto","background-attachment":"scroll","background-type":"","background-media":"","overlay-type":"","overlay-color":"","overlay-opacity":"","overlay-gradient":""}},"ast-content-background-meta":{"desktop":{"background-color":"var(--ast-global-color-5)","background-image":"","background-repeat":"repeat","background-position":"center center","background-size":"auto","background-attachment":"scroll","background-type":"","background-media":"","overlay-type":"","overlay-color":"","overlay-opacity":"","overlay-gradient":""},"tablet":{"background-color":"var(--ast-global-color-5)","background-image":"","background-repeat":"repeat","background-position":"center center","background-size":"auto","background-attachment":"scroll","background-type":"","background-media":"","overlay-type":"","overlay-color":"","overlay-opacity":"","overlay-gradient":""},"mobile":{"background-color":"var(--ast-global-color-5)","background-image":"","background-repeat":"repeat","background-position":"center center","background-size":"auto","background-attachment":"scroll","background-type":"","background-media":"","overlay-type":"","overlay-color":"","overlay-opacity":"","overlay-gradient":""}}},"product_brand":[],"product_cat":[136],"product_tag":[],"class_list":{"0":"post-5632","1":"product","2":"type-product","3":"status-publish","4":"has-post-thumbnail","6":"product_cat-luvas-descartaveis","7":"desktop-align-center","8":"tablet-align-left","9":"mobile-align-left","11":"first","12":"instock","13":"shipping-taxable","14":"product-type-simple"},"_links":{"self":[{"href":"https:\/\/medposnonwoven.com\/pt-br\/wp-json\/wp\/v2\/product\/5632","targetHints":{"allow":["GET"]}}],"collection":[{"href":"https:\/\/medposnonwoven.com\/pt-br\/wp-json\/wp\/v2\/product"}],"about":[{"href":"https:\/\/medposnonwoven.com\/pt-br\/wp-json\/wp\/v2\/types\/product"}],"wp:featuredmedia":[{"embeddable":true,"href":"https:\/\/medposnonwoven.com\/pt-br\/wp-json\/wp\/v2\/media\/5348"}],"wp:attachment":[{"href":"https:\/\/medposnonwoven.com\/pt-br\/wp-json\/wp\/v2\/media?parent=5632"}],"wp:term":[{"taxonomy":"product_brand","embeddable":true,"href":"https:\/\/medposnonwoven.com\/pt-br\/wp-json\/wp\/v2\/product_brand?post=5632"},{"taxonomy":"product_cat","embeddable":true,"href":"https:\/\/medposnonwoven.com\/pt-br\/wp-json\/wp\/v2\/product_cat?post=5632"},{"taxonomy":"product_tag","embeddable":true,"href":"https:\/\/medposnonwoven.com\/pt-br\/wp-json\/wp\/v2\/product_tag?post=5632"}],"curies":[{"name":"wp","href":"https:\/\/api.w.org\/{rel}","templated":true}]}}