{"id":5633,"date":"2023-01-14T15:34:55","date_gmt":"2023-01-14T15:34:55","guid":{"rendered":"https:\/\/medposnonwoven.com\/product\/pensos-para-incontinencia-com-fita-adesiva\/"},"modified":"2023-05-06T09:52:17","modified_gmt":"2023-05-06T09:52:17","slug":"pensos-para-incontinencia-com-fita-adesiva","status":"publish","type":"product","link":"https:\/\/medposnonwoven.com\/pt-br\/produto\/pensos-para-incontinencia-com-fita-adesiva\/","title":{"rendered":"Pensos para incontin\u00eancia com fita adesiva"},"content":{"rendered":"<ul>\n<li>Preocupa-se com estes problemas?<br \/>\n1. Quando est\u00e1 cansado depois de um longo dia de trabalho, encontra a urina do seu c\u00e3o por toda a casa.<br \/>\n2. Quando est\u00e1 entusiasmado por levar o seu c\u00e3o a passear durante o fim-de-semana, o c\u00e3o n\u00e3o consegue evitar fazer chichi no carro durante a viagem.<br \/>\n3. Sempre que uma cadela est\u00e1 a dar \u00e0 luz cachorros, a casa fica suja e malcheirosa.<br \/>\nExperimente as nossas almofadas para animais de estima\u00e7\u00e3o que o podem ajudar a resolver estes problemas. Os nossos pensos higi\u00e9nicos descart\u00e1veis s\u00e3o altamente absorventes, o tecido n\u00e3o tecido seco \u00e9 macio e respir\u00e1vel, confort\u00e1vel e amigo da pele. Pel\u00edcula de PE resistente \u00e0 prova de \u00e1gua, forte e dur\u00e1vel para evitar fugas nos cantos e no fundo, o que pode manter o ch\u00e3o limpo. Adi\u00e7\u00e3o de um factor de desodoriza\u00e7\u00e3o para manter a frescura, protegendo o seu tempo em casa. As almofadas podem ser fixadas no ch\u00e3o com adesivo para resolver o problema da desloca\u00e7\u00e3o causada pelo andar e pisar dos animais de estima\u00e7\u00e3o.<\/li>\n<\/ul>\n<p>&nbsp;<\/p>\n","protected":false},"excerpt":{"rendered":"<ul>\n<li>Para evitar que os Pee Pads se movam aleatoriamente, utilizamos duas tiras adesivas largas na parte de tr\u00e1s do produto. Evitar a aplica\u00e7\u00e3o de adesivos em pavimentos de madeira.<\/li>\n<li>Amplamente utilizado em hospitais, lares de idosos, cuidados com beb\u00e9s, casa, treino de c\u00e3es e protec\u00e7\u00e3o de mobili\u00e1rio.<\/li>\n<\/ul>\n<h4>Caracter\u00edsticas<\/h4>\n<p>Material:N\u00e3o tecido+Papel+Fluff+SAP+Filme PE<\/p>\n<p>Tamanho: 60x60cm, 60x90cm ou personalizado<\/p>\n<p>Cor: azul, branco, verde<\/p>\n<p>Tipo: Com ou sem padr\u00e3o em relevo<\/p>\n<p>Embalagem: 20 unidades\/saco, 15 sacos\/caixa<\/p>\n<p>&nbsp;<\/p>\n<p>&nbsp;<\/p>\n","protected":false},"featured_media":5376,"template":"","meta":{"site-sidebar-layout":"default","site-content-layout":"default","ast-site-content-layout":"default","site-content-style":"default","site-sidebar-style":"default","ast-global-header-display":"","ast-banner-title-visibility":"","ast-main-header-display":"","ast-hfb-above-header-display":"","ast-hfb-below-header-display":"","ast-hfb-mobile-header-display":"","site-post-title":"","ast-breadcrumbs-content":"","ast-featured-img":"","footer-sml-layout":"","ast-disable-related-posts":"","theme-transparent-header-meta":"default","adv-header-id-meta":"","stick-header-meta":"","header-above-stick-meta":"","header-main-stick-meta":"","header-below-stick-meta":"","astra-migrate-meta-layouts":"default","ast-page-background-enabled":"default","ast-page-background-meta":{"desktop":{"background-color":"","background-image":"","background-repeat":"repeat","background-position":"center center","background-size":"auto","background-attachment":"scroll","background-type":"","background-media":"","overlay-type":"","overlay-color":"","overlay-opacity":"","overlay-gradient":""},"tablet":{"background-color":"","background-image":"","background-repeat":"repeat","background-position":"center center","background-size":"auto","background-attachment":"scroll","background-type":"","background-media":"","overlay-type":"","overlay-color":"","overlay-opacity":"","overlay-gradient":""},"mobile":{"background-color":"","background-image":"","background-repeat":"repeat","background-position":"center center","background-size":"auto","background-attachment":"scroll","background-type":"","background-media":"","overlay-type":"","overlay-color":"","overlay-opacity":"","overlay-gradient":""}},"ast-content-background-meta":{"desktop":{"background-color":"var(--ast-global-color-5)","background-image":"","background-repeat":"repeat","background-position":"center center","background-size":"auto","background-attachment":"scroll","background-type":"","background-media":"","overlay-type":"","overlay-color":"","overlay-opacity":"","overlay-gradient":""},"tablet":{"background-color":"var(--ast-global-color-5)","background-image":"","background-repeat":"repeat","background-position":"center center","background-size":"auto","background-attachment":"scroll","background-type":"","background-media":"","overlay-type":"","overlay-color":"","overlay-opacity":"","overlay-gradient":""},"mobile":{"background-color":"var(--ast-global-color-5)","background-image":"","background-repeat":"repeat","background-position":"center center","background-size":"auto","background-attachment":"scroll","background-type":"","background-media":"","overlay-type":"","overlay-color":"","overlay-opacity":"","overlay-gradient":""}}},"product_brand":[],"product_cat":[135],"product_tag":[],"class_list":{"0":"post-5633","1":"product","2":"type-product","3":"status-publish","4":"has-post-thumbnail","6":"product_cat-pensos-interiores-descartaveis","7":"desktop-align-center","8":"tablet-align-left","9":"mobile-align-left","11":"first","12":"instock","13":"shipping-taxable","14":"product-type-simple"},"_links":{"self":[{"href":"https:\/\/medposnonwoven.com\/pt-br\/wp-json\/wp\/v2\/product\/5633","targetHints":{"allow":["GET"]}}],"collection":[{"href":"https:\/\/medposnonwoven.com\/pt-br\/wp-json\/wp\/v2\/product"}],"about":[{"href":"https:\/\/medposnonwoven.com\/pt-br\/wp-json\/wp\/v2\/types\/product"}],"wp:featuredmedia":[{"embeddable":true,"href":"https:\/\/medposnonwoven.com\/pt-br\/wp-json\/wp\/v2\/media\/5376"}],"wp:attachment":[{"href":"https:\/\/medposnonwoven.com\/pt-br\/wp-json\/wp\/v2\/media?parent=5633"}],"wp:term":[{"taxonomy":"product_brand","embeddable":true,"href":"https:\/\/medposnonwoven.com\/pt-br\/wp-json\/wp\/v2\/product_brand?post=5633"},{"taxonomy":"product_cat","embeddable":true,"href":"https:\/\/medposnonwoven.com\/pt-br\/wp-json\/wp\/v2\/product_cat?post=5633"},{"taxonomy":"product_tag","embeddable":true,"href":"https:\/\/medposnonwoven.com\/pt-br\/wp-json\/wp\/v2\/product_tag?post=5633"}],"curies":[{"name":"wp","href":"https:\/\/api.w.org\/{rel}","templated":true}]}}