{"id":5634,"date":"2023-01-13T16:32:34","date_gmt":"2023-01-13T16:32:34","guid":{"rendered":"https:\/\/medposnonwoven.com\/product\/mangas-de-braco-nao-tecidas-descartaveis\/"},"modified":"2023-05-06T09:58:02","modified_gmt":"2023-05-06T09:58:02","slug":"mangas-de-braco-nao-tecidas-descartaveis","status":"publish","type":"product","link":"https:\/\/medposnonwoven.com\/pt-br\/produto\/mangas-de-braco-nao-tecidas-descartaveis\/","title":{"rendered":"Mangas de bra\u00e7o n\u00e3o tecidas descart\u00e1veis"},"content":{"rendered":"<ul>\n<li>Pode confiar nos nossos protectores de mangas descart\u00e1veis, que proporcionam ao utilizador uma sensa\u00e7\u00e3o semelhante \u00e0 de um pano, quando necessita de uma combina\u00e7\u00e3o de qualidade e conforto de alto valor, bem como de uma protec\u00e7\u00e3o fi\u00e1vel. S\u00e3o fabricadas em tecido de polipropileno azul de alta qualidade, com baixo teor de fibras, respir\u00e1vel, macio, sem l\u00e1tex e leve. O tecido respir\u00e1vel de qualidade superior \u00e9 simultaneamente confort\u00e1vel e fresco. As mangas de bra\u00e7o em tecido n\u00e3o tecido s\u00e3o concebidas com el\u00e1sticos em ambas as extremidades para cobrir os antebra\u00e7os. O fecho el\u00e1stico ata as mangas ao pulso e ao cotovelo para facilitar a coloca\u00e7\u00e3o.<\/li>\n<\/ul>\n<p>&nbsp;<\/p>\n<p>&nbsp;<\/p>\n","protected":false},"excerpt":{"rendered":"<ul>\n<li>O tecido de polipropileno fiado de alta qualidade e baixo desprendimento de fibras, que \u00e9 respir\u00e1vel, macio, isento de l\u00e1tex e leve, \u00e9 utilizado para fabricar as mangas de bra\u00e7o descart\u00e1veis.<\/li>\n<li>Amplamente utilizado em tarefas dom\u00e9sticas, jardinagem, restaura\u00e7\u00e3o, tatuagem, manuten\u00e7\u00e3o ou outros trabalhos di\u00e1rios.<\/li>\n<\/ul>\n<h4>Caracter\u00edsticas<\/h4>\n<p>Material: n\u00e3o tecido de polipropileno<\/p>\n<p>Tamanho: 16\u2033(40 x 20cm) , 18\u2033 (45 x 22cm)<\/p>\n<p>Cor: azul, branco<\/p>\n<p>Tipo: Extremidades el\u00e1sticas<\/p>\n<p>Embalagem: 100 pcs\/saco, 20 sacos\/caixa<\/p>\n<p>&nbsp;<\/p>\n<p>&nbsp;<\/p>\n<p>&nbsp;<\/p>\n","protected":false},"featured_media":5364,"template":"","meta":{"site-sidebar-layout":"default","site-content-layout":"default","ast-site-content-layout":"default","site-content-style":"default","site-sidebar-style":"default","ast-global-header-display":"","ast-banner-title-visibility":"","ast-main-header-display":"","ast-hfb-above-header-display":"","ast-hfb-below-header-display":"","ast-hfb-mobile-header-display":"","site-post-title":"","ast-breadcrumbs-content":"","ast-featured-img":"","footer-sml-layout":"","ast-disable-related-posts":"","theme-transparent-header-meta":"default","adv-header-id-meta":"","stick-header-meta":"","header-above-stick-meta":"","header-main-stick-meta":"","header-below-stick-meta":"","astra-migrate-meta-layouts":"default","ast-page-background-enabled":"default","ast-page-background-meta":{"desktop":{"background-color":"","background-image":"","background-repeat":"repeat","background-position":"center center","background-size":"auto","background-attachment":"scroll","background-type":"","background-media":"","overlay-type":"","overlay-color":"","overlay-opacity":"","overlay-gradient":""},"tablet":{"background-color":"","background-image":"","background-repeat":"repeat","background-position":"center center","background-size":"auto","background-attachment":"scroll","background-type":"","background-media":"","overlay-type":"","overlay-color":"","overlay-opacity":"","overlay-gradient":""},"mobile":{"background-color":"","background-image":"","background-repeat":"repeat","background-position":"center center","background-size":"auto","background-attachment":"scroll","background-type":"","background-media":"","overlay-type":"","overlay-color":"","overlay-opacity":"","overlay-gradient":""}},"ast-content-background-meta":{"desktop":{"background-color":"var(--ast-global-color-5)","background-image":"","background-repeat":"repeat","background-position":"center center","background-size":"auto","background-attachment":"scroll","background-type":"","background-media":"","overlay-type":"","overlay-color":"","overlay-opacity":"","overlay-gradient":""},"tablet":{"background-color":"var(--ast-global-color-5)","background-image":"","background-repeat":"repeat","background-position":"center center","background-size":"auto","background-attachment":"scroll","background-type":"","background-media":"","overlay-type":"","overlay-color":"","overlay-opacity":"","overlay-gradient":""},"mobile":{"background-color":"var(--ast-global-color-5)","background-image":"","background-repeat":"repeat","background-position":"center center","background-size":"auto","background-attachment":"scroll","background-type":"","background-media":"","overlay-type":"","overlay-color":"","overlay-opacity":"","overlay-gradient":""}}},"product_brand":[],"product_cat":[134],"product_tag":[],"class_list":{"0":"post-5634","1":"product","2":"type-product","3":"status-publish","4":"has-post-thumbnail","6":"product_cat-capas-de-manga-descartaveis","7":"desktop-align-center","8":"tablet-align-left","9":"mobile-align-left","11":"first","12":"instock","13":"shipping-taxable","14":"product-type-simple"},"_links":{"self":[{"href":"https:\/\/medposnonwoven.com\/pt-br\/wp-json\/wp\/v2\/product\/5634","targetHints":{"allow":["GET"]}}],"collection":[{"href":"https:\/\/medposnonwoven.com\/pt-br\/wp-json\/wp\/v2\/product"}],"about":[{"href":"https:\/\/medposnonwoven.com\/pt-br\/wp-json\/wp\/v2\/types\/product"}],"wp:featuredmedia":[{"embeddable":true,"href":"https:\/\/medposnonwoven.com\/pt-br\/wp-json\/wp\/v2\/media\/5364"}],"wp:attachment":[{"href":"https:\/\/medposnonwoven.com\/pt-br\/wp-json\/wp\/v2\/media?parent=5634"}],"wp:term":[{"taxonomy":"product_brand","embeddable":true,"href":"https:\/\/medposnonwoven.com\/pt-br\/wp-json\/wp\/v2\/product_brand?post=5634"},{"taxonomy":"product_cat","embeddable":true,"href":"https:\/\/medposnonwoven.com\/pt-br\/wp-json\/wp\/v2\/product_cat?post=5634"},{"taxonomy":"product_tag","embeddable":true,"href":"https:\/\/medposnonwoven.com\/pt-br\/wp-json\/wp\/v2\/product_tag?post=5634"}],"curies":[{"name":"wp","href":"https:\/\/api.w.org\/{rel}","templated":true}]}}