{"id":5635,"date":"2023-01-11T16:29:27","date_gmt":"2023-01-11T16:29:27","guid":{"rendered":"https:\/\/medposnonwoven.com\/product\/luva-de-plastico-descartavel\/"},"modified":"2023-05-06T10:04:13","modified_gmt":"2023-05-06T10:04:13","slug":"luva-de-plastico-descartavel","status":"publish","type":"product","link":"https:\/\/medposnonwoven.com\/pt-br\/produto\/luva-de-plastico-descartavel\/","title":{"rendered":"Luva de pl\u00e1stico descart\u00e1vel"},"content":{"rendered":"<ul>\n<li>O material de base para as luvas descart\u00e1veis \u00e9 o LDPE, que \u00e9 extrudido, fundido e depois arrefecido utilizando rolos de arrefecimento. Forte dureza, excelente elasticidade, resist\u00eancia a fissuras, espessura fina, resist\u00eancia ao frio, resist\u00eancia ao calor, \u00e0 prova de p\u00f3 e \u00e0 prova de \u00e1gua s\u00e3o algumas das suas vantagens. Al\u00e9m disso, <span data-type=\"0\" data-index=\"1\" data-gid=\"0\">\u00e9 flex\u00edvel e f\u00e1cil de utilizar.<\/span> Pode ser amplamente utilizado no sector da hotelaria e restaura\u00e7\u00e3o, catering, prepara\u00e7\u00e3o de alimentos, limpeza dom\u00e9stica, inspec\u00e7\u00e3o de enfermagem, cabelos tingidos de \u00f3leo, higiene pessoal e outras \u00e1reas para lhe proporcionar cuidados \u00edntimos.<\/li>\n<li>O relevo da superf\u00edcie das luvas descart\u00e1veis de HDPE e LDPE \u00e9 geralmente um padr\u00e3o de tor\u00e7\u00e3o por design correspondente, o que faz com que as luvas descart\u00e1veis n\u00e3o pare\u00e7am escorregar, o uso de tecnologia avan\u00e7ada e f\u00f3rmula PE, tornando a luva \u00e0 prova de poeira anti-incrustante, leve e flex\u00edvel, ap\u00f3s o design de extrac\u00e7\u00e3o correspondente, f\u00e1cil de rasgar. Design espesso, boa qualidade, boa rela\u00e7\u00e3o qualidade\/pre\u00e7o.<\/li>\n<\/ul>\n<p>&nbsp;<\/p>\n","protected":false},"excerpt":{"rendered":"<ul>\n<li>Luvas descart\u00e1veis em PE, adequadas para homens\/mulheres, m\u00e3o esquerda e m\u00e3o direita. Boa resist\u00eancia, grande tens\u00e3o, f\u00e1cil de esticar, sensa\u00e7\u00e3o de conforto e suavidade.<\/li>\n<li>Amplamente utilizado no manuseamento de alimentos, cozinha, casas, hot\u00e9is, tratamento m\u00e9dico, cabeleireiro, limpeza de laborat\u00f3rios e outros locais aplic\u00e1veis.<\/li>\n<\/ul>\n<h4>Caracter\u00edsticas<\/h4>\n<p>Material: Polietileno HDPE ou LDPE<\/p>\n<p>Tamanho: S,M,L,XL<\/p>\n<p>Cor: transparente<\/p>\n<p>Tipo: Superf\u00edcie em relevo ou lisa. Ambidestro<\/p>\n<p>Embalagem: Saco, caixa ou personalizado<\/p>\n<p>&nbsp;<\/p>\n<p>&nbsp;<\/p>\n","protected":false},"featured_media":5345,"template":"","meta":{"site-sidebar-layout":"default","site-content-layout":"default","ast-site-content-layout":"default","site-content-style":"default","site-sidebar-style":"default","ast-global-header-display":"","ast-banner-title-visibility":"","ast-main-header-display":"","ast-hfb-above-header-display":"","ast-hfb-below-header-display":"","ast-hfb-mobile-header-display":"","site-post-title":"","ast-breadcrumbs-content":"","ast-featured-img":"","footer-sml-layout":"","ast-disable-related-posts":"","theme-transparent-header-meta":"default","adv-header-id-meta":"","stick-header-meta":"","header-above-stick-meta":"","header-main-stick-meta":"","header-below-stick-meta":"","astra-migrate-meta-layouts":"default","ast-page-background-enabled":"default","ast-page-background-meta":{"desktop":{"background-color":"","background-image":"","background-repeat":"repeat","background-position":"center center","background-size":"auto","background-attachment":"scroll","background-type":"","background-media":"","overlay-type":"","overlay-color":"","overlay-opacity":"","overlay-gradient":""},"tablet":{"background-color":"","background-image":"","background-repeat":"repeat","background-position":"center center","background-size":"auto","background-attachment":"scroll","background-type":"","background-media":"","overlay-type":"","overlay-color":"","overlay-opacity":"","overlay-gradient":""},"mobile":{"background-color":"","background-image":"","background-repeat":"repeat","background-position":"center center","background-size":"auto","background-attachment":"scroll","background-type":"","background-media":"","overlay-type":"","overlay-color":"","overlay-opacity":"","overlay-gradient":""}},"ast-content-background-meta":{"desktop":{"background-color":"var(--ast-global-color-5)","background-image":"","background-repeat":"repeat","background-position":"center center","background-size":"auto","background-attachment":"scroll","background-type":"","background-media":"","overlay-type":"","overlay-color":"","overlay-opacity":"","overlay-gradient":""},"tablet":{"background-color":"var(--ast-global-color-5)","background-image":"","background-repeat":"repeat","background-position":"center center","background-size":"auto","background-attachment":"scroll","background-type":"","background-media":"","overlay-type":"","overlay-color":"","overlay-opacity":"","overlay-gradient":""},"mobile":{"background-color":"var(--ast-global-color-5)","background-image":"","background-repeat":"repeat","background-position":"center center","background-size":"auto","background-attachment":"scroll","background-type":"","background-media":"","overlay-type":"","overlay-color":"","overlay-opacity":"","overlay-gradient":""}}},"product_brand":[],"product_cat":[136],"product_tag":[],"class_list":{"0":"post-5635","1":"product","2":"type-product","3":"status-publish","4":"has-post-thumbnail","6":"product_cat-luvas-descartaveis","7":"desktop-align-center","8":"tablet-align-left","9":"mobile-align-left","11":"first","12":"instock","13":"shipping-taxable","14":"product-type-simple"},"_links":{"self":[{"href":"https:\/\/medposnonwoven.com\/pt-br\/wp-json\/wp\/v2\/product\/5635","targetHints":{"allow":["GET"]}}],"collection":[{"href":"https:\/\/medposnonwoven.com\/pt-br\/wp-json\/wp\/v2\/product"}],"about":[{"href":"https:\/\/medposnonwoven.com\/pt-br\/wp-json\/wp\/v2\/types\/product"}],"wp:featuredmedia":[{"embeddable":true,"href":"https:\/\/medposnonwoven.com\/pt-br\/wp-json\/wp\/v2\/media\/5345"}],"wp:attachment":[{"href":"https:\/\/medposnonwoven.com\/pt-br\/wp-json\/wp\/v2\/media?parent=5635"}],"wp:term":[{"taxonomy":"product_brand","embeddable":true,"href":"https:\/\/medposnonwoven.com\/pt-br\/wp-json\/wp\/v2\/product_brand?post=5635"},{"taxonomy":"product_cat","embeddable":true,"href":"https:\/\/medposnonwoven.com\/pt-br\/wp-json\/wp\/v2\/product_cat?post=5635"},{"taxonomy":"product_tag","embeddable":true,"href":"https:\/\/medposnonwoven.com\/pt-br\/wp-json\/wp\/v2\/product_tag?post=5635"}],"curies":[{"name":"wp","href":"https:\/\/api.w.org\/{rel}","templated":true}]}}