{"id":5636,"date":"2023-01-15T17:12:38","date_gmt":"2023-01-15T17:12:38","guid":{"rendered":"https:\/\/medposnonwoven.com\/product\/lencois-de-cama-descartaveis\/"},"modified":"2023-05-06T09:46:56","modified_gmt":"2023-05-06T09:46:56","slug":"lencois-de-cama-descartaveis","status":"publish","type":"product","link":"https:\/\/medposnonwoven.com\/pt-br\/produto\/lencois-de-cama-descartaveis\/","title":{"rendered":"Len\u00e7\u00f3is de cama descart\u00e1veis"},"content":{"rendered":"<ul>\n<li>Escolhemos estritamente tecidos n\u00e3o tecidos, utilizando materiais 100% virgens para produzir len\u00e7\u00f3is descart\u00e1veis, sem odor e sem problemas ocultos, que contactam directamente com a pele, eliminando completamente a comich\u00e3o na pele, erup\u00e7\u00f5es cut\u00e2neas e outros riscos para a sa\u00fade associados \u00e0 reprodu\u00e7\u00e3o de materiais desperdi\u00e7ados. Os tecidos s\u00e3o respir\u00e1veis, com excelente conforto, leves, higi\u00e9nicos e limpos. A espessura do tecido \u00e9 vis\u00edvel e adapta-se bem \u00e0 pele. O acabamento \u00e9 mais pormenorizado e suave. A dobragem simples \u00e9 c\u00f3moda e pr\u00e1tica. A cor e o tamanho podem ser personalizados de acordo com as necessidades do cliente.<\/li>\n<\/ul>\n<p>&nbsp;<\/p>\n<p>&nbsp;<\/p>\n","protected":false},"excerpt":{"rendered":"<ul>\n<li>Ao utilizar os nossos len\u00e7\u00f3is SPA descart\u00e1veis, a sua superf\u00edcie imperme\u00e1vel bloqueia eficazmente as manchas e dificulta o deslizamento.<\/li>\n<li>Amplamente utilizado em profissionais, mesas de massagem, camas faciais e de exame, mesa de exame hospitalar, mesas de quiropr\u00e1tico e fisioterapia, cadeiras de esteticista, de pestanas, de cera e de tatuagem.<\/li>\n<\/ul>\n<h4>Caracter\u00edsticas<\/h4>\n<p>Material: Polipropileno Spunbond ou SMS<\/p>\n<p>Tamanho: 100*200cm ou personalizado<\/p>\n<p>Cor: azul, branco, cor-de-rosa<\/p>\n<p>Tipo: Suprimentos descart\u00e1veis<\/p>\n<p>Embalagem: 10 unidades\/saco, 10 sacos\/caixa<\/p>\n<p>&nbsp;<\/p>\n<p>&nbsp;<\/p>\n<p>&nbsp;<\/p>\n","protected":false},"featured_media":5388,"template":"","meta":{"site-sidebar-layout":"default","site-content-layout":"default","ast-site-content-layout":"default","site-content-style":"default","site-sidebar-style":"default","ast-global-header-display":"","ast-banner-title-visibility":"","ast-main-header-display":"","ast-hfb-above-header-display":"","ast-hfb-below-header-display":"","ast-hfb-mobile-header-display":"","site-post-title":"","ast-breadcrumbs-content":"","ast-featured-img":"","footer-sml-layout":"","ast-disable-related-posts":"","theme-transparent-header-meta":"default","adv-header-id-meta":"","stick-header-meta":"","header-above-stick-meta":"","header-main-stick-meta":"","header-below-stick-meta":"","astra-migrate-meta-layouts":"default","ast-page-background-enabled":"default","ast-page-background-meta":{"desktop":{"background-color":"","background-image":"","background-repeat":"repeat","background-position":"center center","background-size":"auto","background-attachment":"scroll","background-type":"","background-media":"","overlay-type":"","overlay-color":"","overlay-opacity":"","overlay-gradient":""},"tablet":{"background-color":"","background-image":"","background-repeat":"repeat","background-position":"center center","background-size":"auto","background-attachment":"scroll","background-type":"","background-media":"","overlay-type":"","overlay-color":"","overlay-opacity":"","overlay-gradient":""},"mobile":{"background-color":"","background-image":"","background-repeat":"repeat","background-position":"center center","background-size":"auto","background-attachment":"scroll","background-type":"","background-media":"","overlay-type":"","overlay-color":"","overlay-opacity":"","overlay-gradient":""}},"ast-content-background-meta":{"desktop":{"background-color":"var(--ast-global-color-5)","background-image":"","background-repeat":"repeat","background-position":"center center","background-size":"auto","background-attachment":"scroll","background-type":"","background-media":"","overlay-type":"","overlay-color":"","overlay-opacity":"","overlay-gradient":""},"tablet":{"background-color":"var(--ast-global-color-5)","background-image":"","background-repeat":"repeat","background-position":"center center","background-size":"auto","background-attachment":"scroll","background-type":"","background-media":"","overlay-type":"","overlay-color":"","overlay-opacity":"","overlay-gradient":""},"mobile":{"background-color":"var(--ast-global-color-5)","background-image":"","background-repeat":"repeat","background-position":"center center","background-size":"auto","background-attachment":"scroll","background-type":"","background-media":"","overlay-type":"","overlay-color":"","overlay-opacity":"","overlay-gradient":""}}},"product_brand":[],"product_cat":[133],"product_tag":[],"class_list":{"0":"post-5636","1":"product","2":"type-product","3":"status-publish","4":"has-post-thumbnail","6":"product_cat-rolos-e-coberturas-de-cama-descartaveis","7":"desktop-align-center","8":"tablet-align-left","9":"mobile-align-left","11":"first","12":"instock","13":"shipping-taxable","14":"product-type-simple"},"_links":{"self":[{"href":"https:\/\/medposnonwoven.com\/pt-br\/wp-json\/wp\/v2\/product\/5636","targetHints":{"allow":["GET"]}}],"collection":[{"href":"https:\/\/medposnonwoven.com\/pt-br\/wp-json\/wp\/v2\/product"}],"about":[{"href":"https:\/\/medposnonwoven.com\/pt-br\/wp-json\/wp\/v2\/types\/product"}],"wp:featuredmedia":[{"embeddable":true,"href":"https:\/\/medposnonwoven.com\/pt-br\/wp-json\/wp\/v2\/media\/5388"}],"wp:attachment":[{"href":"https:\/\/medposnonwoven.com\/pt-br\/wp-json\/wp\/v2\/media?parent=5636"}],"wp:term":[{"taxonomy":"product_brand","embeddable":true,"href":"https:\/\/medposnonwoven.com\/pt-br\/wp-json\/wp\/v2\/product_brand?post=5636"},{"taxonomy":"product_cat","embeddable":true,"href":"https:\/\/medposnonwoven.com\/pt-br\/wp-json\/wp\/v2\/product_cat?post=5636"},{"taxonomy":"product_tag","embeddable":true,"href":"https:\/\/medposnonwoven.com\/pt-br\/wp-json\/wp\/v2\/product_tag?post=5636"}],"curies":[{"name":"wp","href":"https:\/\/api.w.org\/{rel}","templated":true}]}}