{"id":5637,"date":"2023-01-14T15:25:06","date_gmt":"2023-01-14T15:25:06","guid":{"rendered":"https:\/\/medposnonwoven.com\/product\/tapetes-de-treino-para-animais-de-estimacao\/"},"modified":"2023-05-06T09:53:47","modified_gmt":"2023-05-06T09:53:47","slug":"tapetes-de-treino-para-animais-de-estimacao","status":"publish","type":"product","link":"https:\/\/medposnonwoven.com\/pt-br\/produto\/tapetes-de-treino-para-animais-de-estimacao\/","title":{"rendered":"Tapetes de treino para animais de estima\u00e7\u00e3o"},"content":{"rendered":"<ul>\n<li>Ser\u00e1 que os seus animais de estima\u00e7\u00e3o o v\u00e3o fazer ter estes problemas? Descasca por todo o lado; sabor a interior; urina nas garras dos animais de estima\u00e7\u00e3o. Os nossos tapetes de urina para animais de estima\u00e7\u00e3o podem ajud\u00e1-lo a resolver estes problemas. Em primeiro lugar, os nossos tapetes de treino para animais de estima\u00e7\u00e3o podem absorver instantaneamente a \u00e1gua sem ter de limpar a urina do animal todos os dias. Em segundo lugar, a absor\u00e7\u00e3o f\u00edsica \u00e9 forte e pode efectivamente remover o odor da urina. Em terceiro lugar, ajudar o dono a treinar o animal de estima\u00e7\u00e3o para fazer chichi no local designado. Por fim, o algod\u00e3o espesso nos quatro lados para evitar que a urina transborde.<\/li>\n<li>As nossas almofadas para animais de estima\u00e7\u00e3o t\u00eam as seguintes caracter\u00edsticas<br \/>\n1. SAP O pol\u00edmero e a polpa de madeira absorvem rapidamente a \u00e1gua e ret\u00eam-na, secos e imperme\u00e1veis.<br \/>\n2. O tecido n\u00e3o tecido \u00e9 delicado, n\u00e3o agride a pele e \u00e9 macio para o beb\u00e9.<br \/>\n3. A indenta\u00e7\u00e3o da superf\u00edcie \u00e9 apertada, a textura \u00e9 uniforme, favorece o refluxo da urina do animal de estima\u00e7\u00e3o e aumenta a taxa de absor\u00e7\u00e3o.<\/li>\n<\/ul>\n<p>&nbsp;<\/p>\n","protected":false},"excerpt":{"rendered":"<ul>\n<li>Ter um atractivo integrado que ajude a guiar o seu c\u00e3o para o tapete pode ajud\u00e1-lo a domar o seu c\u00e3o com sucesso. Estas almofadas wee wee podem ajudar a proteger a sua madeira e alcatifa caras, para al\u00e9m de absorverem o odor e a urina dos animais de estima\u00e7\u00e3o.<\/li>\n<li>Amplamente utilizado em hospitais, lares de idosos, cuidados com beb\u00e9s, casa, treino de c\u00e3es e protec\u00e7\u00e3o de mobili\u00e1rio.<\/li>\n<\/ul>\n<h4>Caracter\u00edsticas<\/h4>\n<p>Material:N\u00e3o tecido+Papel+Fluff+SAP+Filme PE<\/p>\n<p>Tamanho: 60x60cm, 60x90cm ou personalizado<\/p>\n<p>Cor: azul, branco, cor-de-rosa<\/p>\n<p>Tipo: Com ou sem padr\u00e3o em relevo<\/p>\n<p>Embalagem: 20 unidades\/saco, 15 sacos\/caixa<\/p>\n<p>&nbsp;<\/p>\n<p>&nbsp;<\/p>\n","protected":false},"featured_media":5374,"template":"","meta":{"site-sidebar-layout":"default","site-content-layout":"default","ast-site-content-layout":"default","site-content-style":"default","site-sidebar-style":"default","ast-global-header-display":"","ast-banner-title-visibility":"","ast-main-header-display":"","ast-hfb-above-header-display":"","ast-hfb-below-header-display":"","ast-hfb-mobile-header-display":"","site-post-title":"","ast-breadcrumbs-content":"","ast-featured-img":"","footer-sml-layout":"","ast-disable-related-posts":"","theme-transparent-header-meta":"default","adv-header-id-meta":"","stick-header-meta":"","header-above-stick-meta":"","header-main-stick-meta":"","header-below-stick-meta":"","astra-migrate-meta-layouts":"default","ast-page-background-enabled":"default","ast-page-background-meta":{"desktop":{"background-color":"","background-image":"","background-repeat":"repeat","background-position":"center center","background-size":"auto","background-attachment":"scroll","background-type":"","background-media":"","overlay-type":"","overlay-color":"","overlay-opacity":"","overlay-gradient":""},"tablet":{"background-color":"","background-image":"","background-repeat":"repeat","background-position":"center center","background-size":"auto","background-attachment":"scroll","background-type":"","background-media":"","overlay-type":"","overlay-color":"","overlay-opacity":"","overlay-gradient":""},"mobile":{"background-color":"","background-image":"","background-repeat":"repeat","background-position":"center center","background-size":"auto","background-attachment":"scroll","background-type":"","background-media":"","overlay-type":"","overlay-color":"","overlay-opacity":"","overlay-gradient":""}},"ast-content-background-meta":{"desktop":{"background-color":"var(--ast-global-color-5)","background-image":"","background-repeat":"repeat","background-position":"center center","background-size":"auto","background-attachment":"scroll","background-type":"","background-media":"","overlay-type":"","overlay-color":"","overlay-opacity":"","overlay-gradient":""},"tablet":{"background-color":"var(--ast-global-color-5)","background-image":"","background-repeat":"repeat","background-position":"center center","background-size":"auto","background-attachment":"scroll","background-type":"","background-media":"","overlay-type":"","overlay-color":"","overlay-opacity":"","overlay-gradient":""},"mobile":{"background-color":"var(--ast-global-color-5)","background-image":"","background-repeat":"repeat","background-position":"center center","background-size":"auto","background-attachment":"scroll","background-type":"","background-media":"","overlay-type":"","overlay-color":"","overlay-opacity":"","overlay-gradient":""}}},"product_brand":[],"product_cat":[135],"product_tag":[],"class_list":{"0":"post-5637","1":"product","2":"type-product","3":"status-publish","4":"has-post-thumbnail","6":"product_cat-pensos-interiores-descartaveis","7":"desktop-align-center","8":"tablet-align-left","9":"mobile-align-left","11":"first","12":"instock","13":"shipping-taxable","14":"product-type-simple"},"_links":{"self":[{"href":"https:\/\/medposnonwoven.com\/pt-br\/wp-json\/wp\/v2\/product\/5637","targetHints":{"allow":["GET"]}}],"collection":[{"href":"https:\/\/medposnonwoven.com\/pt-br\/wp-json\/wp\/v2\/product"}],"about":[{"href":"https:\/\/medposnonwoven.com\/pt-br\/wp-json\/wp\/v2\/types\/product"}],"wp:featuredmedia":[{"embeddable":true,"href":"https:\/\/medposnonwoven.com\/pt-br\/wp-json\/wp\/v2\/media\/5374"}],"wp:attachment":[{"href":"https:\/\/medposnonwoven.com\/pt-br\/wp-json\/wp\/v2\/media?parent=5637"}],"wp:term":[{"taxonomy":"product_brand","embeddable":true,"href":"https:\/\/medposnonwoven.com\/pt-br\/wp-json\/wp\/v2\/product_brand?post=5637"},{"taxonomy":"product_cat","embeddable":true,"href":"https:\/\/medposnonwoven.com\/pt-br\/wp-json\/wp\/v2\/product_cat?post=5637"},{"taxonomy":"product_tag","embeddable":true,"href":"https:\/\/medposnonwoven.com\/pt-br\/wp-json\/wp\/v2\/product_tag?post=5637"}],"curies":[{"name":"wp","href":"https:\/\/api.w.org\/{rel}","templated":true}]}}