{"id":5638,"date":"2023-01-13T16:09:42","date_gmt":"2023-01-13T16:09:42","guid":{"rendered":"https:\/\/medposnonwoven.com\/product\/mangas-de-braco-descartaveis-em-pe-branco\/"},"modified":"2023-05-06T09:58:34","modified_gmt":"2023-05-06T09:58:34","slug":"mangas-de-braco-descartaveis-em-pe-branco","status":"publish","type":"product","link":"https:\/\/medposnonwoven.com\/pt-br\/produto\/mangas-de-braco-descartaveis-em-pe-branco\/","title":{"rendered":"Mangas de bra\u00e7o descart\u00e1veis em PE branco"},"content":{"rendered":"<ul>\n<li>Os protectores de mangas descart\u00e1veis s\u00e3o capas colocadas sobre as mangas das roupas para as proteger de infec\u00e7\u00f5es. S\u00e3o frequentemente utilizados em instala\u00e7\u00f5es de cuidados de sa\u00fade, como hospitais e cl\u00ednicas, para proteger tanto os doentes como o pessoal contra a propaga\u00e7\u00e3o de doen\u00e7as e germes. Cobrem frequentemente as mangas de uma bata de laborat\u00f3rio ou de uma roupa de trabalho e s\u00e3o feitas de um material leve e descart\u00e1vel, como o n\u00e3o tecido ou o pl\u00e1stico.<\/li>\n<li>Para evitar a contamina\u00e7\u00e3o, as mangas descart\u00e1veis s\u00e3o um tipo de equipamento de protec\u00e7\u00e3o individual (EPI) colocado sobre as mangas do vestu\u00e1rio. Frequentemente constru\u00eddos com um material fino e descart\u00e1vel, como o polietileno ou o polipropileno, destinam-se a ser usados sobre batas de laborat\u00f3rio ou camisas de manga comprida. Na parte superior e inferior da cobertura, s\u00e3o normalmente fixadas com um el\u00e1stico ou uma fita adesiva. Para evitar a propaga\u00e7\u00e3o de doen\u00e7as ou germes, os revestimentos s\u00e3o fabricados para serem utilizados apenas uma vez antes de serem deitados fora. S\u00e3o frequentemente utilizados em ambientes m\u00e9dicos, incluindo hospitais e cl\u00ednicas, bem como em \u00e1reas onde o pessoal entra em contacto com subst\u00e2ncias potencialmente perigosas.<\/li>\n<\/ul>\n<p>&nbsp;<\/p>\n<p>&nbsp;<\/p>\n","protected":false},"excerpt":{"rendered":"<ul>\n<li>A manga descart\u00e1vel \u00e9 feita de pl\u00e1stico de alta qualidade, resistente, macio, leve e confort\u00e1vel, flex\u00edvel para trabalhar, que tem um bom desempenho de efeito protector durante muito tempo.<\/li>\n<li>Amplamente utilizado no manuseamento de alimentos e em trabalhos h\u00famidos, na limpeza de salas, em \u00e1reas de produ\u00e7\u00e3o de produtos electr\u00f3nicos, na ind\u00fastria de embalagens, por pessoal de limpeza, decoradores e comerciantes.<\/li>\n<\/ul>\n<h4>Caracter\u00edsticas<\/h4>\n<p>Material: Polietileno (LDPE)<\/p>\n<p>Tamanho: 16\u2033(40 x 20cm) , 18\u2033 (45 x 22cm)<\/p>\n<p>Cor: azul, branco<\/p>\n<p>Tipo: Superf\u00edcie em relevo ou lisa, extremidades el\u00e1sticas<\/p>\n<p>Embalagem: 100 unidades\/saco, 20 sacos\/caixa<\/p>\n<p>&nbsp;<\/p>\n<p>&nbsp;<\/p>\n<p>&nbsp;<\/p>\n","protected":false},"featured_media":5362,"template":"","meta":{"site-sidebar-layout":"default","site-content-layout":"default","ast-site-content-layout":"default","site-content-style":"default","site-sidebar-style":"default","ast-global-header-display":"","ast-banner-title-visibility":"","ast-main-header-display":"","ast-hfb-above-header-display":"","ast-hfb-below-header-display":"","ast-hfb-mobile-header-display":"","site-post-title":"","ast-breadcrumbs-content":"","ast-featured-img":"","footer-sml-layout":"","ast-disable-related-posts":"","theme-transparent-header-meta":"default","adv-header-id-meta":"","stick-header-meta":"","header-above-stick-meta":"","header-main-stick-meta":"","header-below-stick-meta":"","astra-migrate-meta-layouts":"default","ast-page-background-enabled":"default","ast-page-background-meta":{"desktop":{"background-color":"","background-image":"","background-repeat":"repeat","background-position":"center center","background-size":"auto","background-attachment":"scroll","background-type":"","background-media":"","overlay-type":"","overlay-color":"","overlay-opacity":"","overlay-gradient":""},"tablet":{"background-color":"","background-image":"","background-repeat":"repeat","background-position":"center center","background-size":"auto","background-attachment":"scroll","background-type":"","background-media":"","overlay-type":"","overlay-color":"","overlay-opacity":"","overlay-gradient":""},"mobile":{"background-color":"","background-image":"","background-repeat":"repeat","background-position":"center center","background-size":"auto","background-attachment":"scroll","background-type":"","background-media":"","overlay-type":"","overlay-color":"","overlay-opacity":"","overlay-gradient":""}},"ast-content-background-meta":{"desktop":{"background-color":"var(--ast-global-color-5)","background-image":"","background-repeat":"repeat","background-position":"center center","background-size":"auto","background-attachment":"scroll","background-type":"","background-media":"","overlay-type":"","overlay-color":"","overlay-opacity":"","overlay-gradient":""},"tablet":{"background-color":"var(--ast-global-color-5)","background-image":"","background-repeat":"repeat","background-position":"center center","background-size":"auto","background-attachment":"scroll","background-type":"","background-media":"","overlay-type":"","overlay-color":"","overlay-opacity":"","overlay-gradient":""},"mobile":{"background-color":"var(--ast-global-color-5)","background-image":"","background-repeat":"repeat","background-position":"center center","background-size":"auto","background-attachment":"scroll","background-type":"","background-media":"","overlay-type":"","overlay-color":"","overlay-opacity":"","overlay-gradient":""}}},"product_brand":[],"product_cat":[134],"product_tag":[],"class_list":{"0":"post-5638","1":"product","2":"type-product","3":"status-publish","4":"has-post-thumbnail","6":"product_cat-capas-de-manga-descartaveis","7":"desktop-align-center","8":"tablet-align-left","9":"mobile-align-left","11":"first","12":"instock","13":"shipping-taxable","14":"product-type-simple"},"_links":{"self":[{"href":"https:\/\/medposnonwoven.com\/pt-br\/wp-json\/wp\/v2\/product\/5638","targetHints":{"allow":["GET"]}}],"collection":[{"href":"https:\/\/medposnonwoven.com\/pt-br\/wp-json\/wp\/v2\/product"}],"about":[{"href":"https:\/\/medposnonwoven.com\/pt-br\/wp-json\/wp\/v2\/types\/product"}],"wp:featuredmedia":[{"embeddable":true,"href":"https:\/\/medposnonwoven.com\/pt-br\/wp-json\/wp\/v2\/media\/5362"}],"wp:attachment":[{"href":"https:\/\/medposnonwoven.com\/pt-br\/wp-json\/wp\/v2\/media?parent=5638"}],"wp:term":[{"taxonomy":"product_brand","embeddable":true,"href":"https:\/\/medposnonwoven.com\/pt-br\/wp-json\/wp\/v2\/product_brand?post=5638"},{"taxonomy":"product_cat","embeddable":true,"href":"https:\/\/medposnonwoven.com\/pt-br\/wp-json\/wp\/v2\/product_cat?post=5638"},{"taxonomy":"product_tag","embeddable":true,"href":"https:\/\/medposnonwoven.com\/pt-br\/wp-json\/wp\/v2\/product_tag?post=5638"}],"curies":[{"name":"wp","href":"https:\/\/api.w.org\/{rel}","templated":true}]}}