{"id":5640,"date":"2023-01-04T14:46:42","date_gmt":"2023-01-04T14:46:42","guid":{"rendered":"https:\/\/medposnonwoven.com\/product\/bata-de-laboratorio-em-tecido-nao-tecido-bata-de-visitante-fecho-de-pressao\/"},"modified":"2023-05-06T10:30:26","modified_gmt":"2023-05-06T10:30:26","slug":"bata-de-laboratorio-em-tecido-nao-tecido-bata-de-visitante-fecho-de-pressao","status":"publish","type":"product","link":"https:\/\/medposnonwoven.com\/pt-br\/produto\/bata-de-laboratorio-em-tecido-nao-tecido-bata-de-visitante-fecho-de-pressao\/","title":{"rendered":"Bata de laborat\u00f3rio em tecido n\u00e3o tecido (bata de visitante) &#8211; Fecho de press\u00e3o"},"content":{"rendered":"<ul>\n<li>As nossas batas de laborat\u00f3rio descart\u00e1veis s\u00e3o feitas de tecido n\u00e3o tecido de alta qualidade, normalmente spunbond, SMS ou pel\u00edcula PE laminada com material n\u00e3o tecido. O tecido \u00e9 forte e dur\u00e1vel, resistente ao rasgo e \u00e0 abras\u00e3o, confort\u00e1vel de usar, macio e respir\u00e1vel, resistente \u00e0 sujidade e \u00e0s manchas. Design com bot\u00f5es, bonito e generoso.<\/li>\n<li>Gama de aplica\u00e7\u00f5es:<br \/>\n1. Pintura e tratamento de superf\u00edcie<br \/>\nPintura, revestimento de tinta por pulveriza\u00e7\u00e3o, douramento, tratamento de superf\u00edcie, pedal, carro, cami\u00e3o, barco, tratamento de geada de superf\u00edcie de madeira.<br \/>\n2. sala limpa<br \/>\nTais como a produ\u00e7\u00e3o de bolachas, testes de embalagens e outras ind\u00fastrias de semicondutores, discos r\u00edgidos de computadores, montagem de equipamento \u00f3ptico de precis\u00e3o, investiga\u00e7\u00e3o bioqu\u00edmica de minerais e desinfec\u00e7\u00e3o e manuseamento de materiais perigosos e fabrico de materiais t\u00f3xicos ou corrosivos, remo\u00e7\u00e3o de derrames de l\u00edquidos, fugas e transbordamentos, limpeza, lavagem, purifica\u00e7\u00e3o de condutas e tanques de petr\u00f3leo.<br \/>\n3. Transforma\u00e7\u00e3o de g\u00e9neros aliment\u00edcios<br \/>\nManipula\u00e7\u00e3o e transforma\u00e7\u00e3o de alimentos, incluindo a prepara\u00e7\u00e3o, cozedura, modifica\u00e7\u00e3o, aglutina\u00e7\u00e3o e embalagem de v\u00e1rios alimentos.<\/li>\n<\/ul>\n<p>&nbsp;<\/p>\n<p>&nbsp;<\/p>\n","protected":false},"excerpt":{"rendered":"<ul>\n<li>Estes casacos de visita equipados com fecho de press\u00e3o t\u00eam um aspecto mais elegante. S\u00e3o um excelente vestu\u00e1rio de protec\u00e7\u00e3o para proteger os doentes e o pessoal da transfer\u00eancia de quaisquer part\u00edculas e fluidos.<\/li>\n<li>Amplamente utilizado em aplica\u00e7\u00f5es industriais gerais e na vida quotidiana. Perfeito para projectos cient\u00edficos no laborat\u00f3rio ou na faculdade, manuten\u00e7\u00e3o geral, processamento de alimentos, servi\u00e7o de alimenta\u00e7\u00e3o, pintura e limpeza, etc.<\/li>\n<\/ul>\n<h4>Caracter\u00edsticas<\/h4>\n<p>Material: Spunbond, SMS, PP+PE<\/p>\n<p>Tamanho: S, M, L, XL, XXL, 3XL, 4XL<\/p>\n<p>Cor:Branco, Azul, Azul escuro<\/p>\n<p>Tipo:Com gola, punhos el\u00e1sticos\/ punhos tricotados, fecho de bot\u00e3o de press\u00e3o.<\/p>\n<p>Embalagem: 10 unidades\/saco, 10 sacos\/caixa<\/p>\n<p>&nbsp;<\/p>\n<p>&nbsp;<\/p>\n<p>&nbsp;<\/p>\n","protected":false},"featured_media":5299,"template":"","meta":{"site-sidebar-layout":"default","site-content-layout":"default","ast-site-content-layout":"default","site-content-style":"default","site-sidebar-style":"default","ast-global-header-display":"","ast-banner-title-visibility":"","ast-main-header-display":"","ast-hfb-above-header-display":"","ast-hfb-below-header-display":"","ast-hfb-mobile-header-display":"","site-post-title":"","ast-breadcrumbs-content":"","ast-featured-img":"","footer-sml-layout":"","ast-disable-related-posts":"","theme-transparent-header-meta":"default","adv-header-id-meta":"","stick-header-meta":"","header-above-stick-meta":"","header-main-stick-meta":"","header-below-stick-meta":"","astra-migrate-meta-layouts":"default","ast-page-background-enabled":"default","ast-page-background-meta":{"desktop":{"background-color":"","background-image":"","background-repeat":"repeat","background-position":"center center","background-size":"auto","background-attachment":"scroll","background-type":"","background-media":"","overlay-type":"","overlay-color":"","overlay-opacity":"","overlay-gradient":""},"tablet":{"background-color":"","background-image":"","background-repeat":"repeat","background-position":"center center","background-size":"auto","background-attachment":"scroll","background-type":"","background-media":"","overlay-type":"","overlay-color":"","overlay-opacity":"","overlay-gradient":""},"mobile":{"background-color":"","background-image":"","background-repeat":"repeat","background-position":"center center","background-size":"auto","background-attachment":"scroll","background-type":"","background-media":"","overlay-type":"","overlay-color":"","overlay-opacity":"","overlay-gradient":""}},"ast-content-background-meta":{"desktop":{"background-color":"var(--ast-global-color-5)","background-image":"","background-repeat":"repeat","background-position":"center center","background-size":"auto","background-attachment":"scroll","background-type":"","background-media":"","overlay-type":"","overlay-color":"","overlay-opacity":"","overlay-gradient":""},"tablet":{"background-color":"var(--ast-global-color-5)","background-image":"","background-repeat":"repeat","background-position":"center center","background-size":"auto","background-attachment":"scroll","background-type":"","background-media":"","overlay-type":"","overlay-color":"","overlay-opacity":"","overlay-gradient":""},"mobile":{"background-color":"var(--ast-global-color-5)","background-image":"","background-repeat":"repeat","background-position":"center center","background-size":"auto","background-attachment":"scroll","background-type":"","background-media":"","overlay-type":"","overlay-color":"","overlay-opacity":"","overlay-gradient":""}}},"product_brand":[],"product_cat":[138],"product_tag":[],"class_list":{"0":"post-5640","1":"product","2":"type-product","3":"status-publish","4":"has-post-thumbnail","6":"product_cat-batas-de-proteccao","7":"desktop-align-center","8":"tablet-align-left","9":"mobile-align-left","11":"first","12":"instock","13":"shipping-taxable","14":"product-type-simple"},"_links":{"self":[{"href":"https:\/\/medposnonwoven.com\/pt-br\/wp-json\/wp\/v2\/product\/5640","targetHints":{"allow":["GET"]}}],"collection":[{"href":"https:\/\/medposnonwoven.com\/pt-br\/wp-json\/wp\/v2\/product"}],"about":[{"href":"https:\/\/medposnonwoven.com\/pt-br\/wp-json\/wp\/v2\/types\/product"}],"wp:featuredmedia":[{"embeddable":true,"href":"https:\/\/medposnonwoven.com\/pt-br\/wp-json\/wp\/v2\/media\/5299"}],"wp:attachment":[{"href":"https:\/\/medposnonwoven.com\/pt-br\/wp-json\/wp\/v2\/media?parent=5640"}],"wp:term":[{"taxonomy":"product_brand","embeddable":true,"href":"https:\/\/medposnonwoven.com\/pt-br\/wp-json\/wp\/v2\/product_brand?post=5640"},{"taxonomy":"product_cat","embeddable":true,"href":"https:\/\/medposnonwoven.com\/pt-br\/wp-json\/wp\/v2\/product_cat?post=5640"},{"taxonomy":"product_tag","embeddable":true,"href":"https:\/\/medposnonwoven.com\/pt-br\/wp-json\/wp\/v2\/product_tag?post=5640"}],"curies":[{"name":"wp","href":"https:\/\/api.w.org\/{rel}","templated":true}]}}