{"id":5641,"date":"2023-01-11T15:20:43","date_gmt":"2023-01-11T15:20:43","guid":{"rendered":"https:\/\/medposnonwoven.com\/product\/cobertura-de-plastico-descartavel-para-botas\/"},"modified":"2023-05-06T10:07:42","modified_gmt":"2023-05-06T10:07:42","slug":"cobertura-de-plastico-descartavel-para-botas","status":"publish","type":"product","link":"https:\/\/medposnonwoven.com\/pt-br\/produto\/cobertura-de-plastico-descartavel-para-botas\/","title":{"rendered":"Cobertura de pl\u00e1stico descart\u00e1vel para botas"},"content":{"rendered":"<ul>\n<li>As coberturas para botas evitam que as subst\u00e2ncias se espalhem pelo edif\u00edcio ou pelo espa\u00e7o de trabalho, o que poderia danificar o pavimento, representar um risco de queda ou prejudicar a esterilidade e a limpeza das salas. Os empreiteiros, como electricistas e canalizadores, podem utilizar protectores de sapatos descart\u00e1veis para evitar a propaga\u00e7\u00e3o de sujidade e fuligem comuns quando entram e saem da casa de um cliente.<\/li>\n<li>Os protectores de botas descart\u00e1veis s\u00e3o fant\u00e1sticos para proteger os seus sapatos de subst\u00e2ncias \u00e0 base de \u00e1gua. As capas para botas de chuva est\u00e3o dispon\u00edveis em v\u00e1rias cores e t\u00eam solas antiderrapantes. S\u00e3o fabricados em pel\u00edcula de polietileno pl\u00e1stica de alta qualidade e duradoura. O material tem uma excelente resist\u00eancia ao rasgamento. Duas bandas el\u00e1sticas est\u00e3o equipadas no rebordo e no tornozelo das botas, o que garante um ajuste seguro \u00e0s suas pernas. Esta caracter\u00edstica ajuda a usar r\u00e1pida e facilmente a protec\u00e7\u00e3o imperme\u00e1vel para sapatos sem necessidade de os fixar.<\/li>\n<\/ul>\n<p>&nbsp;<\/p>\n","protected":false},"excerpt":{"rendered":"<ul>\n<li>Estas capas para botas \u00e0 prova de \u00e1gua s\u00e3o feitas de material pl\u00e1stico PE, que \u00e9 espesso e fi\u00e1vel de utilizar, leve e descart\u00e1vel, pode ser facilmente dobrado e colocado numa mochila ou mala de m\u00e3o para viajar.<\/li>\n<li>Amplamente utilizado em casas, hot\u00e9is, ind\u00fastria alimentar, tratamento m\u00e9dico, f\u00e1bricas, limpeza de laborat\u00f3rios e outros locais aplic\u00e1veis.<\/li>\n<\/ul>\n<h4>Caracter\u00edsticas<\/h4>\n<p>Material: Polietileno PE<\/p>\n<p>Tamanho: 40x50cm,45X38cm ou personalizado<\/p>\n<p>Cor:Branco, Azul<\/p>\n<p>Tipo:Topo el\u00e1stico, superf\u00edcie em relevo<\/p>\n<p>Embalagem: 100pcs\/saco, 10 sacos\/caixa<\/p>\n<p>&nbsp;<\/p>\n<p>&nbsp;<\/p>\n","protected":false},"featured_media":5341,"template":"","meta":{"site-sidebar-layout":"default","site-content-layout":"default","ast-site-content-layout":"default","site-content-style":"default","site-sidebar-style":"default","ast-global-header-display":"","ast-banner-title-visibility":"","ast-main-header-display":"","ast-hfb-above-header-display":"","ast-hfb-below-header-display":"","ast-hfb-mobile-header-display":"","site-post-title":"","ast-breadcrumbs-content":"","ast-featured-img":"","footer-sml-layout":"","ast-disable-related-posts":"","theme-transparent-header-meta":"default","adv-header-id-meta":"","stick-header-meta":"","header-above-stick-meta":"","header-main-stick-meta":"","header-below-stick-meta":"","astra-migrate-meta-layouts":"default","ast-page-background-enabled":"default","ast-page-background-meta":{"desktop":{"background-color":"","background-image":"","background-repeat":"repeat","background-position":"center center","background-size":"auto","background-attachment":"scroll","background-type":"","background-media":"","overlay-type":"","overlay-color":"","overlay-opacity":"","overlay-gradient":""},"tablet":{"background-color":"","background-image":"","background-repeat":"repeat","background-position":"center center","background-size":"auto","background-attachment":"scroll","background-type":"","background-media":"","overlay-type":"","overlay-color":"","overlay-opacity":"","overlay-gradient":""},"mobile":{"background-color":"","background-image":"","background-repeat":"repeat","background-position":"center center","background-size":"auto","background-attachment":"scroll","background-type":"","background-media":"","overlay-type":"","overlay-color":"","overlay-opacity":"","overlay-gradient":""}},"ast-content-background-meta":{"desktop":{"background-color":"var(--ast-global-color-5)","background-image":"","background-repeat":"repeat","background-position":"center center","background-size":"auto","background-attachment":"scroll","background-type":"","background-media":"","overlay-type":"","overlay-color":"","overlay-opacity":"","overlay-gradient":""},"tablet":{"background-color":"var(--ast-global-color-5)","background-image":"","background-repeat":"repeat","background-position":"center center","background-size":"auto","background-attachment":"scroll","background-type":"","background-media":"","overlay-type":"","overlay-color":"","overlay-opacity":"","overlay-gradient":""},"mobile":{"background-color":"var(--ast-global-color-5)","background-image":"","background-repeat":"repeat","background-position":"center center","background-size":"auto","background-attachment":"scroll","background-type":"","background-media":"","overlay-type":"","overlay-color":"","overlay-opacity":"","overlay-gradient":""}}},"product_brand":[],"product_cat":[137],"product_tag":[],"class_list":{"0":"post-5641","1":"product","2":"type-product","3":"status-publish","4":"has-post-thumbnail","6":"product_cat-capas-para-sapatos-e-botas","7":"desktop-align-center","8":"tablet-align-left","9":"mobile-align-left","11":"first","12":"instock","13":"shipping-taxable","14":"product-type-simple"},"_links":{"self":[{"href":"https:\/\/medposnonwoven.com\/pt-br\/wp-json\/wp\/v2\/product\/5641","targetHints":{"allow":["GET"]}}],"collection":[{"href":"https:\/\/medposnonwoven.com\/pt-br\/wp-json\/wp\/v2\/product"}],"about":[{"href":"https:\/\/medposnonwoven.com\/pt-br\/wp-json\/wp\/v2\/types\/product"}],"wp:featuredmedia":[{"embeddable":true,"href":"https:\/\/medposnonwoven.com\/pt-br\/wp-json\/wp\/v2\/media\/5341"}],"wp:attachment":[{"href":"https:\/\/medposnonwoven.com\/pt-br\/wp-json\/wp\/v2\/media?parent=5641"}],"wp:term":[{"taxonomy":"product_brand","embeddable":true,"href":"https:\/\/medposnonwoven.com\/pt-br\/wp-json\/wp\/v2\/product_brand?post=5641"},{"taxonomy":"product_cat","embeddable":true,"href":"https:\/\/medposnonwoven.com\/pt-br\/wp-json\/wp\/v2\/product_cat?post=5641"},{"taxonomy":"product_tag","embeddable":true,"href":"https:\/\/medposnonwoven.com\/pt-br\/wp-json\/wp\/v2\/product_tag?post=5641"}],"curies":[{"name":"wp","href":"https:\/\/api.w.org\/{rel}","templated":true}]}}