{"id":5642,"date":"2023-01-06T14:27:26","date_gmt":"2023-01-06T14:27:26","guid":{"rendered":"https:\/\/medposnonwoven.com\/product\/bata-cpe-descartavel\/"},"modified":"2023-05-06T10:24:18","modified_gmt":"2023-05-06T10:24:18","slug":"bata-cpe-descartavel","status":"publish","type":"product","link":"https:\/\/medposnonwoven.com\/pt-br\/produto\/bata-cpe-descartavel\/","title":{"rendered":"Bata CPE descart\u00e1vel"},"content":{"rendered":"<ul>\n<li>As nossas batas CPE descart\u00e1veis s\u00e3o feitas de pel\u00edcula CPE de alta qualidade, resistentes ao rasgo e ao sangue, imperme\u00e1veis, resistentes ao \u00f3leo, com efeito de barreira contra o p\u00f3 e n\u00e3o irritantes para a pele. As propriedades de envolvimento s\u00e3o boas e o p\u00f3 n\u00e3o penetra facilmente na bata de protec\u00e7\u00e3o. Suave ao tacto e fabricada em CPE espessado para uma longa dura\u00e7\u00e3o. Isola os l\u00edquidos externos e filtra os gases vol\u00e1teis para evitar o contacto directo.<\/li>\n<li>Moldagem integrada totalmente autom\u00e1tica, rebordos sem rebarbas, confort\u00e1vel e simples, bonita e generosa. Design humanizado do punho, moldagem integrada, n\u00e3o \u00e9 f\u00e1cil de cair, mant\u00e9m as melhores condi\u00e7\u00f5es de funcionamento. La\u00e7o tradicional, integrado na pr\u00f3pria bata, novo material CPE com melhor resist\u00eancia \u00e0 trac\u00e7\u00e3o, n\u00e3o \u00e9 f\u00e1cil de partir. Processo de prensagem a quente do corpo da manga, somos extremamente rigorosos com o \u00fanico processo de lamina\u00e7\u00e3o a quente manual para batas CPE, com mais de 10 anos de experi\u00eancia de trabalhadores, para evitar que caiam.<\/li>\n<\/ul>\n<p>&nbsp;<\/p>\n","protected":false},"excerpt":{"rendered":"<ul>\n<li>Cada vestido foi concebido com orif\u00edcios para o polegar, para que se ajuste bem ao corpo sempre que for usado. Os orif\u00edcios para o polegar permitem usar facilmente luvas sem que as mangas deslizem para cima para uma protec\u00e7\u00e3o extra.<\/li>\n<li>Amplamente utilizado em servi\u00e7os alimentares, processamento de carne, culin\u00e1ria, manuseamento de alimentos, salas limpas, jardinagem e impress\u00e3o.<\/li>\n<\/ul>\n<h4>Caracter\u00edsticas<\/h4>\n<p>Material: Polietileno CPE<\/p>\n<p>Tamanho:112*117cm\/90*122cm\/100*121cm ou personalizado<\/p>\n<p>Cor:Azul ou personalizada<\/p>\n<p>Tipo:Pe\u00e7a \u00fanica, com gancho para o polegar e costas abertas.<\/p>\n<p>Embalagem: 1 unidade por pacote, 200 pacotes por caixa<\/p>\n<p>&nbsp;<\/p>\n<p>&nbsp;<\/p>\n","protected":false},"featured_media":5313,"template":"","meta":{"site-sidebar-layout":"default","site-content-layout":"default","ast-site-content-layout":"default","site-content-style":"default","site-sidebar-style":"default","ast-global-header-display":"","ast-banner-title-visibility":"","ast-main-header-display":"","ast-hfb-above-header-display":"","ast-hfb-below-header-display":"","ast-hfb-mobile-header-display":"","site-post-title":"","ast-breadcrumbs-content":"","ast-featured-img":"","footer-sml-layout":"","ast-disable-related-posts":"","theme-transparent-header-meta":"default","adv-header-id-meta":"","stick-header-meta":"","header-above-stick-meta":"","header-main-stick-meta":"","header-below-stick-meta":"","astra-migrate-meta-layouts":"default","ast-page-background-enabled":"default","ast-page-background-meta":{"desktop":{"background-color":"","background-image":"","background-repeat":"repeat","background-position":"center center","background-size":"auto","background-attachment":"scroll","background-type":"","background-media":"","overlay-type":"","overlay-color":"","overlay-opacity":"","overlay-gradient":""},"tablet":{"background-color":"","background-image":"","background-repeat":"repeat","background-position":"center center","background-size":"auto","background-attachment":"scroll","background-type":"","background-media":"","overlay-type":"","overlay-color":"","overlay-opacity":"","overlay-gradient":""},"mobile":{"background-color":"","background-image":"","background-repeat":"repeat","background-position":"center center","background-size":"auto","background-attachment":"scroll","background-type":"","background-media":"","overlay-type":"","overlay-color":"","overlay-opacity":"","overlay-gradient":""}},"ast-content-background-meta":{"desktop":{"background-color":"var(--ast-global-color-5)","background-image":"","background-repeat":"repeat","background-position":"center center","background-size":"auto","background-attachment":"scroll","background-type":"","background-media":"","overlay-type":"","overlay-color":"","overlay-opacity":"","overlay-gradient":""},"tablet":{"background-color":"var(--ast-global-color-5)","background-image":"","background-repeat":"repeat","background-position":"center center","background-size":"auto","background-attachment":"scroll","background-type":"","background-media":"","overlay-type":"","overlay-color":"","overlay-opacity":"","overlay-gradient":""},"mobile":{"background-color":"var(--ast-global-color-5)","background-image":"","background-repeat":"repeat","background-position":"center center","background-size":"auto","background-attachment":"scroll","background-type":"","background-media":"","overlay-type":"","overlay-color":"","overlay-opacity":"","overlay-gradient":""}}},"product_brand":[],"product_cat":[139],"product_tag":[],"class_list":{"0":"post-5642","1":"product","2":"type-product","3":"status-publish","4":"has-post-thumbnail","6":"product_cat-aventais-descartaveis","7":"desktop-align-center","8":"tablet-align-left","9":"mobile-align-left","11":"first","12":"instock","13":"shipping-taxable","14":"product-type-simple"},"_links":{"self":[{"href":"https:\/\/medposnonwoven.com\/pt-br\/wp-json\/wp\/v2\/product\/5642","targetHints":{"allow":["GET"]}}],"collection":[{"href":"https:\/\/medposnonwoven.com\/pt-br\/wp-json\/wp\/v2\/product"}],"about":[{"href":"https:\/\/medposnonwoven.com\/pt-br\/wp-json\/wp\/v2\/types\/product"}],"wp:featuredmedia":[{"embeddable":true,"href":"https:\/\/medposnonwoven.com\/pt-br\/wp-json\/wp\/v2\/media\/5313"}],"wp:attachment":[{"href":"https:\/\/medposnonwoven.com\/pt-br\/wp-json\/wp\/v2\/media?parent=5642"}],"wp:term":[{"taxonomy":"product_brand","embeddable":true,"href":"https:\/\/medposnonwoven.com\/pt-br\/wp-json\/wp\/v2\/product_brand?post=5642"},{"taxonomy":"product_cat","embeddable":true,"href":"https:\/\/medposnonwoven.com\/pt-br\/wp-json\/wp\/v2\/product_cat?post=5642"},{"taxonomy":"product_tag","embeddable":true,"href":"https:\/\/medposnonwoven.com\/pt-br\/wp-json\/wp\/v2\/product_tag?post=5642"}],"curies":[{"name":"wp","href":"https:\/\/api.w.org\/{rel}","templated":true}]}}