{"id":5643,"date":"2023-01-11T14:46:32","date_gmt":"2023-01-11T14:46:32","guid":{"rendered":"https:\/\/medposnonwoven.com\/product\/cobertura-microporosa-para-botas\/"},"modified":"2023-05-06T10:09:24","modified_gmt":"2023-05-06T10:09:24","slug":"cobertura-microporosa-para-botas","status":"publish","type":"product","link":"https:\/\/medposnonwoven.com\/pt-br\/produto\/cobertura-microporosa-para-botas\/","title":{"rendered":"Cobertura microporosa para botas"},"content":{"rendered":"<ul>\n<li>Os protectores de botas descart\u00e1veis podem ser deitados fora depois de utilizados. Isto pode reduzir significativamente a possibilidade de contamina\u00e7\u00e3o cruzada e evitar que os profissionais de sa\u00fade espalhem potenciais contaminantes para outras \u00e1reas.<\/li>\n<li>Os protectores de botas descart\u00e1veis s\u00e3o fant\u00e1sticos para proteger os seus sapatos de subst\u00e2ncias \u00e0 base de \u00e1gua. As capas para botas de chuva est\u00e3o dispon\u00edveis em v\u00e1rias cores e t\u00eam atilhos laterais que fixam as botas descart\u00e1veis na perna. S\u00e3o fabricados a partir de uma mistura de 2 tecidos: tecido n\u00e3o tecido e pel\u00edcula de PE respir\u00e1vel. O material de dupla camada apresenta uma excelente resist\u00eancia ao rasgamento. Duas bandas el\u00e1sticas est\u00e3o equipadas no rebordo e no tornozelo das botas, o que garante um ajuste seguro \u00e0s suas pernas. Esta caracter\u00edstica ajuda a usar r\u00e1pida e facilmente a protec\u00e7\u00e3o imperme\u00e1vel para sapatos sem necessidade de os fixar.<\/li>\n<\/ul>\n<p>&nbsp;<\/p>\n","protected":false},"excerpt":{"rendered":"<ul>\n<li>Fabricado em polipropileno e polietileno, imperme\u00e1vel, antiderrapante, confort\u00e1vel e respir\u00e1vel.<\/li>\n<li>Amplamente utilizado em casas, hot\u00e9is, ind\u00fastria alimentar, tratamento m\u00e9dico, f\u00e1bricas, limpeza de laborat\u00f3rios e outros locais aplic\u00e1veis.<\/li>\n<\/ul>\n<h4>Caracter\u00edsticas<\/h4>\n<p>Material: Polipropileno (PP) + pel\u00edcula microporosa<\/p>\n<p>Tamanho: 40x50cm ou personalizado<\/p>\n<p>Cor:Branco, Azul<\/p>\n<p>Tipo:Parte superior el\u00e1stica, com fita azul<\/p>\n<p>Embalagem: 100pcs\/saco, 10 sacos\/caixa<\/p>\n<p>&nbsp;<\/p>\n<p>&nbsp;<\/p>\n","protected":false},"featured_media":5338,"template":"","meta":{"site-sidebar-layout":"default","site-content-layout":"default","ast-site-content-layout":"default","site-content-style":"default","site-sidebar-style":"default","ast-global-header-display":"","ast-banner-title-visibility":"","ast-main-header-display":"","ast-hfb-above-header-display":"","ast-hfb-below-header-display":"","ast-hfb-mobile-header-display":"","site-post-title":"","ast-breadcrumbs-content":"","ast-featured-img":"","footer-sml-layout":"","ast-disable-related-posts":"","theme-transparent-header-meta":"default","adv-header-id-meta":"","stick-header-meta":"","header-above-stick-meta":"","header-main-stick-meta":"","header-below-stick-meta":"","astra-migrate-meta-layouts":"default","ast-page-background-enabled":"default","ast-page-background-meta":{"desktop":{"background-color":"","background-image":"","background-repeat":"repeat","background-position":"center center","background-size":"auto","background-attachment":"scroll","background-type":"","background-media":"","overlay-type":"","overlay-color":"","overlay-opacity":"","overlay-gradient":""},"tablet":{"background-color":"","background-image":"","background-repeat":"repeat","background-position":"center center","background-size":"auto","background-attachment":"scroll","background-type":"","background-media":"","overlay-type":"","overlay-color":"","overlay-opacity":"","overlay-gradient":""},"mobile":{"background-color":"","background-image":"","background-repeat":"repeat","background-position":"center center","background-size":"auto","background-attachment":"scroll","background-type":"","background-media":"","overlay-type":"","overlay-color":"","overlay-opacity":"","overlay-gradient":""}},"ast-content-background-meta":{"desktop":{"background-color":"var(--ast-global-color-5)","background-image":"","background-repeat":"repeat","background-position":"center center","background-size":"auto","background-attachment":"scroll","background-type":"","background-media":"","overlay-type":"","overlay-color":"","overlay-opacity":"","overlay-gradient":""},"tablet":{"background-color":"var(--ast-global-color-5)","background-image":"","background-repeat":"repeat","background-position":"center center","background-size":"auto","background-attachment":"scroll","background-type":"","background-media":"","overlay-type":"","overlay-color":"","overlay-opacity":"","overlay-gradient":""},"mobile":{"background-color":"var(--ast-global-color-5)","background-image":"","background-repeat":"repeat","background-position":"center center","background-size":"auto","background-attachment":"scroll","background-type":"","background-media":"","overlay-type":"","overlay-color":"","overlay-opacity":"","overlay-gradient":""}}},"product_brand":[],"product_cat":[137],"product_tag":[],"class_list":{"0":"post-5643","1":"product","2":"type-product","3":"status-publish","4":"has-post-thumbnail","6":"product_cat-capas-para-sapatos-e-botas","7":"desktop-align-center","8":"tablet-align-left","9":"mobile-align-left","11":"first","12":"instock","13":"shipping-taxable","14":"product-type-simple"},"_links":{"self":[{"href":"https:\/\/medposnonwoven.com\/pt-br\/wp-json\/wp\/v2\/product\/5643","targetHints":{"allow":["GET"]}}],"collection":[{"href":"https:\/\/medposnonwoven.com\/pt-br\/wp-json\/wp\/v2\/product"}],"about":[{"href":"https:\/\/medposnonwoven.com\/pt-br\/wp-json\/wp\/v2\/types\/product"}],"wp:featuredmedia":[{"embeddable":true,"href":"https:\/\/medposnonwoven.com\/pt-br\/wp-json\/wp\/v2\/media\/5338"}],"wp:attachment":[{"href":"https:\/\/medposnonwoven.com\/pt-br\/wp-json\/wp\/v2\/media?parent=5643"}],"wp:term":[{"taxonomy":"product_brand","embeddable":true,"href":"https:\/\/medposnonwoven.com\/pt-br\/wp-json\/wp\/v2\/product_brand?post=5643"},{"taxonomy":"product_cat","embeddable":true,"href":"https:\/\/medposnonwoven.com\/pt-br\/wp-json\/wp\/v2\/product_cat?post=5643"},{"taxonomy":"product_tag","embeddable":true,"href":"https:\/\/medposnonwoven.com\/pt-br\/wp-json\/wp\/v2\/product_tag?post=5643"}],"curies":[{"name":"wp","href":"https:\/\/api.w.org\/{rel}","templated":true}]}}