{"id":5644,"date":"2023-01-07T15:44:39","date_gmt":"2023-01-07T15:44:39","guid":{"rendered":"https:\/\/medposnonwoven.com\/product\/cobertura-descartavel-para-sapatos-cpe\/"},"modified":"2023-05-06T10:19:47","modified_gmt":"2023-05-06T10:19:47","slug":"cobertura-descartavel-para-sapatos-cpe","status":"publish","type":"product","link":"https:\/\/medposnonwoven.com\/pt-br\/produto\/cobertura-descartavel-para-sapatos-cpe\/","title":{"rendered":"Cobertura descart\u00e1vel para sapatos CPE"},"content":{"rendered":"<ul>\n<li>Os protectores de sapatos descart\u00e1veis s\u00e3o fabricados com materiais CPE de alta qualidade, extra-grossos, robustos e duradouros, 100% recicl\u00e1veis. S\u00e3o tamb\u00e9m imperme\u00e1veis, antiderrapantes, resistentes a rasg\u00f5es e t\u00eam uma superf\u00edcie antiderrapante. Numa variedade de ambientes interiores e exteriores, incluindo os relacionados com a fam\u00edlia, viagens, festas, jardins, museus, locais de trabalho, pavimentos alcatifados interiores, autom\u00f3veis, etc., os revestimentos para cal\u00e7ado multiusos s\u00e3o adequados para sapatos, botas, botins, cal\u00e7ado desportivo ou t\u00e9nis. Ideal para turistas, convidados, pintores, profissionais da primeira inf\u00e2ncia, agentes imobili\u00e1rios e projectos familiares.<\/li>\n<li>Os protectores de cal\u00e7ado evitam que as subst\u00e2ncias se espalhem pelo edif\u00edcio ou pelo espa\u00e7o de trabalho, o que poderia danificar o pavimento, representar um risco de queda ou prejudicar a esterilidade e a limpeza das salas. Os empreiteiros, como electricistas e canalizadores, podem utilizar protectores de sapatos descart\u00e1veis para evitar a propaga\u00e7\u00e3o de sujidade e fuligem comuns quando entram e saem da casa de um cliente.<\/li>\n<li>Muitas profiss\u00f5es requerem tarefas que podem expor os trabalhadores a subst\u00e2ncias que danificam ou mancham o cal\u00e7ado. O cal\u00e7ado individual mant\u00e9m-se mais limpo porque as capas para sapatos criam uma barreira f\u00edsica entre estes materiais.<\/li>\n<\/ul>\n<p>&nbsp;<\/p>\n","protected":false},"excerpt":{"rendered":"<ul>\n<li>Em compara\u00e7\u00e3o com a cobertura de cal\u00e7ado em LDPE, as sobre-sapatas CPE t\u00eam melhor resist\u00eancia \u00e0s intemp\u00e9ries, resist\u00eancia ao ozono, resist\u00eancia qu\u00edmica e resist\u00eancia ao envelhecimento, e excelente resist\u00eancia ao \u00f3leo, retardamento de chama e fun\u00e7\u00e3o de colora\u00e7\u00e3o.<\/li>\n<li>Amplamente utilizado em casas, hot\u00e9is, ind\u00fastria alimentar, tratamento m\u00e9dico, f\u00e1bricas, limpeza de laborat\u00f3rios e outros locais aplic\u00e1veis.<\/li>\n<\/ul>\n<h4>Caracter\u00edsticas<\/h4>\n<p>Material: CPE (polietileno clorado)<\/p>\n<p>Tamanho:15*41cm,16*40cm ou personalizado<\/p>\n<p>Cor: azul, verde ou personalizada<\/p>\n<p>Tipo:Tira el\u00e1stica para o tornozelo, superf\u00edcie em relevo<\/p>\n<p>Embalagem: 100pcs\/saco, 20 sacos\/caixa<\/p>\n<p>&nbsp;<\/p>\n<p>&nbsp;<\/p>\n","protected":false},"featured_media":5324,"template":"","meta":{"site-sidebar-layout":"default","site-content-layout":"default","ast-site-content-layout":"default","site-content-style":"default","site-sidebar-style":"default","ast-global-header-display":"","ast-banner-title-visibility":"","ast-main-header-display":"","ast-hfb-above-header-display":"","ast-hfb-below-header-display":"","ast-hfb-mobile-header-display":"","site-post-title":"","ast-breadcrumbs-content":"","ast-featured-img":"","footer-sml-layout":"","theme-transparent-header-meta":"default","adv-header-id-meta":"","stick-header-meta":"","header-above-stick-meta":"","header-main-stick-meta":"","header-below-stick-meta":"","astra-migrate-meta-layouts":"default","ast-page-background-enabled":"default","ast-page-background-meta":{"desktop":{"background-color":"","background-image":"","background-repeat":"repeat","background-position":"center center","background-size":"auto","background-attachment":"scroll","background-type":"","background-media":"","overlay-type":"","overlay-color":"","overlay-opacity":"","overlay-gradient":""},"tablet":{"background-color":"","background-image":"","background-repeat":"repeat","background-position":"center center","background-size":"auto","background-attachment":"scroll","background-type":"","background-media":"","overlay-type":"","overlay-color":"","overlay-opacity":"","overlay-gradient":""},"mobile":{"background-color":"","background-image":"","background-repeat":"repeat","background-position":"center center","background-size":"auto","background-attachment":"scroll","background-type":"","background-media":"","overlay-type":"","overlay-color":"","overlay-opacity":"","overlay-gradient":""}},"ast-content-background-meta":{"desktop":{"background-color":"var(--ast-global-color-5)","background-image":"","background-repeat":"repeat","background-position":"center center","background-size":"auto","background-attachment":"scroll","background-type":"","background-media":"","overlay-type":"","overlay-color":"","overlay-opacity":"","overlay-gradient":""},"tablet":{"background-color":"var(--ast-global-color-5)","background-image":"","background-repeat":"repeat","background-position":"center center","background-size":"auto","background-attachment":"scroll","background-type":"","background-media":"","overlay-type":"","overlay-color":"","overlay-opacity":"","overlay-gradient":""},"mobile":{"background-color":"var(--ast-global-color-5)","background-image":"","background-repeat":"repeat","background-position":"center center","background-size":"auto","background-attachment":"scroll","background-type":"","background-media":"","overlay-type":"","overlay-color":"","overlay-opacity":"","overlay-gradient":""}}},"product_brand":[],"product_cat":[137],"product_tag":[],"class_list":{"0":"post-5644","1":"product","2":"type-product","3":"status-publish","4":"has-post-thumbnail","6":"product_cat-capas-para-sapatos-e-botas","7":"desktop-align-center","8":"tablet-align-left","9":"mobile-align-left","11":"first","12":"instock","13":"shipping-taxable","14":"product-type-simple"},"_links":{"self":[{"href":"https:\/\/medposnonwoven.com\/pt-br\/wp-json\/wp\/v2\/product\/5644","targetHints":{"allow":["GET"]}}],"collection":[{"href":"https:\/\/medposnonwoven.com\/pt-br\/wp-json\/wp\/v2\/product"}],"about":[{"href":"https:\/\/medposnonwoven.com\/pt-br\/wp-json\/wp\/v2\/types\/product"}],"wp:featuredmedia":[{"embeddable":true,"href":"https:\/\/medposnonwoven.com\/pt-br\/wp-json\/wp\/v2\/media\/5324"}],"wp:attachment":[{"href":"https:\/\/medposnonwoven.com\/pt-br\/wp-json\/wp\/v2\/media?parent=5644"}],"wp:term":[{"taxonomy":"product_brand","embeddable":true,"href":"https:\/\/medposnonwoven.com\/pt-br\/wp-json\/wp\/v2\/product_brand?post=5644"},{"taxonomy":"product_cat","embeddable":true,"href":"https:\/\/medposnonwoven.com\/pt-br\/wp-json\/wp\/v2\/product_cat?post=5644"},{"taxonomy":"product_tag","embeddable":true,"href":"https:\/\/medposnonwoven.com\/pt-br\/wp-json\/wp\/v2\/product_tag?post=5644"}],"curies":[{"name":"wp","href":"https:\/\/api.w.org\/{rel}","templated":true}]}}