{"id":5645,"date":"2023-01-04T13:52:45","date_gmt":"2023-01-04T13:52:45","guid":{"rendered":"https:\/\/medposnonwoven.com\/product\/bata-de-laboratorio-em-tecido-nao-tecido-bata-de-visitante-fecho-de-velcro\/"},"modified":"2023-05-06T10:31:12","modified_gmt":"2023-05-06T10:31:12","slug":"bata-de-laboratorio-em-tecido-nao-tecido-bata-de-visitante-fecho-de-velcro","status":"publish","type":"product","link":"https:\/\/medposnonwoven.com\/pt-br\/produto\/bata-de-laboratorio-em-tecido-nao-tecido-bata-de-visitante-fecho-de-velcro\/","title":{"rendered":"Bata de laborat\u00f3rio em tecido n\u00e3o tecido (bata de visitante) &#8211; Fecho de velcro"},"content":{"rendered":"<ul>\n<li>Esta bata de visitante descart\u00e1vel \u00e9 do tipo com fecho de velcro, f\u00e1cil de abrir e fechar, pode ser vestida e retirada muito rapidamente. Fabricados com materiais adequados, com resist\u00eancia suficiente e propriedades de barreira, podemos fabric\u00e1-los em esterilizados ou n\u00e3o esterilizados.<\/li>\n<li>Utiliza\u00e7\u00e3o prevista:Adequado para ambiente m\u00e9dico, laborat\u00f3rio (org\u00e2nico), cen\u00e1rios de ensaio de cen\u00e1rios de I&amp;D e outros cen\u00e1rios especiais de classe integrada<\/li>\n<li>Aten\u00e7\u00e3o: cuidado com as pessoas al\u00e9rgicas a n\u00e3o-tecidos e outras mat\u00e9rias-primas Este produto \u00e9 de utiliza\u00e7\u00e3o \u00fanica, devendo ser eliminado como lixo hospitalar ap\u00f3s utiliza\u00e7\u00e3o Este produto deve evitar o contacto com produtos qu\u00edmicos \u00e1cidos, alcalinos e objectos afiados, colis\u00e3o Se estiver partido, n\u00e3o continuar a utilizar.<\/li>\n<\/ul>\n<p>&nbsp;<\/p>\n","protected":false},"excerpt":{"rendered":"<ul>\n<li>As batas de laborat\u00f3rio descart\u00e1veis s\u00e3o fabricadas em tecido n\u00e3o tecido de polipropileno anti-est\u00e1tico e \u00e0 prova de salpicos, 100% isento de l\u00e1tex, leve mas ainda assim dur\u00e1vel para ser usado hora ap\u00f3s hora e garantir conforto.<\/li>\n<li>Amplamente utilizado em aplica\u00e7\u00f5es industriais gerais e na vida quotidiana. Perfeito para projectos cient\u00edficos no laborat\u00f3rio ou na faculdade, manuten\u00e7\u00e3o geral, processamento de alimentos, servi\u00e7o de alimenta\u00e7\u00e3o, pintura e limpeza, etc.<\/li>\n<\/ul>\n<h4>Caracter\u00edsticas<\/h4>\n<p>Material: Spunbond, SMS, PP+PE<\/p>\n<p>Tamanho: S, M, L, XL, XXL, 3XL, 4XL<\/p>\n<p>Cor:Branco, Azul, Azul escuro<\/p>\n<p>Tipo:Com gola, punho el\u00e1stico\/ punhos tricotados, fecho de velcro.<\/p>\n<p>Embalagem: 10 unidades\/saco, 10 sacos\/caixa<\/p>\n<p>&nbsp;<\/p>\n<p>&nbsp;<\/p>\n","protected":false},"featured_media":5296,"template":"","meta":{"site-sidebar-layout":"default","site-content-layout":"default","ast-site-content-layout":"default","site-content-style":"default","site-sidebar-style":"default","ast-global-header-display":"","ast-banner-title-visibility":"","ast-main-header-display":"","ast-hfb-above-header-display":"","ast-hfb-below-header-display":"","ast-hfb-mobile-header-display":"","site-post-title":"","ast-breadcrumbs-content":"","ast-featured-img":"","footer-sml-layout":"","ast-disable-related-posts":"","theme-transparent-header-meta":"default","adv-header-id-meta":"","stick-header-meta":"","header-above-stick-meta":"","header-main-stick-meta":"","header-below-stick-meta":"","astra-migrate-meta-layouts":"default","ast-page-background-enabled":"default","ast-page-background-meta":{"desktop":{"background-color":"","background-image":"","background-repeat":"repeat","background-position":"center center","background-size":"auto","background-attachment":"scroll","background-type":"","background-media":"","overlay-type":"","overlay-color":"","overlay-opacity":"","overlay-gradient":""},"tablet":{"background-color":"","background-image":"","background-repeat":"repeat","background-position":"center center","background-size":"auto","background-attachment":"scroll","background-type":"","background-media":"","overlay-type":"","overlay-color":"","overlay-opacity":"","overlay-gradient":""},"mobile":{"background-color":"","background-image":"","background-repeat":"repeat","background-position":"center center","background-size":"auto","background-attachment":"scroll","background-type":"","background-media":"","overlay-type":"","overlay-color":"","overlay-opacity":"","overlay-gradient":""}},"ast-content-background-meta":{"desktop":{"background-color":"var(--ast-global-color-5)","background-image":"","background-repeat":"repeat","background-position":"center center","background-size":"auto","background-attachment":"scroll","background-type":"","background-media":"","overlay-type":"","overlay-color":"","overlay-opacity":"","overlay-gradient":""},"tablet":{"background-color":"var(--ast-global-color-5)","background-image":"","background-repeat":"repeat","background-position":"center center","background-size":"auto","background-attachment":"scroll","background-type":"","background-media":"","overlay-type":"","overlay-color":"","overlay-opacity":"","overlay-gradient":""},"mobile":{"background-color":"var(--ast-global-color-5)","background-image":"","background-repeat":"repeat","background-position":"center center","background-size":"auto","background-attachment":"scroll","background-type":"","background-media":"","overlay-type":"","overlay-color":"","overlay-opacity":"","overlay-gradient":""}}},"product_brand":[],"product_cat":[138],"product_tag":[],"class_list":{"0":"post-5645","1":"product","2":"type-product","3":"status-publish","4":"has-post-thumbnail","6":"product_cat-batas-de-proteccao","7":"desktop-align-center","8":"tablet-align-left","9":"mobile-align-left","11":"first","12":"instock","13":"shipping-taxable","14":"product-type-simple"},"_links":{"self":[{"href":"https:\/\/medposnonwoven.com\/pt-br\/wp-json\/wp\/v2\/product\/5645","targetHints":{"allow":["GET"]}}],"collection":[{"href":"https:\/\/medposnonwoven.com\/pt-br\/wp-json\/wp\/v2\/product"}],"about":[{"href":"https:\/\/medposnonwoven.com\/pt-br\/wp-json\/wp\/v2\/types\/product"}],"wp:featuredmedia":[{"embeddable":true,"href":"https:\/\/medposnonwoven.com\/pt-br\/wp-json\/wp\/v2\/media\/5296"}],"wp:attachment":[{"href":"https:\/\/medposnonwoven.com\/pt-br\/wp-json\/wp\/v2\/media?parent=5645"}],"wp:term":[{"taxonomy":"product_brand","embeddable":true,"href":"https:\/\/medposnonwoven.com\/pt-br\/wp-json\/wp\/v2\/product_brand?post=5645"},{"taxonomy":"product_cat","embeddable":true,"href":"https:\/\/medposnonwoven.com\/pt-br\/wp-json\/wp\/v2\/product_cat?post=5645"},{"taxonomy":"product_tag","embeddable":true,"href":"https:\/\/medposnonwoven.com\/pt-br\/wp-json\/wp\/v2\/product_tag?post=5645"}],"curies":[{"name":"wp","href":"https:\/\/api.w.org\/{rel}","templated":true}]}}