{"id":5646,"date":"2023-01-05T16:06:55","date_gmt":"2023-01-05T16:06:55","guid":{"rendered":"https:\/\/medposnonwoven.com\/product\/avental-descartavel-de-pe-em-rolo\/"},"modified":"2023-05-06T10:25:52","modified_gmt":"2023-05-06T10:25:52","slug":"avental-descartavel-de-pe-em-rolo","status":"publish","type":"product","link":"https:\/\/medposnonwoven.com\/pt-br\/produto\/avental-descartavel-de-pe-em-rolo\/","title":{"rendered":"Avental descart\u00e1vel de PE em rolo"},"content":{"rendered":"<ul>\n<li>Os nossos aventais descart\u00e1veis s\u00e3o feitos de material de polietileno de alta qualidade, \u00e0 prova de rasg\u00f5es e material transl\u00facido dur\u00e1vel. O seu design simples de usar, a fun\u00e7\u00e3o de suspens\u00e3o r\u00e1pida no pesco\u00e7o e o la\u00e7o extra-longo na cintura tornam simples at\u00e1-lo \u00e0s costas. Bastam alguns segundos para o colocar e come\u00e7ar a trabalhar. Por favor, n\u00e3o se preocupe se abrir o avental dobrado e s\u00f3 vir metade dele. Os nossos aventais t\u00eam aberturas em ambos os lados que podem ser utilizadas para os reabrir de modo a ficarem completamente formados.<\/li>\n<\/ul>\n<p>&nbsp;<\/p>\n","protected":false},"excerpt":{"rendered":"<ul>\n<li>S\u00e3o fornecidos aventais descart\u00e1veis para adultos e cada avental \u00e9 embrulhado separadamente, o que facilita o seu transporte. Podem proteger melhor as suas roupas, vestidos ou camisas de ficarem sujos e molhados.<\/li>\n<li>Amplamente utilizado em servi\u00e7os alimentares, processamento de carne, culin\u00e1ria, manuseamento de alimentos, salas limpas, jardinagem e impress\u00e3o.<\/li>\n<\/ul>\n<h4>Caracter\u00edsticas<\/h4>\n<p>Material: Polietileno HDPE ou LDPE<\/p>\n<p>Tamanho: 27\u00d742\u2033 (69x107cm), 28\u00d746\u2033 (71x117cm), 32\u2033x49\u2033 (80x125cm)<\/p>\n<p>Cor: azul, verde ou personalizada<\/p>\n<p>Tipo:Pe\u00e7a \u00fanica, com atilhos na parte de tr\u00e1s, com relevo ou superf\u00edcie lisa<\/p>\n<p>Embalagem: 50 pcs\/rolo, 20 rolos\/caixa<\/p>\n<p>&nbsp;<\/p>\n<p>&nbsp;<\/p>\n<p>&nbsp;<\/p>\n","protected":false},"featured_media":5310,"template":"","meta":{"site-sidebar-layout":"default","site-content-layout":"default","ast-site-content-layout":"default","site-content-style":"default","site-sidebar-style":"default","ast-global-header-display":"","ast-banner-title-visibility":"","ast-main-header-display":"","ast-hfb-above-header-display":"","ast-hfb-below-header-display":"","ast-hfb-mobile-header-display":"","site-post-title":"","ast-breadcrumbs-content":"","ast-featured-img":"","footer-sml-layout":"","ast-disable-related-posts":"","theme-transparent-header-meta":"default","adv-header-id-meta":"","stick-header-meta":"","header-above-stick-meta":"","header-main-stick-meta":"","header-below-stick-meta":"","astra-migrate-meta-layouts":"default","ast-page-background-enabled":"default","ast-page-background-meta":{"desktop":{"background-color":"","background-image":"","background-repeat":"repeat","background-position":"center center","background-size":"auto","background-attachment":"scroll","background-type":"","background-media":"","overlay-type":"","overlay-color":"","overlay-opacity":"","overlay-gradient":""},"tablet":{"background-color":"","background-image":"","background-repeat":"repeat","background-position":"center center","background-size":"auto","background-attachment":"scroll","background-type":"","background-media":"","overlay-type":"","overlay-color":"","overlay-opacity":"","overlay-gradient":""},"mobile":{"background-color":"","background-image":"","background-repeat":"repeat","background-position":"center center","background-size":"auto","background-attachment":"scroll","background-type":"","background-media":"","overlay-type":"","overlay-color":"","overlay-opacity":"","overlay-gradient":""}},"ast-content-background-meta":{"desktop":{"background-color":"var(--ast-global-color-5)","background-image":"","background-repeat":"repeat","background-position":"center center","background-size":"auto","background-attachment":"scroll","background-type":"","background-media":"","overlay-type":"","overlay-color":"","overlay-opacity":"","overlay-gradient":""},"tablet":{"background-color":"var(--ast-global-color-5)","background-image":"","background-repeat":"repeat","background-position":"center center","background-size":"auto","background-attachment":"scroll","background-type":"","background-media":"","overlay-type":"","overlay-color":"","overlay-opacity":"","overlay-gradient":""},"mobile":{"background-color":"var(--ast-global-color-5)","background-image":"","background-repeat":"repeat","background-position":"center center","background-size":"auto","background-attachment":"scroll","background-type":"","background-media":"","overlay-type":"","overlay-color":"","overlay-opacity":"","overlay-gradient":""}}},"product_brand":[],"product_cat":[139],"product_tag":[],"class_list":{"0":"post-5646","1":"product","2":"type-product","3":"status-publish","4":"has-post-thumbnail","6":"product_cat-aventais-descartaveis","7":"desktop-align-center","8":"tablet-align-left","9":"mobile-align-left","11":"first","12":"instock","13":"shipping-taxable","14":"product-type-simple"},"_links":{"self":[{"href":"https:\/\/medposnonwoven.com\/pt-br\/wp-json\/wp\/v2\/product\/5646","targetHints":{"allow":["GET"]}}],"collection":[{"href":"https:\/\/medposnonwoven.com\/pt-br\/wp-json\/wp\/v2\/product"}],"about":[{"href":"https:\/\/medposnonwoven.com\/pt-br\/wp-json\/wp\/v2\/types\/product"}],"wp:featuredmedia":[{"embeddable":true,"href":"https:\/\/medposnonwoven.com\/pt-br\/wp-json\/wp\/v2\/media\/5310"}],"wp:attachment":[{"href":"https:\/\/medposnonwoven.com\/pt-br\/wp-json\/wp\/v2\/media?parent=5646"}],"wp:term":[{"taxonomy":"product_brand","embeddable":true,"href":"https:\/\/medposnonwoven.com\/pt-br\/wp-json\/wp\/v2\/product_brand?post=5646"},{"taxonomy":"product_cat","embeddable":true,"href":"https:\/\/medposnonwoven.com\/pt-br\/wp-json\/wp\/v2\/product_cat?post=5646"},{"taxonomy":"product_tag","embeddable":true,"href":"https:\/\/medposnonwoven.com\/pt-br\/wp-json\/wp\/v2\/product_tag?post=5646"}],"curies":[{"name":"wp","href":"https:\/\/api.w.org\/{rel}","templated":true}]}}