{"id":5647,"date":"2023-01-03T15:19:08","date_gmt":"2023-01-03T15:19:08","guid":{"rendered":"https:\/\/medposnonwoven.com\/product\/fato-de-proteccao-descartavel-sms\/"},"modified":"2023-05-06T11:47:26","modified_gmt":"2023-05-06T11:47:26","slug":"fato-de-proteccao-descartavel-sms","status":"publish","type":"product","link":"https:\/\/medposnonwoven.com\/pt-br\/produto\/fato-de-proteccao-descartavel-sms\/","title":{"rendered":"Fato de protec\u00e7\u00e3o descart\u00e1vel SMS"},"content":{"rendered":"<ul>\n<li>O macac\u00e3o \u00e9 constitu\u00eddo por tr\u00eas camadas de tecido n\u00e3o tecido composto, a camada interm\u00e9dia \u00e9 uma camada repelente de \u00e1gua, o padr\u00e3o exterior de pontos de s\u00e9samo \u00e9 um tecido n\u00e3o tecido PP que \u00e9 forte e duradouro. Com isolamento de bact\u00e9rias e fun\u00e7\u00e3o imperme\u00e1vel e respir\u00e1vel, geralmente utilizado para controlo de poeiras, pintura exterior, cria\u00e7\u00e3o de quintas, isolamento, sala esterilizada de laborat\u00f3rio de cultivo e outras utiliza\u00e7\u00f5es ambientais de purifica\u00e7\u00e3o.<\/li>\n<li>O nosso macac\u00e3o de protec\u00e7\u00e3o descart\u00e1vel tem as seguintes caracter\u00edsticas<br \/>\n1. Capuz de tipo el\u00e1stico, ajustado ao rosto e adequado a uma variedade de formas de rosto, impede eficazmente a entrada de poeiras.<br \/>\n2. Os punhos t\u00eam uma elevada elasticidade, podem adaptar-se eficazmente ao pulso, n\u00e3o s\u00e3o soltos nem apertados e s\u00e3o eficazes para a protec\u00e7\u00e3o.<br \/>\n3. Ajuste ao tornozelo com banda el\u00e1stica, f\u00e1cil de usar, preven\u00e7\u00e3o eficaz da infiltra\u00e7\u00e3o de poeiras.<br \/>\n4. Cinta el\u00e1stica nas costas, adaptada ao seu tipo de corpo, mais conveniente para trabalhar.<br \/>\n5. Costura uniforme nas costuras, utilizando o processo de fecho, bem cosida sem linha.<\/li>\n<\/ul>\n","protected":false},"excerpt":{"rendered":"<ul>\n<li>Os fatos descart\u00e1veis s\u00e3o feitos de tecido n\u00e3o tecido SMS 100% polipropileno, repelente de \u00e1gua, \u00e0 prova de \u00f3leo e resistente a rasg\u00f5es. Proporcionam protec\u00e7\u00e3o total do corpo em ambientes de risco ligeiro.<\/li>\n<li>Amplamente utilizado para jardinagem, pintura, pulveriza\u00e7\u00e3o, fabrico, limpeza, manuten\u00e7\u00e3o de ve\u00edculos e m\u00e1quinas ou para fazer trabalhos de jardinagem.<\/li>\n<\/ul>\n<h4>Caracter\u00edsticas<\/h4>\n<p>Material: Tecido n\u00e3o tecido de polipropileno SMS<\/p>\n<p>Tamanho: S, M, L, XL, XXL, 3XL, 4XL<\/p>\n<p>Cor:Branco, Azul, Azul escuro<\/p>\n<p>Tipo:Com capuz, punhos el\u00e1sticos e fecho de correr \u00e0 frente.<\/p>\n<p>Embalagem: 1 pcs\/saco, 50 sacos\/caixa<\/p>\n<p>&nbsp;<\/p>\n<p>&nbsp;<\/p>\n","protected":false},"featured_media":5285,"template":"","meta":{"site-sidebar-layout":"default","site-content-layout":"default","ast-site-content-layout":"default","site-content-style":"default","site-sidebar-style":"default","ast-global-header-display":"","ast-banner-title-visibility":"","ast-main-header-display":"","ast-hfb-above-header-display":"","ast-hfb-below-header-display":"","ast-hfb-mobile-header-display":"","site-post-title":"","ast-breadcrumbs-content":"","ast-featured-img":"","footer-sml-layout":"","ast-disable-related-posts":"","theme-transparent-header-meta":"default","adv-header-id-meta":"","stick-header-meta":"","header-above-stick-meta":"","header-main-stick-meta":"","header-below-stick-meta":"","astra-migrate-meta-layouts":"default","ast-page-background-enabled":"default","ast-page-background-meta":{"desktop":{"background-color":"","background-image":"","background-repeat":"repeat","background-position":"center center","background-size":"auto","background-attachment":"scroll","background-type":"","background-media":"","overlay-type":"","overlay-color":"","overlay-opacity":"","overlay-gradient":""},"tablet":{"background-color":"","background-image":"","background-repeat":"repeat","background-position":"center center","background-size":"auto","background-attachment":"scroll","background-type":"","background-media":"","overlay-type":"","overlay-color":"","overlay-opacity":"","overlay-gradient":""},"mobile":{"background-color":"","background-image":"","background-repeat":"repeat","background-position":"center center","background-size":"auto","background-attachment":"scroll","background-type":"","background-media":"","overlay-type":"","overlay-color":"","overlay-opacity":"","overlay-gradient":""}},"ast-content-background-meta":{"desktop":{"background-color":"var(--ast-global-color-5)","background-image":"","background-repeat":"repeat","background-position":"center center","background-size":"auto","background-attachment":"scroll","background-type":"","background-media":"","overlay-type":"","overlay-color":"","overlay-opacity":"","overlay-gradient":""},"tablet":{"background-color":"var(--ast-global-color-5)","background-image":"","background-repeat":"repeat","background-position":"center center","background-size":"auto","background-attachment":"scroll","background-type":"","background-media":"","overlay-type":"","overlay-color":"","overlay-opacity":"","overlay-gradient":""},"mobile":{"background-color":"var(--ast-global-color-5)","background-image":"","background-repeat":"repeat","background-position":"center center","background-size":"auto","background-attachment":"scroll","background-type":"","background-media":"","overlay-type":"","overlay-color":"","overlay-opacity":"","overlay-gradient":""}}},"product_brand":[],"product_cat":[138],"product_tag":[],"class_list":{"0":"post-5647","1":"product","2":"type-product","3":"status-publish","4":"has-post-thumbnail","6":"product_cat-batas-de-proteccao","7":"desktop-align-center","8":"tablet-align-left","9":"mobile-align-left","11":"first","12":"instock","13":"shipping-taxable","14":"product-type-simple"},"_links":{"self":[{"href":"https:\/\/medposnonwoven.com\/pt-br\/wp-json\/wp\/v2\/product\/5647","targetHints":{"allow":["GET"]}}],"collection":[{"href":"https:\/\/medposnonwoven.com\/pt-br\/wp-json\/wp\/v2\/product"}],"about":[{"href":"https:\/\/medposnonwoven.com\/pt-br\/wp-json\/wp\/v2\/types\/product"}],"wp:featuredmedia":[{"embeddable":true,"href":"https:\/\/medposnonwoven.com\/pt-br\/wp-json\/wp\/v2\/media\/5285"}],"wp:attachment":[{"href":"https:\/\/medposnonwoven.com\/pt-br\/wp-json\/wp\/v2\/media?parent=5647"}],"wp:term":[{"taxonomy":"product_brand","embeddable":true,"href":"https:\/\/medposnonwoven.com\/pt-br\/wp-json\/wp\/v2\/product_brand?post=5647"},{"taxonomy":"product_cat","embeddable":true,"href":"https:\/\/medposnonwoven.com\/pt-br\/wp-json\/wp\/v2\/product_cat?post=5647"},{"taxonomy":"product_tag","embeddable":true,"href":"https:\/\/medposnonwoven.com\/pt-br\/wp-json\/wp\/v2\/product_tag?post=5647"}],"curies":[{"name":"wp","href":"https:\/\/api.w.org\/{rel}","templated":true}]}}