{"id":5648,"date":"2023-01-07T14:00:12","date_gmt":"2023-01-07T14:00:12","guid":{"rendered":"https:\/\/medposnonwoven.com\/product\/cobertura-descartavel-de-ldpe-para-sapatos\/"},"modified":"2023-05-06T10:21:44","modified_gmt":"2023-05-06T10:21:44","slug":"cobertura-descartavel-de-ldpe-para-sapatos","status":"publish","type":"product","link":"https:\/\/medposnonwoven.com\/pt-br\/produto\/cobertura-descartavel-de-ldpe-para-sapatos\/","title":{"rendered":"Cobertura descart\u00e1vel de LDPE para sapatos"},"content":{"rendered":"<ul>\n<li>Para as pessoas que procuram um cal\u00e7ado confort\u00e1vel e moderno, as capas de sapatos descart\u00e1veis s\u00e3o uma escolha pr\u00e1tica e higi\u00e9nica. T\u00eam um ajuste agrad\u00e1vel, uma vez que s\u00e3o compostos por materiais finos e absorventes, como o tecido n\u00e3o tecido ou a pel\u00edcula de pl\u00e1stico. T\u00eam um design simples com uma banda el\u00e1stica no tornozelo e um estilo slip-on que garante um ajuste agrad\u00e1vel.<\/li>\n<li>Os protectores de cal\u00e7ado evitam que as subst\u00e2ncias se espalhem pelo edif\u00edcio ou pelo espa\u00e7o de trabalho, o que poderia danificar o pavimento, representar um risco de queda ou prejudicar a esterilidade e a limpeza das salas. Os empreiteiros, como electricistas e canalizadores, podem utilizar protectores de sapatos descart\u00e1veis para evitar a propaga\u00e7\u00e3o de sujidade e fuligem comuns quando entram e saem da casa de um cliente.<\/li>\n<li>Muitas profiss\u00f5es requerem tarefas que podem expor os trabalhadores a subst\u00e2ncias que danificam ou mancham o cal\u00e7ado. O cal\u00e7ado individual mant\u00e9m-se mais limpo porque as capas para sapatos criam uma barreira f\u00edsica entre estes materiais.<\/li>\n<\/ul>\n<p>&nbsp;<\/p>\n","protected":false},"excerpt":{"rendered":"<ul>\n<li>Protectores de cal\u00e7ado em PE com boas propriedades de impermeabiliza\u00e7\u00e3o, grande elasticidade, el\u00e1sticos de alta qualidade que n\u00e3o se partem quando puxados e n\u00e3o tombam facilmente ao caminhar<\/li>\n<li>Amplamente utilizado em casas, hot\u00e9is, ind\u00fastria alimentar, tratamento m\u00e9dico, f\u00e1bricas, limpeza de laborat\u00f3rios e outros locais aplic\u00e1veis.<\/li>\n<\/ul>\n<h4>Caracter\u00edsticas<\/h4>\n<p>Material: LDPE (polietileno de baixa densidade)<\/p>\n<p>Tamanho:15*41cm,16*40cm ou personalizado<\/p>\n<p>Cor: azul, verde ou personalizada<\/p>\n<p>Tipo:Tira el\u00e1stica para o tornozelo, superf\u00edcie em relevo<\/p>\n<p>Embalagem: 100pcs\/saco, 20 sacos\/caixa<\/p>\n<p>&nbsp;<\/p>\n<p>&nbsp;<\/p>\n","protected":false},"featured_media":5323,"template":"","meta":{"site-sidebar-layout":"default","site-content-layout":"default","ast-site-content-layout":"default","site-content-style":"default","site-sidebar-style":"default","ast-global-header-display":"","ast-banner-title-visibility":"","ast-main-header-display":"","ast-hfb-above-header-display":"","ast-hfb-below-header-display":"","ast-hfb-mobile-header-display":"","site-post-title":"","ast-breadcrumbs-content":"","ast-featured-img":"","footer-sml-layout":"","ast-disable-related-posts":"","theme-transparent-header-meta":"default","adv-header-id-meta":"","stick-header-meta":"","header-above-stick-meta":"","header-main-stick-meta":"","header-below-stick-meta":"","astra-migrate-meta-layouts":"default","ast-page-background-enabled":"default","ast-page-background-meta":{"desktop":{"background-color":"","background-image":"","background-repeat":"repeat","background-position":"center center","background-size":"auto","background-attachment":"scroll","background-type":"","background-media":"","overlay-type":"","overlay-color":"","overlay-opacity":"","overlay-gradient":""},"tablet":{"background-color":"","background-image":"","background-repeat":"repeat","background-position":"center center","background-size":"auto","background-attachment":"scroll","background-type":"","background-media":"","overlay-type":"","overlay-color":"","overlay-opacity":"","overlay-gradient":""},"mobile":{"background-color":"","background-image":"","background-repeat":"repeat","background-position":"center center","background-size":"auto","background-attachment":"scroll","background-type":"","background-media":"","overlay-type":"","overlay-color":"","overlay-opacity":"","overlay-gradient":""}},"ast-content-background-meta":{"desktop":{"background-color":"var(--ast-global-color-5)","background-image":"","background-repeat":"repeat","background-position":"center center","background-size":"auto","background-attachment":"scroll","background-type":"","background-media":"","overlay-type":"","overlay-color":"","overlay-opacity":"","overlay-gradient":""},"tablet":{"background-color":"var(--ast-global-color-5)","background-image":"","background-repeat":"repeat","background-position":"center center","background-size":"auto","background-attachment":"scroll","background-type":"","background-media":"","overlay-type":"","overlay-color":"","overlay-opacity":"","overlay-gradient":""},"mobile":{"background-color":"var(--ast-global-color-5)","background-image":"","background-repeat":"repeat","background-position":"center center","background-size":"auto","background-attachment":"scroll","background-type":"","background-media":"","overlay-type":"","overlay-color":"","overlay-opacity":"","overlay-gradient":""}}},"product_brand":[],"product_cat":[137],"product_tag":[],"class_list":{"0":"post-5648","1":"product","2":"type-product","3":"status-publish","4":"has-post-thumbnail","6":"product_cat-capas-para-sapatos-e-botas","7":"desktop-align-center","8":"tablet-align-left","9":"mobile-align-left","11":"first","12":"instock","13":"shipping-taxable","14":"product-type-simple"},"_links":{"self":[{"href":"https:\/\/medposnonwoven.com\/pt-br\/wp-json\/wp\/v2\/product\/5648","targetHints":{"allow":["GET"]}}],"collection":[{"href":"https:\/\/medposnonwoven.com\/pt-br\/wp-json\/wp\/v2\/product"}],"about":[{"href":"https:\/\/medposnonwoven.com\/pt-br\/wp-json\/wp\/v2\/types\/product"}],"wp:featuredmedia":[{"embeddable":true,"href":"https:\/\/medposnonwoven.com\/pt-br\/wp-json\/wp\/v2\/media\/5323"}],"wp:attachment":[{"href":"https:\/\/medposnonwoven.com\/pt-br\/wp-json\/wp\/v2\/media?parent=5648"}],"wp:term":[{"taxonomy":"product_brand","embeddable":true,"href":"https:\/\/medposnonwoven.com\/pt-br\/wp-json\/wp\/v2\/product_brand?post=5648"},{"taxonomy":"product_cat","embeddable":true,"href":"https:\/\/medposnonwoven.com\/pt-br\/wp-json\/wp\/v2\/product_cat?post=5648"},{"taxonomy":"product_tag","embeddable":true,"href":"https:\/\/medposnonwoven.com\/pt-br\/wp-json\/wp\/v2\/product_tag?post=5648"}],"curies":[{"name":"wp","href":"https:\/\/api.w.org\/{rel}","templated":true}]}}