{"id":5649,"date":"2023-01-10T16:12:24","date_gmt":"2023-01-10T16:12:24","guid":{"rendered":"https:\/\/medposnonwoven.com\/product\/protector-de-botas-nao-tecido-descartavel\/"},"modified":"2023-05-06T10:10:50","modified_gmt":"2023-05-06T10:10:50","slug":"protector-de-botas-nao-tecido-descartavel","status":"publish","type":"product","link":"https:\/\/medposnonwoven.com\/pt-br\/produto\/protector-de-botas-nao-tecido-descartavel\/","title":{"rendered":"Protector de botas n\u00e3o tecido descart\u00e1vel"},"content":{"rendered":"<ul>\n<li>Os protectores de botas descart\u00e1veis s\u00e3o uma solu\u00e7\u00e3o pr\u00e1tica e higi\u00e9nica para os consumidores que procuram cal\u00e7ado confort\u00e1vel e elegante, uma vez que s\u00e3o fabricados com materiais leves e imperme\u00e1veis, como os t\u00eaxteis n\u00e3o tecidos. De design simples, t\u00eam uma banda el\u00e1stica no tornozelo para um ajuste seguro e um estilo slip-on.<\/li>\n<li>Para o pessoal que trabalha em hospitais, f\u00e1bricas e outros locais onde \u00e9 necess\u00e1rio um elevado n\u00edvel de higiene, a escolha de protectores de botas descart\u00e1veis n\u00e3o \u00e9 uma m\u00e1 ideia. Protegem-no perfeitamente da lama e de outros elementos perigosos com uma camada adicional. o que os torna uma boa escolha para as pessoas que trabalham no exterior. Se algu\u00e9m quiser manter os seus sapatos limpos, pode optar por protectores de botas descart\u00e1veis, dispon\u00edveis numa variedade de tamanhos e cores. S\u00e3o econ\u00f3micos, f\u00e1ceis de armazenar e c\u00f3modos de utilizar.<\/li>\n<\/ul>\n<p>&nbsp;<\/p>\n","protected":false},"excerpt":{"rendered":"<ul>\n<li>O tecido n\u00e3o tecido de polipropileno de alta qualidade \u00e9 utilizado para fabricar botas descart\u00e1veis. Ao contr\u00e1rio de outros protectores de p\u00e9s em pl\u00e1stico, o tecido do protector de sapatos imperme\u00e1vel \u00e9 resistente aos rasg\u00f5es e n\u00e3o enferruja.<\/li>\n<li>Amplamente utilizado em casas, hot\u00e9is, ind\u00fastria alimentar, tratamento m\u00e9dico, f\u00e1bricas, limpeza de laborat\u00f3rios e outros locais aplic\u00e1veis.<\/li>\n<\/ul>\n<h4>Caracter\u00edsticas<\/h4>\n<p>Material: Tecido n\u00e3o tecido de polipropileno<\/p>\n<p>Tamanho: 42x39cm, 40x50cm ou personalizado<\/p>\n<p>Cor:Branco, Azul<\/p>\n<p>Tipo:Parte superior el\u00e1stica, com dois atilhos, com ou sem sola antiderrapante<\/p>\n<p>Embalagem: 100pcs\/saco, 10 sacos\/caixa<\/p>\n<p>&nbsp;<\/p>\n<p>&nbsp;<\/p>\n","protected":false},"featured_media":5335,"template":"","meta":{"site-sidebar-layout":"default","site-content-layout":"default","ast-site-content-layout":"default","site-content-style":"default","site-sidebar-style":"default","ast-global-header-display":"","ast-banner-title-visibility":"","ast-main-header-display":"","ast-hfb-above-header-display":"","ast-hfb-below-header-display":"","ast-hfb-mobile-header-display":"","site-post-title":"","ast-breadcrumbs-content":"","ast-featured-img":"","footer-sml-layout":"","ast-disable-related-posts":"","theme-transparent-header-meta":"default","adv-header-id-meta":"","stick-header-meta":"","header-above-stick-meta":"","header-main-stick-meta":"","header-below-stick-meta":"","astra-migrate-meta-layouts":"default","ast-page-background-enabled":"default","ast-page-background-meta":{"desktop":{"background-color":"","background-image":"","background-repeat":"repeat","background-position":"center center","background-size":"auto","background-attachment":"scroll","background-type":"","background-media":"","overlay-type":"","overlay-color":"","overlay-opacity":"","overlay-gradient":""},"tablet":{"background-color":"","background-image":"","background-repeat":"repeat","background-position":"center center","background-size":"auto","background-attachment":"scroll","background-type":"","background-media":"","overlay-type":"","overlay-color":"","overlay-opacity":"","overlay-gradient":""},"mobile":{"background-color":"","background-image":"","background-repeat":"repeat","background-position":"center center","background-size":"auto","background-attachment":"scroll","background-type":"","background-media":"","overlay-type":"","overlay-color":"","overlay-opacity":"","overlay-gradient":""}},"ast-content-background-meta":{"desktop":{"background-color":"var(--ast-global-color-5)","background-image":"","background-repeat":"repeat","background-position":"center center","background-size":"auto","background-attachment":"scroll","background-type":"","background-media":"","overlay-type":"","overlay-color":"","overlay-opacity":"","overlay-gradient":""},"tablet":{"background-color":"var(--ast-global-color-5)","background-image":"","background-repeat":"repeat","background-position":"center center","background-size":"auto","background-attachment":"scroll","background-type":"","background-media":"","overlay-type":"","overlay-color":"","overlay-opacity":"","overlay-gradient":""},"mobile":{"background-color":"var(--ast-global-color-5)","background-image":"","background-repeat":"repeat","background-position":"center center","background-size":"auto","background-attachment":"scroll","background-type":"","background-media":"","overlay-type":"","overlay-color":"","overlay-opacity":"","overlay-gradient":""}}},"product_brand":[],"product_cat":[137],"product_tag":[],"class_list":{"0":"post-5649","1":"product","2":"type-product","3":"status-publish","4":"has-post-thumbnail","6":"product_cat-capas-para-sapatos-e-botas","7":"desktop-align-center","8":"tablet-align-left","9":"mobile-align-left","11":"first","12":"instock","13":"shipping-taxable","14":"product-type-simple"},"_links":{"self":[{"href":"https:\/\/medposnonwoven.com\/pt-br\/wp-json\/wp\/v2\/product\/5649","targetHints":{"allow":["GET"]}}],"collection":[{"href":"https:\/\/medposnonwoven.com\/pt-br\/wp-json\/wp\/v2\/product"}],"about":[{"href":"https:\/\/medposnonwoven.com\/pt-br\/wp-json\/wp\/v2\/types\/product"}],"wp:featuredmedia":[{"embeddable":true,"href":"https:\/\/medposnonwoven.com\/pt-br\/wp-json\/wp\/v2\/media\/5335"}],"wp:attachment":[{"href":"https:\/\/medposnonwoven.com\/pt-br\/wp-json\/wp\/v2\/media?parent=5649"}],"wp:term":[{"taxonomy":"product_brand","embeddable":true,"href":"https:\/\/medposnonwoven.com\/pt-br\/wp-json\/wp\/v2\/product_brand?post=5649"},{"taxonomy":"product_cat","embeddable":true,"href":"https:\/\/medposnonwoven.com\/pt-br\/wp-json\/wp\/v2\/product_cat?post=5649"},{"taxonomy":"product_tag","embeddable":true,"href":"https:\/\/medposnonwoven.com\/pt-br\/wp-json\/wp\/v2\/product_tag?post=5649"}],"curies":[{"name":"wp","href":"https:\/\/api.w.org\/{rel}","templated":true}]}}