{"id":5650,"date":"2023-01-05T15:23:58","date_gmt":"2023-01-05T15:23:58","guid":{"rendered":"https:\/\/medposnonwoven.com\/product\/avental-de-plastico-descartavel\/"},"modified":"2023-05-06T10:26:22","modified_gmt":"2023-05-06T10:26:22","slug":"avental-de-plastico-descartavel","status":"publish","type":"product","link":"https:\/\/medposnonwoven.com\/pt-br\/produto\/avental-de-plastico-descartavel\/","title":{"rendered":"Avental de pl\u00e1stico descart\u00e1vel"},"content":{"rendered":"<ul>\n<li>Os aventais de pl\u00e1stico descart\u00e1veis est\u00e3o a tornar-se cada vez mais utilizados devido \u00e0 sua comodidade e acessibilidade, com o r\u00e1pido desenvolvimento da tecnologia e das ind\u00fastrias farmac\u00eautica e de restaura\u00e7\u00e3o em todo o mundo. Os aventais de pl\u00e1stico descart\u00e1veis podem ser divididos em aventais de pl\u00e1stico de polietileno (PE) e aventais de pl\u00e1stico de cloreto de polivinilo (PVC) de acordo com o seu material, mas existem tamb\u00e9m alguns outros materiais dispon\u00edveis. Os aventais descart\u00e1veis de polietileno (PE) s\u00e3o leves, imperme\u00e1veis e est\u00e3o dispon\u00edveis numa vasta gama de tamanhos. Estes aventais s\u00e3o resistentes aos l\u00edquidos, \u00e0s manchas de gordura e de \u00f3leo e s\u00e3o normalmente utilizados na ind\u00fastria alimentar, na restaura\u00e7\u00e3o, na padaria e nas aplica\u00e7\u00f5es farmac\u00eauticas. Os aventais descart\u00e1veis de pl\u00e1stico de policloreto de vinilo (PVC) s\u00e3o dur\u00e1veis e podem ser limpos com toalhetes h\u00famidos. Este produto \u00e9 geralmente ajust\u00e1vel em comprimento para se adaptar a diferentes tipos de corpo; combina resist\u00eancia \u00e0 \u00e1gua, \u00e0 gordura, \u00e0 corros\u00e3o e ao p\u00f3 e \u00e9 adequado para utiliza\u00e7\u00e3o comercial e profissional, como carpinteiros, cabeleireiros, pintores, cozinheiros, empregados de mesa, etc. Al\u00e9m disso, alguns produtos s\u00e3o concebidos com bolsos para transportar objectos, o que aumenta o seu car\u00e1cter pr\u00e1tico. Actualmente, os mais utilizados s\u00e3o os aventais de pl\u00e1stico de polietileno<\/li>\n<\/ul>\n<p>&nbsp;<\/p>\n","protected":false},"excerpt":{"rendered":"<ul>\n<li>O avental descart\u00e1vel cria uma barreira fi\u00e1vel entre a sua roupa e o ambiente de trabalho. O nosso avental de pl\u00e1stico azul imperme\u00e1vel ser\u00e1 um excelente substituto para uniformes dispendiosos.<\/li>\n<li>Amplamente utilizado em servi\u00e7os alimentares, processamento de carne, culin\u00e1ria, manuseamento de alimentos, salas limpas, jardinagem e impress\u00e3o.<\/li>\n<\/ul>\n<h4>Caracter\u00edsticas<\/h4>\n<p>Material: Polietileno HDPE ou LDPE<\/p>\n<p>Tamanho: 27\u00d742\u2033 (69x107cm), 28\u00d746\u2033 (71x117cm), 32\u2033x49\u2033 (80x125cm)<\/p>\n<p>Cor:Azul, Branco<\/p>\n<p>Tipo:Pe\u00e7a \u00fanica, com atilhos na parte de tr\u00e1s, com relevo ou superf\u00edcie lisa<\/p>\n<p>Embalagem: 100 unidades\/saco, 10 sacos\/caixa de cart\u00e3o<\/p>\n<p>&nbsp;<\/p>\n<p>&nbsp;<\/p>\n","protected":false},"featured_media":5307,"template":"","meta":{"site-sidebar-layout":"default","site-content-layout":"default","ast-site-content-layout":"default","site-content-style":"default","site-sidebar-style":"default","ast-global-header-display":"","ast-banner-title-visibility":"","ast-main-header-display":"","ast-hfb-above-header-display":"","ast-hfb-below-header-display":"","ast-hfb-mobile-header-display":"","site-post-title":"","ast-breadcrumbs-content":"","ast-featured-img":"","footer-sml-layout":"","ast-disable-related-posts":"","theme-transparent-header-meta":"default","adv-header-id-meta":"","stick-header-meta":"","header-above-stick-meta":"","header-main-stick-meta":"","header-below-stick-meta":"","astra-migrate-meta-layouts":"default","ast-page-background-enabled":"default","ast-page-background-meta":{"desktop":{"background-color":"","background-image":"","background-repeat":"repeat","background-position":"center center","background-size":"auto","background-attachment":"scroll","background-type":"","background-media":"","overlay-type":"","overlay-color":"","overlay-opacity":"","overlay-gradient":""},"tablet":{"background-color":"","background-image":"","background-repeat":"repeat","background-position":"center center","background-size":"auto","background-attachment":"scroll","background-type":"","background-media":"","overlay-type":"","overlay-color":"","overlay-opacity":"","overlay-gradient":""},"mobile":{"background-color":"","background-image":"","background-repeat":"repeat","background-position":"center center","background-size":"auto","background-attachment":"scroll","background-type":"","background-media":"","overlay-type":"","overlay-color":"","overlay-opacity":"","overlay-gradient":""}},"ast-content-background-meta":{"desktop":{"background-color":"var(--ast-global-color-5)","background-image":"","background-repeat":"repeat","background-position":"center center","background-size":"auto","background-attachment":"scroll","background-type":"","background-media":"","overlay-type":"","overlay-color":"","overlay-opacity":"","overlay-gradient":""},"tablet":{"background-color":"var(--ast-global-color-5)","background-image":"","background-repeat":"repeat","background-position":"center center","background-size":"auto","background-attachment":"scroll","background-type":"","background-media":"","overlay-type":"","overlay-color":"","overlay-opacity":"","overlay-gradient":""},"mobile":{"background-color":"var(--ast-global-color-5)","background-image":"","background-repeat":"repeat","background-position":"center center","background-size":"auto","background-attachment":"scroll","background-type":"","background-media":"","overlay-type":"","overlay-color":"","overlay-opacity":"","overlay-gradient":""}}},"product_brand":[],"product_cat":[139],"product_tag":[],"class_list":{"0":"post-5650","1":"product","2":"type-product","3":"status-publish","4":"has-post-thumbnail","6":"product_cat-aventais-descartaveis","7":"desktop-align-center","8":"tablet-align-left","9":"mobile-align-left","11":"first","12":"instock","13":"shipping-taxable","14":"product-type-simple"},"_links":{"self":[{"href":"https:\/\/medposnonwoven.com\/pt-br\/wp-json\/wp\/v2\/product\/5650","targetHints":{"allow":["GET"]}}],"collection":[{"href":"https:\/\/medposnonwoven.com\/pt-br\/wp-json\/wp\/v2\/product"}],"about":[{"href":"https:\/\/medposnonwoven.com\/pt-br\/wp-json\/wp\/v2\/types\/product"}],"wp:featuredmedia":[{"embeddable":true,"href":"https:\/\/medposnonwoven.com\/pt-br\/wp-json\/wp\/v2\/media\/5307"}],"wp:attachment":[{"href":"https:\/\/medposnonwoven.com\/pt-br\/wp-json\/wp\/v2\/media?parent=5650"}],"wp:term":[{"taxonomy":"product_brand","embeddable":true,"href":"https:\/\/medposnonwoven.com\/pt-br\/wp-json\/wp\/v2\/product_brand?post=5650"},{"taxonomy":"product_cat","embeddable":true,"href":"https:\/\/medposnonwoven.com\/pt-br\/wp-json\/wp\/v2\/product_cat?post=5650"},{"taxonomy":"product_tag","embeddable":true,"href":"https:\/\/medposnonwoven.com\/pt-br\/wp-json\/wp\/v2\/product_tag?post=5650"}],"curies":[{"name":"wp","href":"https:\/\/api.w.org\/{rel}","templated":true}]}}