{"id":5651,"date":"2023-01-06T15:43:50","date_gmt":"2023-01-06T15:43:50","guid":{"rendered":"https:\/\/medposnonwoven.com\/product\/avental-de-barista-descartavel\/"},"modified":"2023-05-06T10:23:08","modified_gmt":"2023-05-06T10:23:08","slug":"avental-de-barista-descartavel","status":"publish","type":"product","link":"https:\/\/medposnonwoven.com\/pt-br\/produto\/avental-de-barista-descartavel\/","title":{"rendered":"Avental de barista descart\u00e1vel"},"content":{"rendered":"<ul>\n<li>O avental descart\u00e1vel \u00e9 um tipo de vestu\u00e1rio de protec\u00e7\u00e3o que \u00e9 usado para cobrir a parte da frente do corpo e \u00e9 normalmente feito de um material leve e de utiliza\u00e7\u00e3o \u00fanica, como o n\u00e3o tecido ou o pl\u00e1stico. Os aventais descart\u00e1veis s\u00e3o frequentemente usados em ambientes onde existe um risco de contamina\u00e7\u00e3o, como em hospitais, laborat\u00f3rios ou ambientes de servi\u00e7os alimentares. Foram concebidos para serem eliminados ap\u00f3s uma \u00fanica utiliza\u00e7\u00e3o, o que ajuda a evitar a propaga\u00e7\u00e3o de germes e outros contaminantes. Os aventais descart\u00e1veis s\u00e3o pr\u00e1ticos e f\u00e1ceis de utilizar e podem ajudar a reduzir o risco de infec\u00e7\u00e3o e outros perigos para a sa\u00fade.<\/li>\n<\/ul>\n<p>&nbsp;<\/p>\n","protected":false},"excerpt":{"rendered":"<ul>\n<li>O nosso avental para caf\u00e9 \u00e9 feito de poli\u00e9ster de qualidade &#8211; macio e confort\u00e1vel ao toque. A impress\u00e3o \u00e9 vibrante e n\u00edtida.<\/li>\n<li>Amplamente utilizado em servi\u00e7os alimentares, processamento de carne, culin\u00e1ria, manuseamento de alimentos, salas limpas, jardinagem e impress\u00e3o.<\/li>\n<\/ul>\n<h4>Caracter\u00edsticas<\/h4>\n<p>Material: N\u00e3o tecido de polipropileno<\/p>\n<p>Tamanho: 70*50 cm ou personalizado<\/p>\n<p>Cor: azul, verde ou personalizada<\/p>\n<p>Tipo:Pe\u00e7a \u00fanica em forma, com atilhos nas costas e rebordo recortado<\/p>\n<p>Embalagem: 10pcs\/saco, 20 sacos\/caixa<\/p>\n<p>&nbsp;<\/p>\n<p>&nbsp;<\/p>\n","protected":false},"featured_media":5319,"template":"","meta":{"site-sidebar-layout":"default","site-content-layout":"default","ast-site-content-layout":"default","site-content-style":"default","site-sidebar-style":"default","ast-global-header-display":"","ast-banner-title-visibility":"","ast-main-header-display":"","ast-hfb-above-header-display":"","ast-hfb-below-header-display":"","ast-hfb-mobile-header-display":"","site-post-title":"","ast-breadcrumbs-content":"","ast-featured-img":"","footer-sml-layout":"","ast-disable-related-posts":"","theme-transparent-header-meta":"default","adv-header-id-meta":"","stick-header-meta":"","header-above-stick-meta":"","header-main-stick-meta":"","header-below-stick-meta":"","astra-migrate-meta-layouts":"default","ast-page-background-enabled":"default","ast-page-background-meta":{"desktop":{"background-color":"","background-image":"","background-repeat":"repeat","background-position":"center center","background-size":"auto","background-attachment":"scroll","background-type":"","background-media":"","overlay-type":"","overlay-color":"","overlay-opacity":"","overlay-gradient":""},"tablet":{"background-color":"","background-image":"","background-repeat":"repeat","background-position":"center center","background-size":"auto","background-attachment":"scroll","background-type":"","background-media":"","overlay-type":"","overlay-color":"","overlay-opacity":"","overlay-gradient":""},"mobile":{"background-color":"","background-image":"","background-repeat":"repeat","background-position":"center center","background-size":"auto","background-attachment":"scroll","background-type":"","background-media":"","overlay-type":"","overlay-color":"","overlay-opacity":"","overlay-gradient":""}},"ast-content-background-meta":{"desktop":{"background-color":"var(--ast-global-color-5)","background-image":"","background-repeat":"repeat","background-position":"center center","background-size":"auto","background-attachment":"scroll","background-type":"","background-media":"","overlay-type":"","overlay-color":"","overlay-opacity":"","overlay-gradient":""},"tablet":{"background-color":"var(--ast-global-color-5)","background-image":"","background-repeat":"repeat","background-position":"center center","background-size":"auto","background-attachment":"scroll","background-type":"","background-media":"","overlay-type":"","overlay-color":"","overlay-opacity":"","overlay-gradient":""},"mobile":{"background-color":"var(--ast-global-color-5)","background-image":"","background-repeat":"repeat","background-position":"center center","background-size":"auto","background-attachment":"scroll","background-type":"","background-media":"","overlay-type":"","overlay-color":"","overlay-opacity":"","overlay-gradient":""}}},"product_brand":[],"product_cat":[139],"product_tag":[],"class_list":{"0":"post-5651","1":"product","2":"type-product","3":"status-publish","4":"has-post-thumbnail","6":"product_cat-aventais-descartaveis","7":"desktop-align-center","8":"tablet-align-left","9":"mobile-align-left","11":"first","12":"instock","13":"shipping-taxable","14":"product-type-simple"},"_links":{"self":[{"href":"https:\/\/medposnonwoven.com\/pt-br\/wp-json\/wp\/v2\/product\/5651","targetHints":{"allow":["GET"]}}],"collection":[{"href":"https:\/\/medposnonwoven.com\/pt-br\/wp-json\/wp\/v2\/product"}],"about":[{"href":"https:\/\/medposnonwoven.com\/pt-br\/wp-json\/wp\/v2\/types\/product"}],"wp:featuredmedia":[{"embeddable":true,"href":"https:\/\/medposnonwoven.com\/pt-br\/wp-json\/wp\/v2\/media\/5319"}],"wp:attachment":[{"href":"https:\/\/medposnonwoven.com\/pt-br\/wp-json\/wp\/v2\/media?parent=5651"}],"wp:term":[{"taxonomy":"product_brand","embeddable":true,"href":"https:\/\/medposnonwoven.com\/pt-br\/wp-json\/wp\/v2\/product_brand?post=5651"},{"taxonomy":"product_cat","embeddable":true,"href":"https:\/\/medposnonwoven.com\/pt-br\/wp-json\/wp\/v2\/product_cat?post=5651"},{"taxonomy":"product_tag","embeddable":true,"href":"https:\/\/medposnonwoven.com\/pt-br\/wp-json\/wp\/v2\/product_tag?post=5651"}],"curies":[{"name":"wp","href":"https:\/\/api.w.org\/{rel}","templated":true}]}}