{"id":5653,"date":"2023-01-04T16:03:51","date_gmt":"2023-01-04T16:03:51","guid":{"rendered":"https:\/\/medposnonwoven.com\/product\/fatos-de-banho-descartaveis\/"},"modified":"2023-05-06T10:26:58","modified_gmt":"2023-05-06T10:26:58","slug":"fatos-de-banho-descartaveis","status":"publish","type":"product","link":"https:\/\/medposnonwoven.com\/pt-br\/produto\/fatos-de-banho-descartaveis\/","title":{"rendered":"Fatos de banho descart\u00e1veis"},"content":{"rendered":"<ul>\n<li>Fatos de bloco descart\u00e1veis que se destinam a uma \u00fanica utiliza\u00e7\u00e3o e s\u00e3o normalmente usados por enfermeiros, cirurgi\u00f5es e outro pessoal m\u00e9dico durante procedimentos m\u00e9dicos. Os fatos de banho descart\u00e1veis s\u00e3o normalmente uma ou duas pe\u00e7as de vestu\u00e1rio, um fato de corpo inteiro ou uma camisa e cal\u00e7as, e s\u00e3o normalmente feitos de papel n\u00e3o tecido ou de materiais pl\u00e1sticos. Os fatos de banho descart\u00e1veis destinam-se principalmente a proporcionar uma barreira limpa em ambientes esterilizados e outros ambientes de tratamento cl\u00ednico, como salas de emerg\u00eancia, \u00e1reas de parto e unidades de cuidados intensivos. Para evitar que as pessoas transportem materiais infecciosos nas suas roupas para estes ambientes, o pessoal m\u00e9dico e das instala\u00e7\u00f5es, bem como os visitantes, s\u00e3o muitas vezes obrigados a vestir fatos de limpeza limpos antes de entrarem na \u00e1rea. Algumas instala\u00e7\u00f5es de cuidados de sa\u00fade tamb\u00e9m exigem que o utilizador mude de fato cir\u00fargico usado antes de sair de determinadas \u00e1reas das instala\u00e7\u00f5es para ajudar a evitar a propaga\u00e7\u00e3o de materiais infecciosos para fora dessas \u00e1reas. Os fatos de bloco descart\u00e1veis s\u00e3o normalmente usados durante um procedimento e depois deitados fora.<\/li>\n<\/ul>\n","protected":false},"excerpt":{"rendered":"<ul>\n<li>Fabricado em tecido n\u00e3o tecido SMS, resistente a fluidos, 100% polipropileno, muito resistente e respir\u00e1vel.<\/li>\n<li>As cal\u00e7as + bata s\u00e3o o vestu\u00e1rio de protec\u00e7\u00e3o ideal utilizado para proteger os trabalhadores e os doentes de qualquer transfer\u00eancia de part\u00edculas e fluidos.<\/li>\n<\/ul>\n<h4>Caracter\u00edsticas<\/h4>\n<p>Material: Polipropileno Spunbond, SMS<\/p>\n<p>Tamanho: S, M, L, XL, XXL, 3XL, 4XL<\/p>\n<p>Cor:Azul, Verde<\/p>\n<p>Tipo:Decote em V ou redondo<\/p>\n<p>Embalagem: 1 pcs\/saco, 50 sacos\/caixa<\/p>\n<p>&nbsp;<\/p>\n","protected":false},"featured_media":5306,"template":"","meta":{"site-sidebar-layout":"default","site-content-layout":"default","ast-site-content-layout":"default","site-content-style":"default","site-sidebar-style":"default","ast-global-header-display":"","ast-banner-title-visibility":"","ast-main-header-display":"","ast-hfb-above-header-display":"","ast-hfb-below-header-display":"","ast-hfb-mobile-header-display":"","site-post-title":"","ast-breadcrumbs-content":"","ast-featured-img":"","footer-sml-layout":"","ast-disable-related-posts":"","theme-transparent-header-meta":"default","adv-header-id-meta":"","stick-header-meta":"","header-above-stick-meta":"","header-main-stick-meta":"","header-below-stick-meta":"","astra-migrate-meta-layouts":"default","ast-page-background-enabled":"default","ast-page-background-meta":{"desktop":{"background-color":"","background-image":"","background-repeat":"repeat","background-position":"center center","background-size":"auto","background-attachment":"scroll","background-type":"","background-media":"","overlay-type":"","overlay-color":"","overlay-opacity":"","overlay-gradient":""},"tablet":{"background-color":"","background-image":"","background-repeat":"repeat","background-position":"center center","background-size":"auto","background-attachment":"scroll","background-type":"","background-media":"","overlay-type":"","overlay-color":"","overlay-opacity":"","overlay-gradient":""},"mobile":{"background-color":"","background-image":"","background-repeat":"repeat","background-position":"center center","background-size":"auto","background-attachment":"scroll","background-type":"","background-media":"","overlay-type":"","overlay-color":"","overlay-opacity":"","overlay-gradient":""}},"ast-content-background-meta":{"desktop":{"background-color":"var(--ast-global-color-5)","background-image":"","background-repeat":"repeat","background-position":"center center","background-size":"auto","background-attachment":"scroll","background-type":"","background-media":"","overlay-type":"","overlay-color":"","overlay-opacity":"","overlay-gradient":""},"tablet":{"background-color":"var(--ast-global-color-5)","background-image":"","background-repeat":"repeat","background-position":"center center","background-size":"auto","background-attachment":"scroll","background-type":"","background-media":"","overlay-type":"","overlay-color":"","overlay-opacity":"","overlay-gradient":""},"mobile":{"background-color":"var(--ast-global-color-5)","background-image":"","background-repeat":"repeat","background-position":"center center","background-size":"auto","background-attachment":"scroll","background-type":"","background-media":"","overlay-type":"","overlay-color":"","overlay-opacity":"","overlay-gradient":""}}},"product_brand":[],"product_cat":[138],"product_tag":[],"class_list":{"0":"post-5653","1":"product","2":"type-product","3":"status-publish","4":"has-post-thumbnail","6":"product_cat-batas-de-proteccao","7":"desktop-align-center","8":"tablet-align-left","9":"mobile-align-left","11":"first","12":"instock","13":"shipping-taxable","14":"product-type-simple"},"_links":{"self":[{"href":"https:\/\/medposnonwoven.com\/pt-br\/wp-json\/wp\/v2\/product\/5653","targetHints":{"allow":["GET"]}}],"collection":[{"href":"https:\/\/medposnonwoven.com\/pt-br\/wp-json\/wp\/v2\/product"}],"about":[{"href":"https:\/\/medposnonwoven.com\/pt-br\/wp-json\/wp\/v2\/types\/product"}],"wp:featuredmedia":[{"embeddable":true,"href":"https:\/\/medposnonwoven.com\/pt-br\/wp-json\/wp\/v2\/media\/5306"}],"wp:attachment":[{"href":"https:\/\/medposnonwoven.com\/pt-br\/wp-json\/wp\/v2\/media?parent=5653"}],"wp:term":[{"taxonomy":"product_brand","embeddable":true,"href":"https:\/\/medposnonwoven.com\/pt-br\/wp-json\/wp\/v2\/product_brand?post=5653"},{"taxonomy":"product_cat","embeddable":true,"href":"https:\/\/medposnonwoven.com\/pt-br\/wp-json\/wp\/v2\/product_cat?post=5653"},{"taxonomy":"product_tag","embeddable":true,"href":"https:\/\/medposnonwoven.com\/pt-br\/wp-json\/wp\/v2\/product_tag?post=5653"}],"curies":[{"name":"wp","href":"https:\/\/api.w.org\/{rel}","templated":true}]}}