{"id":5654,"date":"2023-01-06T15:24:58","date_gmt":"2023-01-06T15:24:58","guid":{"rendered":"https:\/\/medposnonwoven.com\/product\/avental-nao-tecido-descartavel\/"},"modified":"2023-05-06T10:23:45","modified_gmt":"2023-05-06T10:23:45","slug":"avental-nao-tecido-descartavel","status":"publish","type":"product","link":"https:\/\/medposnonwoven.com\/pt-br\/produto\/avental-nao-tecido-descartavel\/","title":{"rendered":"Avental n\u00e3o tecido descart\u00e1vel"},"content":{"rendered":"<ul>\n<li>O avental descart\u00e1vel n\u00e3o tecido \u00e9 feito de tecido n\u00e3o tecido spunbond de alta qualidade, que \u00e9 respir\u00e1vel, imperme\u00e1vel e \u00e0 prova de gordura, para uma experi\u00eancia de utiliza\u00e7\u00e3o confort\u00e1vel. Os atilhos da cintura s\u00e3o f\u00e1ceis de p\u00f4r e tirar e o comprimento dos atilhos \u00e9 adequado para diferentes tipos de corpo.<\/li>\n<li>Os aventais descart\u00e1veis em n\u00e3o-tecido, enquanto ve\u00edculo publicit\u00e1rio moderno e inovador, apresentam as vantagens do baixo custo, das cores vivas e dos bons efeitos visuais, da concep\u00e7\u00e3o de padr\u00f5es sem restri\u00e7\u00f5es, bem como de serem bonitos e dur\u00e1veis e de boa qualidade a um bom pre\u00e7o, etc. Tornaram-se uma forma importante de publicidade empresarial. Tem as vantagens incompar\u00e1veis de outros an\u00fancios. O produto tem um grande espa\u00e7o publicit\u00e1rio e pode ser impresso com os log\u00f3tipos\/endere\u00e7os\/telefones\/produtos\/propaganda da empresa e outras informa\u00e7\u00f5es promocionais, o que o torna um produto ideal para brindes promocionais.<\/li>\n<\/ul>\n<p>&nbsp;<\/p>\n","protected":false},"excerpt":{"rendered":"<ul>\n<li>O vestu\u00e1rio de protec\u00e7\u00e3o \u00e9 concebido para ambientes onde est\u00e3o presentes produtos qu\u00edmicos l\u00edquidos e secos.<\/li>\n<li>Amplamente utilizado em servi\u00e7os alimentares, processamento de carne, culin\u00e1ria, manuseamento de alimentos, salas limpas, jardinagem e impress\u00e3o.<\/li>\n<\/ul>\n<h4>Caracter\u00edsticas<\/h4>\n<p>Material: N\u00e3o tecido de polipropileno<\/p>\n<p>Tamanho: 40*70cm \/38*73cm ou personalizado<\/p>\n<p>Cor: azul, verde ou personalizada<\/p>\n<p>Tipo:Pe\u00e7a \u00fanica em forma, com atilhos atr\u00e1s.<\/p>\n<p>Embalagem: 50pcs\/saco, 20 sacos\/caixa<\/p>\n<p>&nbsp;<\/p>\n<p>&nbsp;<\/p>\n","protected":false},"featured_media":5316,"template":"","meta":{"site-sidebar-layout":"default","site-content-layout":"default","ast-site-content-layout":"default","site-content-style":"default","site-sidebar-style":"default","ast-global-header-display":"","ast-banner-title-visibility":"","ast-main-header-display":"","ast-hfb-above-header-display":"","ast-hfb-below-header-display":"","ast-hfb-mobile-header-display":"","site-post-title":"","ast-breadcrumbs-content":"","ast-featured-img":"","footer-sml-layout":"","ast-disable-related-posts":"","theme-transparent-header-meta":"default","adv-header-id-meta":"","stick-header-meta":"","header-above-stick-meta":"","header-main-stick-meta":"","header-below-stick-meta":"","astra-migrate-meta-layouts":"default","ast-page-background-enabled":"default","ast-page-background-meta":{"desktop":{"background-color":"","background-image":"","background-repeat":"repeat","background-position":"center center","background-size":"auto","background-attachment":"scroll","background-type":"","background-media":"","overlay-type":"","overlay-color":"","overlay-opacity":"","overlay-gradient":""},"tablet":{"background-color":"","background-image":"","background-repeat":"repeat","background-position":"center center","background-size":"auto","background-attachment":"scroll","background-type":"","background-media":"","overlay-type":"","overlay-color":"","overlay-opacity":"","overlay-gradient":""},"mobile":{"background-color":"","background-image":"","background-repeat":"repeat","background-position":"center center","background-size":"auto","background-attachment":"scroll","background-type":"","background-media":"","overlay-type":"","overlay-color":"","overlay-opacity":"","overlay-gradient":""}},"ast-content-background-meta":{"desktop":{"background-color":"var(--ast-global-color-5)","background-image":"","background-repeat":"repeat","background-position":"center center","background-size":"auto","background-attachment":"scroll","background-type":"","background-media":"","overlay-type":"","overlay-color":"","overlay-opacity":"","overlay-gradient":""},"tablet":{"background-color":"var(--ast-global-color-5)","background-image":"","background-repeat":"repeat","background-position":"center center","background-size":"auto","background-attachment":"scroll","background-type":"","background-media":"","overlay-type":"","overlay-color":"","overlay-opacity":"","overlay-gradient":""},"mobile":{"background-color":"var(--ast-global-color-5)","background-image":"","background-repeat":"repeat","background-position":"center center","background-size":"auto","background-attachment":"scroll","background-type":"","background-media":"","overlay-type":"","overlay-color":"","overlay-opacity":"","overlay-gradient":""}}},"product_brand":[],"product_cat":[139],"product_tag":[],"class_list":{"0":"post-5654","1":"product","2":"type-product","3":"status-publish","4":"has-post-thumbnail","6":"product_cat-aventais-descartaveis","7":"desktop-align-center","8":"tablet-align-left","9":"mobile-align-left","11":"first","12":"instock","13":"shipping-taxable","14":"product-type-simple"},"_links":{"self":[{"href":"https:\/\/medposnonwoven.com\/pt-br\/wp-json\/wp\/v2\/product\/5654","targetHints":{"allow":["GET"]}}],"collection":[{"href":"https:\/\/medposnonwoven.com\/pt-br\/wp-json\/wp\/v2\/product"}],"about":[{"href":"https:\/\/medposnonwoven.com\/pt-br\/wp-json\/wp\/v2\/types\/product"}],"wp:featuredmedia":[{"embeddable":true,"href":"https:\/\/medposnonwoven.com\/pt-br\/wp-json\/wp\/v2\/media\/5316"}],"wp:attachment":[{"href":"https:\/\/medposnonwoven.com\/pt-br\/wp-json\/wp\/v2\/media?parent=5654"}],"wp:term":[{"taxonomy":"product_brand","embeddable":true,"href":"https:\/\/medposnonwoven.com\/pt-br\/wp-json\/wp\/v2\/product_brand?post=5654"},{"taxonomy":"product_cat","embeddable":true,"href":"https:\/\/medposnonwoven.com\/pt-br\/wp-json\/wp\/v2\/product_cat?post=5654"},{"taxonomy":"product_tag","embeddable":true,"href":"https:\/\/medposnonwoven.com\/pt-br\/wp-json\/wp\/v2\/product_tag?post=5654"}],"curies":[{"name":"wp","href":"https:\/\/api.w.org\/{rel}","templated":true}]}}