{"id":5656,"date":"2023-01-04T15:33:13","date_gmt":"2023-01-04T15:33:13","guid":{"rendered":"https:\/\/medposnonwoven.com\/product\/bata-descartavel-para-doentes\/"},"modified":"2023-05-06T10:28:50","modified_gmt":"2023-05-06T10:28:50","slug":"bata-descartavel-para-doentes","status":"publish","type":"product","link":"https:\/\/medposnonwoven.com\/pt-br\/produto\/bata-descartavel-para-doentes\/","title":{"rendered":"Bata descart\u00e1vel para doentes"},"content":{"rendered":"<ul>\n<li>A bata descart\u00e1vel para doentes \u00e9 um tipo de vestu\u00e1rio utilizado pelos doentes em hospitais, cl\u00ednicas e outros ambientes m\u00e9dicos. Estas batas s\u00e3o concebidas para proporcionar um n\u00edvel de mod\u00e9stia e privacidade ao doente, ao mesmo tempo que permitem aos profissionais de sa\u00fade um acesso f\u00e1cil ao corpo do doente para exames, tratamentos e outros procedimentos m\u00e9dicos. As batas descart\u00e1veis s\u00e3o normalmente feitas de materiais leves e respir\u00e1veis, como papel ou tecidos n\u00e3o tecidos, e destinam-se a ser usadas uma vez antes de serem deitadas fora. Algumas batas descart\u00e1veis para doentes t\u00eam atilhos nas costas para permitir que sejam apertadas com seguran\u00e7a, enquanto outras t\u00eam el\u00e1stico nos pulsos e tornozelos para ajudar a mant\u00ea-las no s\u00edtio. As batas descart\u00e1veis s\u00e3o frequentemente utilizadas em situa\u00e7\u00f5es em que n\u00e3o \u00e9 pr\u00e1tico lavar as batas tradicionais de tecido ou em que o risco de infec\u00e7\u00e3o ou contamina\u00e7\u00e3o \u00e9 elevado.<\/li>\n<\/ul>\n","protected":false},"excerpt":{"rendered":"<ul>\n<li>As batas azuis escuras destinam-se a proporcionar aos doentes um vestu\u00e1rio tempor\u00e1rio quando s\u00e3o submetidos a qualquer tipo de interven\u00e7\u00e3o.<\/li>\n<li>As batas azuis descart\u00e1veis s\u00e3o fabricadas em polipropileno fiado. Estas batas confort\u00e1veis para adultos oferecem o mesmo n\u00edvel elevado de privacidade, mesmo durante exames curtos.<\/li>\n<\/ul>\n<h4>Caracter\u00edsticas<\/h4>\n<p>Material: Polipropileno Spunbond, SMS<\/p>\n<p>Tamanho: S, M, L, XL, XXL, 3XL, 4XL<\/p>\n<p>Cor:Azul, Verde<\/p>\n<p>Tipo:Sem mangas ou de manga curta.<\/p>\n<p>Embalagem: 10 unidades\/saco, 10 sacos\/caixa<\/p>\n<p>&nbsp;<\/p>\n","protected":false},"featured_media":5302,"template":"","meta":{"site-sidebar-layout":"default","site-content-layout":"default","ast-site-content-layout":"default","site-content-style":"default","site-sidebar-style":"default","ast-global-header-display":"","ast-banner-title-visibility":"","ast-main-header-display":"","ast-hfb-above-header-display":"","ast-hfb-below-header-display":"","ast-hfb-mobile-header-display":"","site-post-title":"","ast-breadcrumbs-content":"","ast-featured-img":"","footer-sml-layout":"","ast-disable-related-posts":"","theme-transparent-header-meta":"default","adv-header-id-meta":"","stick-header-meta":"","header-above-stick-meta":"","header-main-stick-meta":"","header-below-stick-meta":"","astra-migrate-meta-layouts":"default","ast-page-background-enabled":"default","ast-page-background-meta":{"desktop":{"background-color":"","background-image":"","background-repeat":"repeat","background-position":"center center","background-size":"auto","background-attachment":"scroll","background-type":"","background-media":"","overlay-type":"","overlay-color":"","overlay-opacity":"","overlay-gradient":""},"tablet":{"background-color":"","background-image":"","background-repeat":"repeat","background-position":"center center","background-size":"auto","background-attachment":"scroll","background-type":"","background-media":"","overlay-type":"","overlay-color":"","overlay-opacity":"","overlay-gradient":""},"mobile":{"background-color":"","background-image":"","background-repeat":"repeat","background-position":"center center","background-size":"auto","background-attachment":"scroll","background-type":"","background-media":"","overlay-type":"","overlay-color":"","overlay-opacity":"","overlay-gradient":""}},"ast-content-background-meta":{"desktop":{"background-color":"var(--ast-global-color-5)","background-image":"","background-repeat":"repeat","background-position":"center center","background-size":"auto","background-attachment":"scroll","background-type":"","background-media":"","overlay-type":"","overlay-color":"","overlay-opacity":"","overlay-gradient":""},"tablet":{"background-color":"var(--ast-global-color-5)","background-image":"","background-repeat":"repeat","background-position":"center center","background-size":"auto","background-attachment":"scroll","background-type":"","background-media":"","overlay-type":"","overlay-color":"","overlay-opacity":"","overlay-gradient":""},"mobile":{"background-color":"var(--ast-global-color-5)","background-image":"","background-repeat":"repeat","background-position":"center center","background-size":"auto","background-attachment":"scroll","background-type":"","background-media":"","overlay-type":"","overlay-color":"","overlay-opacity":"","overlay-gradient":""}}},"product_brand":[],"product_cat":[138],"product_tag":[],"class_list":{"0":"post-5656","1":"product","2":"type-product","3":"status-publish","4":"has-post-thumbnail","6":"product_cat-batas-de-proteccao","7":"desktop-align-center","8":"tablet-align-left","9":"mobile-align-left","11":"first","12":"instock","13":"shipping-taxable","14":"product-type-simple"},"_links":{"self":[{"href":"https:\/\/medposnonwoven.com\/pt-br\/wp-json\/wp\/v2\/product\/5656","targetHints":{"allow":["GET"]}}],"collection":[{"href":"https:\/\/medposnonwoven.com\/pt-br\/wp-json\/wp\/v2\/product"}],"about":[{"href":"https:\/\/medposnonwoven.com\/pt-br\/wp-json\/wp\/v2\/types\/product"}],"wp:featuredmedia":[{"embeddable":true,"href":"https:\/\/medposnonwoven.com\/pt-br\/wp-json\/wp\/v2\/media\/5302"}],"wp:attachment":[{"href":"https:\/\/medposnonwoven.com\/pt-br\/wp-json\/wp\/v2\/media?parent=5656"}],"wp:term":[{"taxonomy":"product_brand","embeddable":true,"href":"https:\/\/medposnonwoven.com\/pt-br\/wp-json\/wp\/v2\/product_brand?post=5656"},{"taxonomy":"product_cat","embeddable":true,"href":"https:\/\/medposnonwoven.com\/pt-br\/wp-json\/wp\/v2\/product_cat?post=5656"},{"taxonomy":"product_tag","embeddable":true,"href":"https:\/\/medposnonwoven.com\/pt-br\/wp-json\/wp\/v2\/product_tag?post=5656"}],"curies":[{"name":"wp","href":"https:\/\/api.w.org\/{rel}","templated":true}]}}