{"id":5657,"date":"2023-01-03T16:07:11","date_gmt":"2023-01-03T16:07:11","guid":{"rendered":"https:\/\/medposnonwoven.com\/product\/fato-de-proteccao-medico-microporoso\/"},"modified":"2023-05-06T10:33:11","modified_gmt":"2023-05-06T10:33:11","slug":"fato-de-proteccao-medico-microporoso","status":"publish","type":"product","link":"https:\/\/medposnonwoven.com\/pt-br\/produto\/fato-de-proteccao-medico-microporoso\/","title":{"rendered":"Fato de protec\u00e7\u00e3o m\u00e9dico microporoso"},"content":{"rendered":"<ul>\n<li>Os requisitos de alta qualidade do macac\u00e3o m\u00e9dico.<br \/>\n1. resist\u00eancia \u00e0 permeabilidade \u00e0 \u00e1gua<br \/>\nA press\u00e3o hidrost\u00e1tica das partes essenciais do vestu\u00e1rio de protec\u00e7\u00e3o n\u00e3o deve ser inferior a 167 KPA (17 CMH20).<br \/>\n2. Penetra\u00e7\u00e3o anti-sint\u00e9tica no sangue<br \/>\nA resist\u00eancia \u00e0 penetra\u00e7\u00e3o de sangue sint\u00e9tico do vestu\u00e1rio de protec\u00e7\u00e3o n\u00e3o deve ser inferior aos requisitos da norma GB19082-2009, n\u00edvel 2.<br \/>\n3. resist\u00eancia \u00e0 fractura<br \/>\nA resist\u00eancia \u00e0 fractura das partes principais do material do vestu\u00e1rio de protec\u00e7\u00e3o n\u00e3o deve ser inferior a 45N<br \/>\n4. Efici\u00eancia da filtragem<br \/>\nA taxa de filtra\u00e7\u00e3o de part\u00edculas n\u00e3o oleosas nas partes principais do material e nas costuras do vestu\u00e1rio de protec\u00e7\u00e3o n\u00e3o deve ser inferior a 70%.<\/li>\n<li>Produ\u00e7\u00e3o artesanal.<br \/>\n1. Concep\u00e7\u00e3o do cap\u00f4<br \/>\nO capuz foi concebido com elasticidade para impedir a entrada de p\u00f3 e microorganismos.<br \/>\n2. Design com fecho de correr<br \/>\nFecho de correr de uma s\u00f3 pe\u00e7a para facilitar a entrada e sa\u00edda e protec\u00e7\u00e3o da aba.<br \/>\n3. Design do punho<br \/>\nEncolhimento dos pulsos e tornozelos para impedir a entrada de p\u00f3 e bact\u00e9rias.<br \/>\n4. Desenho da cintura<br \/>\nCintura el\u00e1stica para se adaptar \u00e0s diferentes formas do corpo, ajustando-se correctamente<br \/>\n5. Fita de selagem t\u00e9rmica<br \/>\nFita adesiva no interior da aba para evitar ainda mais a invas\u00e3o de microrganismos e desempenhar um papel de dupla protec\u00e7\u00e3o.<\/li>\n<\/ul>\n<p>&nbsp;<\/p>\n","protected":false},"excerpt":{"rendered":"<ul>\n<li>O macac\u00e3o m\u00e9dico MICROPOROUS destina-se a ser utilizado em alguns ambientes cr\u00edticos e \u00e1reas de aplica\u00e7\u00e3o geral. O fato Hazmat \u00e9 \u00f3ptimo para graffiti, limpeza, laborat\u00f3rio, etc.<\/li>\n<\/ul>\n<h4>Caracter\u00edsticas<\/h4>\n<p>Material: Polipropileno + pel\u00edcula microporosa respir\u00e1vel<\/p>\n<p>Tamanho: S, M, L, XL, XXL, 3XL, 4XL<\/p>\n<p>Cor:Branco, Azul, Azul escuro<\/p>\n<p>Tipo:Com capuz, punhos el\u00e1sticos e fecho de correr \u00e0 frente.<\/p>\n<p>Embalagem: 1 pcs\/saco, 50 sacos\/caixa<\/p>\n<p>&nbsp;<\/p>\n<p>&nbsp;<\/p>\n","protected":false},"featured_media":5292,"template":"","meta":{"site-sidebar-layout":"default","site-content-layout":"default","ast-site-content-layout":"default","site-content-style":"default","site-sidebar-style":"default","ast-global-header-display":"","ast-banner-title-visibility":"","ast-main-header-display":"","ast-hfb-above-header-display":"","ast-hfb-below-header-display":"","ast-hfb-mobile-header-display":"","site-post-title":"","ast-breadcrumbs-content":"","ast-featured-img":"","footer-sml-layout":"","ast-disable-related-posts":"","theme-transparent-header-meta":"default","adv-header-id-meta":"","stick-header-meta":"","header-above-stick-meta":"","header-main-stick-meta":"","header-below-stick-meta":"","astra-migrate-meta-layouts":"default","ast-page-background-enabled":"default","ast-page-background-meta":{"desktop":{"background-color":"","background-image":"","background-repeat":"repeat","background-position":"center center","background-size":"auto","background-attachment":"scroll","background-type":"","background-media":"","overlay-type":"","overlay-color":"","overlay-opacity":"","overlay-gradient":""},"tablet":{"background-color":"","background-image":"","background-repeat":"repeat","background-position":"center center","background-size":"auto","background-attachment":"scroll","background-type":"","background-media":"","overlay-type":"","overlay-color":"","overlay-opacity":"","overlay-gradient":""},"mobile":{"background-color":"","background-image":"","background-repeat":"repeat","background-position":"center center","background-size":"auto","background-attachment":"scroll","background-type":"","background-media":"","overlay-type":"","overlay-color":"","overlay-opacity":"","overlay-gradient":""}},"ast-content-background-meta":{"desktop":{"background-color":"var(--ast-global-color-5)","background-image":"","background-repeat":"repeat","background-position":"center center","background-size":"auto","background-attachment":"scroll","background-type":"","background-media":"","overlay-type":"","overlay-color":"","overlay-opacity":"","overlay-gradient":""},"tablet":{"background-color":"var(--ast-global-color-5)","background-image":"","background-repeat":"repeat","background-position":"center center","background-size":"auto","background-attachment":"scroll","background-type":"","background-media":"","overlay-type":"","overlay-color":"","overlay-opacity":"","overlay-gradient":""},"mobile":{"background-color":"var(--ast-global-color-5)","background-image":"","background-repeat":"repeat","background-position":"center center","background-size":"auto","background-attachment":"scroll","background-type":"","background-media":"","overlay-type":"","overlay-color":"","overlay-opacity":"","overlay-gradient":""}}},"product_brand":[],"product_cat":[138],"product_tag":[],"class_list":{"0":"post-5657","1":"product","2":"type-product","3":"status-publish","4":"has-post-thumbnail","6":"product_cat-batas-de-proteccao","7":"desktop-align-center","8":"tablet-align-left","9":"mobile-align-left","11":"first","12":"instock","13":"shipping-taxable","14":"product-type-simple"},"_links":{"self":[{"href":"https:\/\/medposnonwoven.com\/pt-br\/wp-json\/wp\/v2\/product\/5657","targetHints":{"allow":["GET"]}}],"collection":[{"href":"https:\/\/medposnonwoven.com\/pt-br\/wp-json\/wp\/v2\/product"}],"about":[{"href":"https:\/\/medposnonwoven.com\/pt-br\/wp-json\/wp\/v2\/types\/product"}],"wp:featuredmedia":[{"embeddable":true,"href":"https:\/\/medposnonwoven.com\/pt-br\/wp-json\/wp\/v2\/media\/5292"}],"wp:attachment":[{"href":"https:\/\/medposnonwoven.com\/pt-br\/wp-json\/wp\/v2\/media?parent=5657"}],"wp:term":[{"taxonomy":"product_brand","embeddable":true,"href":"https:\/\/medposnonwoven.com\/pt-br\/wp-json\/wp\/v2\/product_brand?post=5657"},{"taxonomy":"product_cat","embeddable":true,"href":"https:\/\/medposnonwoven.com\/pt-br\/wp-json\/wp\/v2\/product_cat?post=5657"},{"taxonomy":"product_tag","embeddable":true,"href":"https:\/\/medposnonwoven.com\/pt-br\/wp-json\/wp\/v2\/product_tag?post=5657"}],"curies":[{"name":"wp","href":"https:\/\/api.w.org\/{rel}","templated":true}]}}