{"id":5658,"date":"2023-01-03T15:57:21","date_gmt":"2023-01-03T15:57:21","guid":{"rendered":"https:\/\/medposnonwoven.com\/product\/fato-de-proteccao-microporoso-pppe\/"},"modified":"2023-05-06T10:34:44","modified_gmt":"2023-05-06T10:34:44","slug":"fato-de-proteccao-microporoso-pppe","status":"publish","type":"product","link":"https:\/\/medposnonwoven.com\/pt-br\/produto\/fato-de-proteccao-microporoso-pppe\/","title":{"rendered":"Fato de protec\u00e7\u00e3o microporoso PP+PE"},"content":{"rendered":"<ul>\n<li>O macac\u00e3o microporoso \u00e9 concebido de forma \u00fanica com materiais duplos, camada interior n\u00e3o tecida de polipropileno fiado e camada exterior de pel\u00edcula microporosa. Adequado para utiliza\u00e7\u00e3o em \u00e1reas perigosas, pode prevenir eficazmente o p\u00f3, as part\u00edculas nocivas e a pulveriza\u00e7\u00e3o limitada de l\u00edquidos qu\u00edmicos de baixo risco.<\/li>\n<li>Caracter\u00edstica:<br \/>\n1. excelente barreira qu\u00edmica frontal sem queda de fibras. Todo o casaco \u00e9 feito de material de pel\u00edcula respir\u00e1vel que pode bloquear l\u00edquidos \u00e1cidos e corrosivos, permitindo simultaneamente uma penetra\u00e7\u00e3o de ar de elevado conforto.<br \/>\n2. material de protec\u00e7\u00e3o anti-est\u00e1tica adequado para utiliza\u00e7\u00e3o em electr\u00f3nica e outros campos que requerem controlo est\u00e1tico<br \/>\n3. design el\u00e1stico do capuz, cintura, pulso e tornozelo, f\u00e1cil de usar e mover.<br \/>\n4. design com fecho de correr, cobertura ampla e protec\u00e7\u00e3o plana de v\u00e1rias camadas na aba, permitindo a conveni\u00eancia do uso frontal.<br \/>\n5. pode ser utilizado em conjunto com outros equipamentos de protec\u00e7\u00e3o individual para melhorar significativamente a seguran\u00e7a.<\/li>\n<\/ul>\n<p>&nbsp;<\/p>\n","protected":false},"excerpt":{"rendered":"<ul>\n<li>Os fatos descart\u00e1veis s\u00e3o fabricados em tecido n\u00e3o tecido 100% resistente a fluidos, \u00e9 perfeitamente dur\u00e1vel, mas suficientemente leve e respir\u00e1vel para proporcionar conforto.<\/li>\n<li>Amplamente utilizado para jardinagem, pintura, pulveriza\u00e7\u00e3o, fabrico, limpeza, manuten\u00e7\u00e3o de ve\u00edculos e m\u00e1quinas ou para fazer trabalhos de jardinagem.<\/li>\n<\/ul>\n<h4>Caracter\u00edsticas<\/h4>\n<p>Material: Polipropileno + pel\u00edcula microporosa respir\u00e1vel<\/p>\n<p>Tamanho: S, M, L, XL, XXL, 3XL, 4XL<\/p>\n<p>Cor:Branco, Azul, Azul escuro<\/p>\n<p>Tipo:Com capuz, punhos el\u00e1sticos e fecho de correr \u00e0 frente.<\/p>\n<p>Embalagem: 1 pcs\/saco, 50 sacos\/caixa<\/p>\n<p>&nbsp;<\/p>\n<p>&nbsp;<\/p>\n","protected":false},"featured_media":5288,"template":"","meta":{"site-sidebar-layout":"default","site-content-layout":"default","ast-site-content-layout":"default","site-content-style":"default","site-sidebar-style":"default","ast-global-header-display":"","ast-banner-title-visibility":"","ast-main-header-display":"","ast-hfb-above-header-display":"","ast-hfb-below-header-display":"","ast-hfb-mobile-header-display":"","site-post-title":"","ast-breadcrumbs-content":"","ast-featured-img":"","footer-sml-layout":"","ast-disable-related-posts":"","theme-transparent-header-meta":"default","adv-header-id-meta":"","stick-header-meta":"","header-above-stick-meta":"","header-main-stick-meta":"","header-below-stick-meta":"","astra-migrate-meta-layouts":"default","ast-page-background-enabled":"default","ast-page-background-meta":{"desktop":{"background-color":"","background-image":"","background-repeat":"repeat","background-position":"center center","background-size":"auto","background-attachment":"scroll","background-type":"","background-media":"","overlay-type":"","overlay-color":"","overlay-opacity":"","overlay-gradient":""},"tablet":{"background-color":"","background-image":"","background-repeat":"repeat","background-position":"center center","background-size":"auto","background-attachment":"scroll","background-type":"","background-media":"","overlay-type":"","overlay-color":"","overlay-opacity":"","overlay-gradient":""},"mobile":{"background-color":"","background-image":"","background-repeat":"repeat","background-position":"center center","background-size":"auto","background-attachment":"scroll","background-type":"","background-media":"","overlay-type":"","overlay-color":"","overlay-opacity":"","overlay-gradient":""}},"ast-content-background-meta":{"desktop":{"background-color":"var(--ast-global-color-5)","background-image":"","background-repeat":"repeat","background-position":"center center","background-size":"auto","background-attachment":"scroll","background-type":"","background-media":"","overlay-type":"","overlay-color":"","overlay-opacity":"","overlay-gradient":""},"tablet":{"background-color":"var(--ast-global-color-5)","background-image":"","background-repeat":"repeat","background-position":"center center","background-size":"auto","background-attachment":"scroll","background-type":"","background-media":"","overlay-type":"","overlay-color":"","overlay-opacity":"","overlay-gradient":""},"mobile":{"background-color":"var(--ast-global-color-5)","background-image":"","background-repeat":"repeat","background-position":"center center","background-size":"auto","background-attachment":"scroll","background-type":"","background-media":"","overlay-type":"","overlay-color":"","overlay-opacity":"","overlay-gradient":""}}},"product_brand":[],"product_cat":[138],"product_tag":[],"class_list":{"0":"post-5658","1":"product","2":"type-product","3":"status-publish","4":"has-post-thumbnail","6":"product_cat-batas-de-proteccao","7":"desktop-align-center","8":"tablet-align-left","9":"mobile-align-left","11":"first","12":"instock","13":"shipping-taxable","14":"product-type-simple"},"_links":{"self":[{"href":"https:\/\/medposnonwoven.com\/pt-br\/wp-json\/wp\/v2\/product\/5658","targetHints":{"allow":["GET"]}}],"collection":[{"href":"https:\/\/medposnonwoven.com\/pt-br\/wp-json\/wp\/v2\/product"}],"about":[{"href":"https:\/\/medposnonwoven.com\/pt-br\/wp-json\/wp\/v2\/types\/product"}],"wp:featuredmedia":[{"embeddable":true,"href":"https:\/\/medposnonwoven.com\/pt-br\/wp-json\/wp\/v2\/media\/5288"}],"wp:attachment":[{"href":"https:\/\/medposnonwoven.com\/pt-br\/wp-json\/wp\/v2\/media?parent=5658"}],"wp:term":[{"taxonomy":"product_brand","embeddable":true,"href":"https:\/\/medposnonwoven.com\/pt-br\/wp-json\/wp\/v2\/product_brand?post=5658"},{"taxonomy":"product_cat","embeddable":true,"href":"https:\/\/medposnonwoven.com\/pt-br\/wp-json\/wp\/v2\/product_cat?post=5658"},{"taxonomy":"product_tag","embeddable":true,"href":"https:\/\/medposnonwoven.com\/pt-br\/wp-json\/wp\/v2\/product_tag?post=5658"}],"curies":[{"name":"wp","href":"https:\/\/api.w.org\/{rel}","templated":true}]}}