{"id":5661,"date":"2023-01-03T14:26:10","date_gmt":"2023-01-03T14:26:10","guid":{"rendered":"https:\/\/medposnonwoven.com\/product\/fato-macaco-nao-tecido-pp\/"},"modified":"2023-05-06T11:52:23","modified_gmt":"2023-05-06T11:52:23","slug":"fato-macaco-nao-tecido-pp","status":"publish","type":"product","link":"https:\/\/medposnonwoven.com\/pt-br\/produto\/fato-macaco-nao-tecido-pp\/","title":{"rendered":"Fato-macaco n\u00e3o tecido PP"},"content":{"rendered":"<ul>\n<li>Os fatos-macaco descart\u00e1veis s\u00e3o concebidos para cobrir todo o corpo e outras pe\u00e7as de vestu\u00e1rio para proteger contra a sujidade ou outros contaminantes externos. Os fatos-macaco s\u00e3o uma pe\u00e7a \u00fanica e folgada para facilitar os movimentos, com mangas, perneiras completas e, frequentemente, um capuz para cobrir a cabe\u00e7a. Estes podem tamb\u00e9m incluir pe\u00e7as de cal\u00e7ado para cobrir o cal\u00e7ado e proteger contra a contamina\u00e7\u00e3o.<\/li>\n<li>Quando se trabalha durante longas horas, a seguran\u00e7a e o conforto devem andar de m\u00e3os dadas. \u00c9 por isso que desenvolvemos, concebemos, testamos &#8211; e voltamos a testar &#8211; o nosso equipamento de protec\u00e7\u00e3o para a carro\u00e7aria l\u00edder na ind\u00fastria, para que possa trabalhar com tranquilidade, mesmo nos ambientes mais dif\u00edceis. Quando necessita de protec\u00e7\u00e3o contra produtos qu\u00edmicos, part\u00edculas, chamas, riscos biol\u00f3gicos e outros contaminantes, o nosso vestu\u00e1rio e acess\u00f3rios de protec\u00e7\u00e3o foram concebidos para resistir ao seu dia de trabalho.<\/li>\n<\/ul>\n<p>&nbsp;<\/p>\n","protected":false},"excerpt":{"rendered":"<ul>\n<li>Os fatos descart\u00e1veis s\u00e3o feitos de tecido n\u00e3o tecido spunbond, s\u00e3o leves, \u00e0 prova de p\u00f3 e mant\u00eam as suas roupas limpas durante o trabalho.<\/li>\n<li>Amplamente utilizado para jardinagem, pintura, pulveriza\u00e7\u00e3o, fabrico, limpeza, manuten\u00e7\u00e3o de ve\u00edculos e m\u00e1quinas ou para fazer trabalhos de jardinagem.<\/li>\n<\/ul>\n<h4>Caracter\u00edsticas<\/h4>\n<p>Material: Tecido n\u00e3o tecido de polipropileno<\/p>\n<p>Tamanho: S, M, L, XL, XXL, 3XL, 4XL<\/p>\n<p>Cor:Branco, Azul, Azul escuro<\/p>\n<p>Tipo:Com capuz, punhos el\u00e1sticos e fecho de correr \u00e0 frente.<\/p>\n<p>Embalagem: 1 pcs\/saco, 50 sacos\/caixa<\/p>\n<p>&nbsp;<\/p>\n<p>&nbsp;<\/p>\n","protected":false},"featured_media":5281,"template":"","meta":{"site-sidebar-layout":"default","site-content-layout":"default","ast-site-content-layout":"default","site-content-style":"default","site-sidebar-style":"default","ast-global-header-display":"","ast-banner-title-visibility":"","ast-main-header-display":"","ast-hfb-above-header-display":"","ast-hfb-below-header-display":"","ast-hfb-mobile-header-display":"","site-post-title":"","ast-breadcrumbs-content":"","ast-featured-img":"","footer-sml-layout":"","theme-transparent-header-meta":"default","adv-header-id-meta":"","stick-header-meta":"","header-above-stick-meta":"","header-main-stick-meta":"","header-below-stick-meta":"","astra-migrate-meta-layouts":"default","ast-page-background-enabled":"default","ast-page-background-meta":{"desktop":{"background-color":"","background-image":"","background-repeat":"repeat","background-position":"center center","background-size":"auto","background-attachment":"scroll","background-type":"","background-media":"","overlay-type":"","overlay-color":"","overlay-opacity":"","overlay-gradient":""},"tablet":{"background-color":"","background-image":"","background-repeat":"repeat","background-position":"center center","background-size":"auto","background-attachment":"scroll","background-type":"","background-media":"","overlay-type":"","overlay-color":"","overlay-opacity":"","overlay-gradient":""},"mobile":{"background-color":"","background-image":"","background-repeat":"repeat","background-position":"center center","background-size":"auto","background-attachment":"scroll","background-type":"","background-media":"","overlay-type":"","overlay-color":"","overlay-opacity":"","overlay-gradient":""}},"ast-content-background-meta":{"desktop":{"background-color":"var(--ast-global-color-5)","background-image":"","background-repeat":"repeat","background-position":"center center","background-size":"auto","background-attachment":"scroll","background-type":"","background-media":"","overlay-type":"","overlay-color":"","overlay-opacity":"","overlay-gradient":""},"tablet":{"background-color":"var(--ast-global-color-5)","background-image":"","background-repeat":"repeat","background-position":"center center","background-size":"auto","background-attachment":"scroll","background-type":"","background-media":"","overlay-type":"","overlay-color":"","overlay-opacity":"","overlay-gradient":""},"mobile":{"background-color":"var(--ast-global-color-5)","background-image":"","background-repeat":"repeat","background-position":"center center","background-size":"auto","background-attachment":"scroll","background-type":"","background-media":"","overlay-type":"","overlay-color":"","overlay-opacity":"","overlay-gradient":""}}},"product_brand":[],"product_cat":[138],"product_tag":[],"class_list":{"0":"post-5661","1":"product","2":"type-product","3":"status-publish","4":"has-post-thumbnail","6":"product_cat-batas-de-proteccao","7":"desktop-align-center","8":"tablet-align-left","9":"mobile-align-left","11":"first","12":"instock","13":"shipping-taxable","14":"product-type-simple"},"_links":{"self":[{"href":"https:\/\/medposnonwoven.com\/pt-br\/wp-json\/wp\/v2\/product\/5661","targetHints":{"allow":["GET"]}}],"collection":[{"href":"https:\/\/medposnonwoven.com\/pt-br\/wp-json\/wp\/v2\/product"}],"about":[{"href":"https:\/\/medposnonwoven.com\/pt-br\/wp-json\/wp\/v2\/types\/product"}],"wp:featuredmedia":[{"embeddable":true,"href":"https:\/\/medposnonwoven.com\/pt-br\/wp-json\/wp\/v2\/media\/5281"}],"wp:attachment":[{"href":"https:\/\/medposnonwoven.com\/pt-br\/wp-json\/wp\/v2\/media?parent=5661"}],"wp:term":[{"taxonomy":"product_brand","embeddable":true,"href":"https:\/\/medposnonwoven.com\/pt-br\/wp-json\/wp\/v2\/product_brand?post=5661"},{"taxonomy":"product_cat","embeddable":true,"href":"https:\/\/medposnonwoven.com\/pt-br\/wp-json\/wp\/v2\/product_cat?post=5661"},{"taxonomy":"product_tag","embeddable":true,"href":"https:\/\/medposnonwoven.com\/pt-br\/wp-json\/wp\/v2\/product_tag?post=5661"}],"curies":[{"name":"wp","href":"https:\/\/api.w.org\/{rel}","templated":true}]}}