{"id":5662,"date":"2022-12-31T14:11:12","date_gmt":"2022-12-31T14:11:12","guid":{"rendered":"https:\/\/medposnonwoven.com\/product\/tampas-de-duche-em-pe\/"},"modified":"2023-05-06T11:58:27","modified_gmt":"2023-05-06T11:58:27","slug":"tampas-de-duche-em-pe","status":"publish","type":"product","link":"https:\/\/medposnonwoven.com\/pt-br\/produto\/tampas-de-duche-em-pe\/","title":{"rendered":"Tampas de duche em PE"},"content":{"rendered":"<ul>\n<li data-spm-anchor-id=\"a2700.details.0.i19.68fd693f12waMx\">A touca de duche de pl\u00e1stico tem as vantagens de ser atraente e moderna, imperme\u00e1vel, elegante e acolhedora, respir\u00e1vel, port\u00e1til e f\u00e1cil de manter. Estas toucas de banho transparentes podem ser utilizadas para o bronzeamento por pulveriza\u00e7\u00e3o, em casa, num hotel ou num sal\u00e3o de cabeleireiro. As nossas toucas de banho descart\u00e1veis s\u00e3o feitas de um pl\u00e1stico mais espesso do que as toucas de banho normais, o que garante que n\u00e3o se rasgar\u00e3o enquanto estiver a tomar banho. Tome um duche sem se preocupar com a fuga de \u00e1gua atrav\u00e9s da tampa. Utiliza\u00e7\u00e3o na vida quotidiana, \u00fatil para as cabe\u00e7as pequenas. N\u00e3o h\u00e1 mau cheiro e os nossos bon\u00e9s s\u00e3o de tamanho \u00fanico.<\/li>\n<\/ul>\n<p>&nbsp;<\/p>\n<p>&nbsp;<\/p>\n<p>&nbsp;<\/p>\n","protected":false},"excerpt":{"rendered":"<ul>\n<li>Touca de duche imperme\u00e1vel mais espessa, bonita e elegante, macia e confort\u00e1vel, imperme\u00e1vel e respir\u00e1vel, f\u00e1cil de transportar e de manter limpa. Estas toucas de duche transparentes s\u00e3o extremamente vers\u00e1teis, para bronzeamento por pulveriza\u00e7\u00e3o, uso dom\u00e9stico, hotel e sal\u00e3o de cabeleireiro.<\/li>\n<\/ul>\n<h4>Caracter\u00edsticas<\/h4>\n<p>Material: 16 microns LDPE ou HDPE<\/p>\n<p>Tamanho:19\u2033, 21\u2033, 24\u2033<\/p>\n<p>Cor:Transparente<\/p>\n<p>Tipo: El\u00e1stico<\/p>\n<p>Embalagem: 100 unidades\/saco, 10 ou 20 sacos\/caixa<\/p>\n<p>&nbsp;<\/p>\n<p>&nbsp;<\/p>\n<p>&nbsp;<\/p>\n","protected":false},"featured_media":5267,"template":"","meta":{"site-sidebar-layout":"default","site-content-layout":"default","ast-site-content-layout":"default","site-content-style":"default","site-sidebar-style":"default","ast-global-header-display":"","ast-banner-title-visibility":"","ast-main-header-display":"","ast-hfb-above-header-display":"","ast-hfb-below-header-display":"","ast-hfb-mobile-header-display":"","site-post-title":"","ast-breadcrumbs-content":"","ast-featured-img":"","footer-sml-layout":"","ast-disable-related-posts":"","theme-transparent-header-meta":"default","adv-header-id-meta":"","stick-header-meta":"","header-above-stick-meta":"","header-main-stick-meta":"","header-below-stick-meta":"","astra-migrate-meta-layouts":"default","ast-page-background-enabled":"default","ast-page-background-meta":{"desktop":{"background-color":"","background-image":"","background-repeat":"repeat","background-position":"center center","background-size":"auto","background-attachment":"scroll","background-type":"","background-media":"","overlay-type":"","overlay-color":"","overlay-opacity":"","overlay-gradient":""},"tablet":{"background-color":"","background-image":"","background-repeat":"repeat","background-position":"center center","background-size":"auto","background-attachment":"scroll","background-type":"","background-media":"","overlay-type":"","overlay-color":"","overlay-opacity":"","overlay-gradient":""},"mobile":{"background-color":"","background-image":"","background-repeat":"repeat","background-position":"center center","background-size":"auto","background-attachment":"scroll","background-type":"","background-media":"","overlay-type":"","overlay-color":"","overlay-opacity":"","overlay-gradient":""}},"ast-content-background-meta":{"desktop":{"background-color":"var(--ast-global-color-5)","background-image":"","background-repeat":"repeat","background-position":"center center","background-size":"auto","background-attachment":"scroll","background-type":"","background-media":"","overlay-type":"","overlay-color":"","overlay-opacity":"","overlay-gradient":""},"tablet":{"background-color":"var(--ast-global-color-5)","background-image":"","background-repeat":"repeat","background-position":"center center","background-size":"auto","background-attachment":"scroll","background-type":"","background-media":"","overlay-type":"","overlay-color":"","overlay-opacity":"","overlay-gradient":""},"mobile":{"background-color":"var(--ast-global-color-5)","background-image":"","background-repeat":"repeat","background-position":"center center","background-size":"auto","background-attachment":"scroll","background-type":"","background-media":"","overlay-type":"","overlay-color":"","overlay-opacity":"","overlay-gradient":""}}},"product_brand":[],"product_cat":[141],"product_tag":[],"class_list":{"0":"post-5662","1":"product","2":"type-product","3":"status-publish","4":"has-post-thumbnail","6":"product_cat-tampas-descartaveis","7":"desktop-align-center","8":"tablet-align-left","9":"mobile-align-left","11":"first","12":"instock","13":"shipping-taxable","14":"product-type-simple"},"_links":{"self":[{"href":"https:\/\/medposnonwoven.com\/pt-br\/wp-json\/wp\/v2\/product\/5662","targetHints":{"allow":["GET"]}}],"collection":[{"href":"https:\/\/medposnonwoven.com\/pt-br\/wp-json\/wp\/v2\/product"}],"about":[{"href":"https:\/\/medposnonwoven.com\/pt-br\/wp-json\/wp\/v2\/types\/product"}],"wp:featuredmedia":[{"embeddable":true,"href":"https:\/\/medposnonwoven.com\/pt-br\/wp-json\/wp\/v2\/media\/5267"}],"wp:attachment":[{"href":"https:\/\/medposnonwoven.com\/pt-br\/wp-json\/wp\/v2\/media?parent=5662"}],"wp:term":[{"taxonomy":"product_brand","embeddable":true,"href":"https:\/\/medposnonwoven.com\/pt-br\/wp-json\/wp\/v2\/product_brand?post=5662"},{"taxonomy":"product_cat","embeddable":true,"href":"https:\/\/medposnonwoven.com\/pt-br\/wp-json\/wp\/v2\/product_cat?post=5662"},{"taxonomy":"product_tag","embeddable":true,"href":"https:\/\/medposnonwoven.com\/pt-br\/wp-json\/wp\/v2\/product_tag?post=5662"}],"curies":[{"name":"wp","href":"https:\/\/api.w.org\/{rel}","templated":true}]}}