{"id":5663,"date":"2023-01-02T16:08:46","date_gmt":"2023-01-02T16:08:46","guid":{"rendered":"https:\/\/medposnonwoven.com\/product\/bata-de-isolamento-aami-level-2\/"},"modified":"2023-05-06T11:53:03","modified_gmt":"2023-05-06T11:53:03","slug":"bata-de-isolamento-aami-level-2","status":"publish","type":"product","link":"https:\/\/medposnonwoven.com\/pt-br\/produto\/bata-de-isolamento-aami-level-2\/","title":{"rendered":"Bata de isolamento AAMI-LEVEL 2"},"content":{"rendered":"<ul>\n<li>As batas de isolamento descart\u00e1veis s\u00e3o normalmente feitas de materiais n\u00e3o tecidos, como o spunbnod, o SMS e o n\u00e3o tecido laminado PE. Estes materiais s\u00e3o leves e respir\u00e1veis, o que os torna confort\u00e1veis de usar. S\u00e3o tamb\u00e9m repelentes a fluidos, sendo o artigo de protec\u00e7\u00e3o ideal para procedimentos m\u00e9dicos em que possa haver contacto com fluidos. Os materiais utilizados para as batas de ppe s\u00e3o tamb\u00e9m fortes e duradouros, permitindo que sejam utilizadas v\u00e1rias vezes, se necess\u00e1rio. Para al\u00e9m disso, as batas de isolamento descart\u00e1veis s\u00e3o normalmente concebidas com punhos el\u00e1sticos e atilhos na cintura para proporcionar um ajuste seguro.<\/li>\n<li>S\u00e3o concebidos para cobrir o corpo desde o pesco\u00e7o at\u00e9 aos joelhos e os pulsos at\u00e9 aos cotovelos, e t\u00eam mangas compridas e atilhos ou el\u00e1sticos nos punhos, na cintura e no pesco\u00e7o para os fixar. As batas de isolamento s\u00e3o normalmente usadas em ambientes m\u00e9dicos, como hospitais, cl\u00ednicas, cuidados de sa\u00fade, ind\u00fastria farmac\u00eautica, ind\u00fastria alimentar, laborat\u00f3rios, ind\u00fastria transformadora e seguran\u00e7a, para proteger os profissionais de sa\u00fade de entrarem em contacto com materiais infecciosos ou fluidos corporais. Podem tamb\u00e9m ser usados pelos doentes para evitar a propaga\u00e7\u00e3o da infec\u00e7\u00e3o a outras pessoas.<\/li>\n<\/ul>\n<p>&nbsp;<\/p>\n<p>&nbsp;<\/p>\n","protected":false},"excerpt":{"rendered":"<ul>\n<li>As nossas Batas de Isolamento Descart\u00e1veis mant\u00eam-no limpo, seguro e confort\u00e1vel. Para maior conforto, as suas novas batas ppe t\u00eam costuras t\u00e9rmicas, punhos el\u00e1sticos e um colarinho traseiro com fecho de velcro.<\/li>\n<li>Isolar eficazmente o p\u00f3 e outras subst\u00e2ncias nocivas, cobrir o corpo e o vestu\u00e1rio e criar uma barreira f\u00edsica \u00e0 transmiss\u00e3o de microrganismos e outras subst\u00e2ncias.<\/li>\n<\/ul>\n<h4>Caracter\u00edsticas<\/h4>\n<p>Material: PP+PE, SMS<\/p>\n<p>Tamanho: 115x137cm, 120x140cm ou personalizado<\/p>\n<p>Cor: azul, amarelo, verde ou personalizado<\/p>\n<p>Tipo: Punho el\u00e1stico ou punho de malha<\/p>\n<p>Embalagem: 10 unidades\/saco, 10 ou 20 sacos\/caixa<\/p>\n<p>Norma: AAMI-N\u00edvel 2, EN14126<\/p>\n<p>&nbsp;<\/p>\n<p>&nbsp;<\/p>\n<p>&nbsp;<\/p>\n","protected":false},"featured_media":5278,"template":"","meta":{"site-sidebar-layout":"default","site-content-layout":"default","ast-site-content-layout":"default","site-content-style":"default","site-sidebar-style":"default","ast-global-header-display":"","ast-banner-title-visibility":"","ast-main-header-display":"","ast-hfb-above-header-display":"","ast-hfb-below-header-display":"","ast-hfb-mobile-header-display":"","site-post-title":"","ast-breadcrumbs-content":"","ast-featured-img":"","footer-sml-layout":"","ast-disable-related-posts":"","theme-transparent-header-meta":"default","adv-header-id-meta":"","stick-header-meta":"","header-above-stick-meta":"","header-main-stick-meta":"","header-below-stick-meta":"","astra-migrate-meta-layouts":"default","ast-page-background-enabled":"default","ast-page-background-meta":{"desktop":{"background-color":"","background-image":"","background-repeat":"repeat","background-position":"center center","background-size":"auto","background-attachment":"scroll","background-type":"","background-media":"","overlay-type":"","overlay-color":"","overlay-opacity":"","overlay-gradient":""},"tablet":{"background-color":"","background-image":"","background-repeat":"repeat","background-position":"center center","background-size":"auto","background-attachment":"scroll","background-type":"","background-media":"","overlay-type":"","overlay-color":"","overlay-opacity":"","overlay-gradient":""},"mobile":{"background-color":"","background-image":"","background-repeat":"repeat","background-position":"center center","background-size":"auto","background-attachment":"scroll","background-type":"","background-media":"","overlay-type":"","overlay-color":"","overlay-opacity":"","overlay-gradient":""}},"ast-content-background-meta":{"desktop":{"background-color":"var(--ast-global-color-5)","background-image":"","background-repeat":"repeat","background-position":"center center","background-size":"auto","background-attachment":"scroll","background-type":"","background-media":"","overlay-type":"","overlay-color":"","overlay-opacity":"","overlay-gradient":""},"tablet":{"background-color":"var(--ast-global-color-5)","background-image":"","background-repeat":"repeat","background-position":"center center","background-size":"auto","background-attachment":"scroll","background-type":"","background-media":"","overlay-type":"","overlay-color":"","overlay-opacity":"","overlay-gradient":""},"mobile":{"background-color":"var(--ast-global-color-5)","background-image":"","background-repeat":"repeat","background-position":"center center","background-size":"auto","background-attachment":"scroll","background-type":"","background-media":"","overlay-type":"","overlay-color":"","overlay-opacity":"","overlay-gradient":""}}},"product_brand":[],"product_cat":[138],"product_tag":[],"class_list":{"0":"post-5663","1":"product","2":"type-product","3":"status-publish","4":"has-post-thumbnail","6":"product_cat-batas-de-proteccao","7":"desktop-align-center","8":"tablet-align-left","9":"mobile-align-left","11":"first","12":"instock","13":"shipping-taxable","14":"product-type-simple"},"_links":{"self":[{"href":"https:\/\/medposnonwoven.com\/pt-br\/wp-json\/wp\/v2\/product\/5663","targetHints":{"allow":["GET"]}}],"collection":[{"href":"https:\/\/medposnonwoven.com\/pt-br\/wp-json\/wp\/v2\/product"}],"about":[{"href":"https:\/\/medposnonwoven.com\/pt-br\/wp-json\/wp\/v2\/types\/product"}],"wp:featuredmedia":[{"embeddable":true,"href":"https:\/\/medposnonwoven.com\/pt-br\/wp-json\/wp\/v2\/media\/5278"}],"wp:attachment":[{"href":"https:\/\/medposnonwoven.com\/pt-br\/wp-json\/wp\/v2\/media?parent=5663"}],"wp:term":[{"taxonomy":"product_brand","embeddable":true,"href":"https:\/\/medposnonwoven.com\/pt-br\/wp-json\/wp\/v2\/product_brand?post=5663"},{"taxonomy":"product_cat","embeddable":true,"href":"https:\/\/medposnonwoven.com\/pt-br\/wp-json\/wp\/v2\/product_cat?post=5663"},{"taxonomy":"product_tag","embeddable":true,"href":"https:\/\/medposnonwoven.com\/pt-br\/wp-json\/wp\/v2\/product_tag?post=5663"}],"curies":[{"name":"wp","href":"https:\/\/api.w.org\/{rel}","templated":true}]}}