{"id":5664,"date":"2022-12-29T14:48:14","date_gmt":"2022-12-29T14:48:14","guid":{"rendered":"https:\/\/medposnonwoven.com\/product\/n95%ef%bc%88ffp2-nr%ef%bc%89mascara-de-copo-respirador\/"},"modified":"2023-05-06T12:09:11","modified_gmt":"2023-05-06T12:09:11","slug":"n95%ef%bc%88ffp2-nr%ef%bc%89mascara-de-copo-respirador","status":"publish","type":"product","link":"https:\/\/medposnonwoven.com\/pt-br\/produto\/n95%ef%bc%88ffp2-nr%ef%bc%89mascara-de-copo-respirador\/","title":{"rendered":"N95\uff08FFP2 NR\uff09M\u00e1scara de copo respirador"},"content":{"rendered":"<ul>\n<li data-spm-anchor-id=\"a2700.details.0.i19.68fd693f12waMx\">Como respirador, destina-se a ajudar a reduzir a exposi\u00e7\u00e3o do utilizador a determinadas part\u00edculas em suspens\u00e3o no ar, incluindo as geradas por electrocaut\u00e9rio, cirurgia a laser e outros instrumentos m\u00e9dicos el\u00e9ctricos. Como respirador cir\u00fargico, foi concebido para ser resistente a salpicos de sangue e outros materiais infecciosos<\/li>\n<\/ul>\n<ul>\n<li>Oferecida em tamanho normal, a m\u00e1scara respirat\u00f3ria Cup Mask foi concebida para se adaptar confortavelmente \u00e0 maioria das formas faciais, proporcionando simultaneamente uma excelente protec\u00e7\u00e3o respirat\u00f3ria contra part\u00edculas e bact\u00e9rias transportadas pelo ar. A m\u00e1scara ajustada adapta-se \u00e0 forma natural do rosto, minimizando os pontos de press\u00e3o. A ponte nasal moldada reduz os ajustes necess\u00e1rios para obter um ajuste correcto e proporciona uma veda\u00e7\u00e3o segura.<\/li>\n<\/ul>\n<p>&nbsp;<\/p>\n","protected":false},"excerpt":{"rendered":"<ul>\n<li>A nossa m\u00e1scara facial N95 utiliza um tecido n\u00e3o tecido que n\u00e3o irrita a pele, sem irritar a sua pele; bandas de cabe\u00e7a altamente el\u00e1sticas e clipe nasal ajust\u00e1vel para garantir um ajuste confort\u00e1vel.<\/li>\n<li>O filtro Premium protege contra 99% das part\u00edculas maiores do que 0,1 \u03bcm, Efici\u00eancia do filtro = PFE99%.<\/li>\n<\/ul>\n<h4>Caracter\u00edsticas<\/h4>\n<p>Material: A estrutura de 5 camadas garante uma protec\u00e7\u00e3o completa<\/p>\n<p>1\u00aa camada: 50 g\/m\u00b2 Tecido n\u00e3o tecido de polipropileno fiado (pp)<br \/>\n2\u00aa camada: 25 g\/m\u00b2 Tecido n\u00e3o tecido fundido por sopro (filtro)<br \/>\n3\u00aa camada: 25 g\/m\u00b2 Tecido n\u00e3o tecido fundido por sopro (filtro)<br \/>\n4\u00aa camada: 40 g\/m\u00b2 de algod\u00e3o de ar quente (ES) para suavizar e absorver a humidade<br \/>\n5\u00aa camada: 25 g\/m\u00b2 Tecido n\u00e3o tecido de polipropileno fiado (pp)<\/p>\n<p>Tamanho: 11,5*14cm<\/p>\n<p>Cor:Azul,Preto,Branco(Outras cores tamb\u00e9m s\u00e3o aceites)<\/p>\n<p>Norma: EN149:2001; NIOSH; FFP2 NR<\/p>\n<p>Embalagem: 20 unidades\/caixa, 20 caixas\/caixa de cart\u00e3o<\/p>\n<p>&nbsp;<\/p>\n<p>&nbsp;<\/p>\n","protected":false},"featured_media":5244,"template":"","meta":{"site-sidebar-layout":"default","site-content-layout":"default","ast-site-content-layout":"default","site-content-style":"default","site-sidebar-style":"default","ast-global-header-display":"","ast-banner-title-visibility":"","ast-main-header-display":"","ast-hfb-above-header-display":"","ast-hfb-below-header-display":"","ast-hfb-mobile-header-display":"","site-post-title":"","ast-breadcrumbs-content":"","ast-featured-img":"","footer-sml-layout":"","ast-disable-related-posts":"","theme-transparent-header-meta":"default","adv-header-id-meta":"","stick-header-meta":"","header-above-stick-meta":"","header-main-stick-meta":"","header-below-stick-meta":"","astra-migrate-meta-layouts":"default","ast-page-background-enabled":"default","ast-page-background-meta":{"desktop":{"background-color":"","background-image":"","background-repeat":"repeat","background-position":"center center","background-size":"auto","background-attachment":"scroll","background-type":"","background-media":"","overlay-type":"","overlay-color":"","overlay-opacity":"","overlay-gradient":""},"tablet":{"background-color":"","background-image":"","background-repeat":"repeat","background-position":"center center","background-size":"auto","background-attachment":"scroll","background-type":"","background-media":"","overlay-type":"","overlay-color":"","overlay-opacity":"","overlay-gradient":""},"mobile":{"background-color":"","background-image":"","background-repeat":"repeat","background-position":"center center","background-size":"auto","background-attachment":"scroll","background-type":"","background-media":"","overlay-type":"","overlay-color":"","overlay-opacity":"","overlay-gradient":""}},"ast-content-background-meta":{"desktop":{"background-color":"var(--ast-global-color-5)","background-image":"","background-repeat":"repeat","background-position":"center center","background-size":"auto","background-attachment":"scroll","background-type":"","background-media":"","overlay-type":"","overlay-color":"","overlay-opacity":"","overlay-gradient":""},"tablet":{"background-color":"var(--ast-global-color-5)","background-image":"","background-repeat":"repeat","background-position":"center center","background-size":"auto","background-attachment":"scroll","background-type":"","background-media":"","overlay-type":"","overlay-color":"","overlay-opacity":"","overlay-gradient":""},"mobile":{"background-color":"var(--ast-global-color-5)","background-image":"","background-repeat":"repeat","background-position":"center center","background-size":"auto","background-attachment":"scroll","background-type":"","background-media":"","overlay-type":"","overlay-color":"","overlay-opacity":"","overlay-gradient":""}}},"product_brand":[],"product_cat":[140],"product_tag":[],"class_list":{"0":"post-5664","1":"product","2":"type-product","3":"status-publish","4":"has-post-thumbnail","6":"product_cat-mascaras-faciais-e-respiradores-descartaveis","7":"desktop-align-center","8":"tablet-align-left","9":"mobile-align-left","11":"first","12":"instock","13":"shipping-taxable","14":"product-type-simple"},"_links":{"self":[{"href":"https:\/\/medposnonwoven.com\/pt-br\/wp-json\/wp\/v2\/product\/5664","targetHints":{"allow":["GET"]}}],"collection":[{"href":"https:\/\/medposnonwoven.com\/pt-br\/wp-json\/wp\/v2\/product"}],"about":[{"href":"https:\/\/medposnonwoven.com\/pt-br\/wp-json\/wp\/v2\/types\/product"}],"wp:featuredmedia":[{"embeddable":true,"href":"https:\/\/medposnonwoven.com\/pt-br\/wp-json\/wp\/v2\/media\/5244"}],"wp:attachment":[{"href":"https:\/\/medposnonwoven.com\/pt-br\/wp-json\/wp\/v2\/media?parent=5664"}],"wp:term":[{"taxonomy":"product_brand","embeddable":true,"href":"https:\/\/medposnonwoven.com\/pt-br\/wp-json\/wp\/v2\/product_brand?post=5664"},{"taxonomy":"product_cat","embeddable":true,"href":"https:\/\/medposnonwoven.com\/pt-br\/wp-json\/wp\/v2\/product_cat?post=5664"},{"taxonomy":"product_tag","embeddable":true,"href":"https:\/\/medposnonwoven.com\/pt-br\/wp-json\/wp\/v2\/product_tag?post=5664"}],"curies":[{"name":"wp","href":"https:\/\/api.w.org\/{rel}","templated":true}]}}