{"id":5665,"date":"2022-12-31T13:57:21","date_gmt":"2022-12-31T13:57:21","guid":{"rendered":"https:\/\/medposnonwoven.com\/product\/protectores-de-barba-descartaveis\/"},"modified":"2023-05-06T11:58:57","modified_gmt":"2023-05-06T11:58:57","slug":"protectores-de-barba-descartaveis","status":"publish","type":"product","link":"https:\/\/medposnonwoven.com\/pt-br\/produto\/protectores-de-barba-descartaveis\/","title":{"rendered":"Protectores de barba descart\u00e1veis"},"content":{"rendered":"<ul>\n<li data-spm-anchor-id=\"a2700.details.0.i19.68fd693f12waMx\">Pode utilizar toucas de barba descart\u00e1veis para manter a barba limpa enquanto come ou dorme \u00e0 noite. Tornar\u00e3o a sua utiliza\u00e7\u00e3o mais confort\u00e1vel e s\u00e3o fornecidas em quantidade suficiente para satisfazer as suas necessidades. Estes protectores de barba s\u00e3o fabricados em tecido de poli\u00e9ster de alta qualidade, que \u00e9 f\u00e1cil de limpar, resistente, inodoro e duradouro. N\u00e3o ferem o rosto nem a pele e s\u00e3o macios e suaves ao toque.<\/li>\n<li data-spm-anchor-id=\"a2700.details.0.i19.68fd693f12waMx\">A nossa touca de protec\u00e7\u00e3o ajust\u00e1vel para os p\u00ealos faciais pode ajudar a manter a barba longe da sujidade e do p\u00f3, bem como evitar que os p\u00ealos soltos contaminem os alimentos ou outras \u00e1reas. Tamb\u00e9m ajuda a evitar que os molhos, sopas e \u00f3leos alimentares pintem a barba. Pode esticar a correia el\u00e1stica e extens\u00edvel da orelha para se adaptar \u00e0s suas necessidades. A correia auricular \u00e9 segura para os seus ouvidos e pode ser utilizada durante longos per\u00edodos de tempo.<\/li>\n<\/ul>\n<p>&nbsp;<\/p>\n<p>&nbsp;<\/p>\n","protected":false},"excerpt":{"rendered":"<ul>\n<li>Fabricado em tecido n\u00e3o tecido de polipropileno leve, dur\u00e1vel e macio. A banda el\u00e1stica \u00fanica \u00e9 extra el\u00e1stica e f\u00e1cil de colocar em seguran\u00e7a \u00e0 volta da cabe\u00e7a, independentemente do seu penteado. Estes protectores de barba mant\u00eam-se no lugar durante os seus movimentos e s\u00e3o incrivelmente confort\u00e1veis de usar, mesmo durante um per\u00edodo prolongado, como um longo turno de trabalho.<\/li>\n<\/ul>\n<h4>Caracter\u00edsticas<\/h4>\n<p>Material: 10gsm Spunbond<\/p>\n<p>Tamanho:18&#8243;, 21&#8243;<\/p>\n<p>Cor:Azul, Branco<\/p>\n<p>Tipo: El\u00e1stico simples ou el\u00e1stico duplo<\/p>\n<p>Embalagem: 100 unidades\/saco, 10 ou 20 sacos\/caixa<\/p>\n<p>&nbsp;<\/p>\n<p>&nbsp;<\/p>\n","protected":false},"featured_media":5265,"template":"","meta":{"site-sidebar-layout":"default","site-content-layout":"default","ast-site-content-layout":"default","site-content-style":"default","site-sidebar-style":"default","ast-global-header-display":"","ast-banner-title-visibility":"","ast-main-header-display":"","ast-hfb-above-header-display":"","ast-hfb-below-header-display":"","ast-hfb-mobile-header-display":"","site-post-title":"","ast-breadcrumbs-content":"","ast-featured-img":"","footer-sml-layout":"","ast-disable-related-posts":"","theme-transparent-header-meta":"default","adv-header-id-meta":"","stick-header-meta":"","header-above-stick-meta":"","header-main-stick-meta":"","header-below-stick-meta":"","astra-migrate-meta-layouts":"default","ast-page-background-enabled":"default","ast-page-background-meta":{"desktop":{"background-color":"","background-image":"","background-repeat":"repeat","background-position":"center center","background-size":"auto","background-attachment":"scroll","background-type":"","background-media":"","overlay-type":"","overlay-color":"","overlay-opacity":"","overlay-gradient":""},"tablet":{"background-color":"","background-image":"","background-repeat":"repeat","background-position":"center center","background-size":"auto","background-attachment":"scroll","background-type":"","background-media":"","overlay-type":"","overlay-color":"","overlay-opacity":"","overlay-gradient":""},"mobile":{"background-color":"","background-image":"","background-repeat":"repeat","background-position":"center center","background-size":"auto","background-attachment":"scroll","background-type":"","background-media":"","overlay-type":"","overlay-color":"","overlay-opacity":"","overlay-gradient":""}},"ast-content-background-meta":{"desktop":{"background-color":"var(--ast-global-color-5)","background-image":"","background-repeat":"repeat","background-position":"center center","background-size":"auto","background-attachment":"scroll","background-type":"","background-media":"","overlay-type":"","overlay-color":"","overlay-opacity":"","overlay-gradient":""},"tablet":{"background-color":"var(--ast-global-color-5)","background-image":"","background-repeat":"repeat","background-position":"center center","background-size":"auto","background-attachment":"scroll","background-type":"","background-media":"","overlay-type":"","overlay-color":"","overlay-opacity":"","overlay-gradient":""},"mobile":{"background-color":"var(--ast-global-color-5)","background-image":"","background-repeat":"repeat","background-position":"center center","background-size":"auto","background-attachment":"scroll","background-type":"","background-media":"","overlay-type":"","overlay-color":"","overlay-opacity":"","overlay-gradient":""}}},"product_brand":[],"product_cat":[141],"product_tag":[],"class_list":{"0":"post-5665","1":"product","2":"type-product","3":"status-publish","4":"has-post-thumbnail","6":"product_cat-tampas-descartaveis","7":"desktop-align-center","8":"tablet-align-left","9":"mobile-align-left","11":"first","12":"instock","13":"shipping-taxable","14":"product-type-simple"},"_links":{"self":[{"href":"https:\/\/medposnonwoven.com\/pt-br\/wp-json\/wp\/v2\/product\/5665","targetHints":{"allow":["GET"]}}],"collection":[{"href":"https:\/\/medposnonwoven.com\/pt-br\/wp-json\/wp\/v2\/product"}],"about":[{"href":"https:\/\/medposnonwoven.com\/pt-br\/wp-json\/wp\/v2\/types\/product"}],"wp:featuredmedia":[{"embeddable":true,"href":"https:\/\/medposnonwoven.com\/pt-br\/wp-json\/wp\/v2\/media\/5265"}],"wp:attachment":[{"href":"https:\/\/medposnonwoven.com\/pt-br\/wp-json\/wp\/v2\/media?parent=5665"}],"wp:term":[{"taxonomy":"product_brand","embeddable":true,"href":"https:\/\/medposnonwoven.com\/pt-br\/wp-json\/wp\/v2\/product_brand?post=5665"},{"taxonomy":"product_cat","embeddable":true,"href":"https:\/\/medposnonwoven.com\/pt-br\/wp-json\/wp\/v2\/product_cat?post=5665"},{"taxonomy":"product_tag","embeddable":true,"href":"https:\/\/medposnonwoven.com\/pt-br\/wp-json\/wp\/v2\/product_tag?post=5665"}],"curies":[{"name":"wp","href":"https:\/\/api.w.org\/{rel}","templated":true}]}}