{"id":5666,"date":"2023-01-02T15:45:06","date_gmt":"2023-01-02T15:45:06","guid":{"rendered":"https:\/\/medposnonwoven.com\/product\/batas-de-isolamento-pppe\/"},"modified":"2023-05-06T11:53:45","modified_gmt":"2023-05-06T11:53:45","slug":"batas-de-isolamento-pppe","status":"publish","type":"product","link":"https:\/\/medposnonwoven.com\/pt-br\/produto\/batas-de-isolamento-pppe\/","title":{"rendered":"Batas de isolamento PP+PE"},"content":{"rendered":"<ul>\n<li>Al\u00e9m disso, as batas de isolamento proporcionam aos visitantes e aos familiares que possam entrar em contacto com um doente infectado um grau de seguran\u00e7a adicional. Estas pessoas podem reduzir o risco de infec\u00e7\u00e3o limitando o seu contacto com o doente atrav\u00e9s da utiliza\u00e7\u00e3o de uma bata de isolamento. As macas e outras pe\u00e7as de equipamento m\u00e9dico, incluindo os suportes para soro, podem ser cobertas com roup\u00f5es de isolamento para impedir a contamina\u00e7\u00e3o cruzada.<\/li>\n<li>S\u00e3o concebidos para cobrir o corpo desde o pesco\u00e7o at\u00e9 aos joelhos e os pulsos at\u00e9 aos cotovelos, e t\u00eam mangas compridas e atilhos ou el\u00e1sticos nos punhos, na cintura e no pesco\u00e7o para os fixar. As batas de isolamento s\u00e3o normalmente usadas em ambientes m\u00e9dicos, como hospitais, cl\u00ednicas, cuidados de sa\u00fade, ind\u00fastria farmac\u00eautica, ind\u00fastria alimentar, laborat\u00f3rios, ind\u00fastria transformadora e seguran\u00e7a, para proteger os profissionais de sa\u00fade de entrarem em contacto com materiais infecciosos ou fluidos corporais. Podem tamb\u00e9m ser usados pelos doentes para evitar a propaga\u00e7\u00e3o da infec\u00e7\u00e3o a outras pessoas.<\/li>\n<\/ul>\n<p>&nbsp;<\/p>\n","protected":false},"excerpt":{"rendered":"<ul>\n<li>A bata de isolamento \u00e9 feita de polipropileno revestido a polietileno de alta qualidade. Punhos el\u00e1sticos com fecho de atilhos na cintura e no pesco\u00e7o. S\u00e3o respir\u00e1veis, flex\u00edveis e suficientemente fortes para tarefas dif\u00edceis.<\/li>\n<li>Isolar eficazmente o p\u00f3 e outras subst\u00e2ncias nocivas, cobrir o corpo e o vestu\u00e1rio e criar uma barreira f\u00edsica \u00e0 transmiss\u00e3o de microrganismos e outras subst\u00e2ncias<\/li>\n<\/ul>\n<h4>Caracter\u00edsticas<\/h4>\n<p>Material: PP+PE<\/p>\n<p>Tamanho: 115x137cm, 120x140cm ou personalizado<\/p>\n<p>Cor: azul, amarelo, verde ou personalizado<\/p>\n<p>Tipo: Punho el\u00e1stico ou punho de malha<\/p>\n<p>Embalagem: 10 unidades\/saco, 10 ou 20 sacos\/caixa<\/p>\n<p>&nbsp;<\/p>\n<p>&nbsp;<\/p>\n","protected":false},"featured_media":5276,"template":"","meta":{"site-sidebar-layout":"default","site-content-layout":"default","ast-site-content-layout":"default","site-content-style":"default","site-sidebar-style":"default","ast-global-header-display":"","ast-banner-title-visibility":"","ast-main-header-display":"","ast-hfb-above-header-display":"","ast-hfb-below-header-display":"","ast-hfb-mobile-header-display":"","site-post-title":"","ast-breadcrumbs-content":"","ast-featured-img":"","footer-sml-layout":"","ast-disable-related-posts":"","theme-transparent-header-meta":"default","adv-header-id-meta":"","stick-header-meta":"","header-above-stick-meta":"","header-main-stick-meta":"","header-below-stick-meta":"","astra-migrate-meta-layouts":"default","ast-page-background-enabled":"default","ast-page-background-meta":{"desktop":{"background-color":"","background-image":"","background-repeat":"repeat","background-position":"center center","background-size":"auto","background-attachment":"scroll","background-type":"","background-media":"","overlay-type":"","overlay-color":"","overlay-opacity":"","overlay-gradient":""},"tablet":{"background-color":"","background-image":"","background-repeat":"repeat","background-position":"center center","background-size":"auto","background-attachment":"scroll","background-type":"","background-media":"","overlay-type":"","overlay-color":"","overlay-opacity":"","overlay-gradient":""},"mobile":{"background-color":"","background-image":"","background-repeat":"repeat","background-position":"center center","background-size":"auto","background-attachment":"scroll","background-type":"","background-media":"","overlay-type":"","overlay-color":"","overlay-opacity":"","overlay-gradient":""}},"ast-content-background-meta":{"desktop":{"background-color":"var(--ast-global-color-5)","background-image":"","background-repeat":"repeat","background-position":"center center","background-size":"auto","background-attachment":"scroll","background-type":"","background-media":"","overlay-type":"","overlay-color":"","overlay-opacity":"","overlay-gradient":""},"tablet":{"background-color":"var(--ast-global-color-5)","background-image":"","background-repeat":"repeat","background-position":"center center","background-size":"auto","background-attachment":"scroll","background-type":"","background-media":"","overlay-type":"","overlay-color":"","overlay-opacity":"","overlay-gradient":""},"mobile":{"background-color":"var(--ast-global-color-5)","background-image":"","background-repeat":"repeat","background-position":"center center","background-size":"auto","background-attachment":"scroll","background-type":"","background-media":"","overlay-type":"","overlay-color":"","overlay-opacity":"","overlay-gradient":""}}},"product_brand":[],"product_cat":[138],"product_tag":[],"class_list":{"0":"post-5666","1":"product","2":"type-product","3":"status-publish","4":"has-post-thumbnail","6":"product_cat-batas-de-proteccao","7":"desktop-align-center","8":"tablet-align-left","9":"mobile-align-left","11":"first","12":"instock","13":"shipping-taxable","14":"product-type-simple"},"_links":{"self":[{"href":"https:\/\/medposnonwoven.com\/pt-br\/wp-json\/wp\/v2\/product\/5666","targetHints":{"allow":["GET"]}}],"collection":[{"href":"https:\/\/medposnonwoven.com\/pt-br\/wp-json\/wp\/v2\/product"}],"about":[{"href":"https:\/\/medposnonwoven.com\/pt-br\/wp-json\/wp\/v2\/types\/product"}],"wp:featuredmedia":[{"embeddable":true,"href":"https:\/\/medposnonwoven.com\/pt-br\/wp-json\/wp\/v2\/media\/5276"}],"wp:attachment":[{"href":"https:\/\/medposnonwoven.com\/pt-br\/wp-json\/wp\/v2\/media?parent=5666"}],"wp:term":[{"taxonomy":"product_brand","embeddable":true,"href":"https:\/\/medposnonwoven.com\/pt-br\/wp-json\/wp\/v2\/product_brand?post=5666"},{"taxonomy":"product_cat","embeddable":true,"href":"https:\/\/medposnonwoven.com\/pt-br\/wp-json\/wp\/v2\/product_cat?post=5666"},{"taxonomy":"product_tag","embeddable":true,"href":"https:\/\/medposnonwoven.com\/pt-br\/wp-json\/wp\/v2\/product_tag?post=5666"}],"curies":[{"name":"wp","href":"https:\/\/api.w.org\/{rel}","templated":true}]}}