{"id":5667,"date":"2022-12-29T12:48:29","date_gmt":"2022-12-29T12:48:29","guid":{"rendered":"https:\/\/medposnonwoven.com\/product\/mascara-facial-kn95\/"},"modified":"2023-05-06T12:10:08","modified_gmt":"2023-05-06T12:10:08","slug":"mascara-facial-kn95","status":"publish","type":"product","link":"https:\/\/medposnonwoven.com\/pt-br\/produto\/mascara-facial-kn95\/","title":{"rendered":"M\u00e1scara facial KN95"},"content":{"rendered":"<ul>\n<li data-spm-anchor-id=\"a2700.details.0.i19.68fd693f12waMx\">A m\u00e1scara facial KN95 \u00e9 um equipamento de protec\u00e7\u00e3o respirat\u00f3ria concebido para conseguir um ajuste facial muito apertado e uma filtragem muito eficiente das part\u00edculas transportadas pelo ar. As m\u00e1scaras KN95 s\u00e3o um tipo de m\u00e1scara facial filtrante semelhante \u00e0 m\u00e1scara facial N95 e \u00e0 m\u00e1scara facial FFP2.<\/li>\n<\/ul>\n<ul>\n<li>Os KN95 s\u00e3o exemplos de equipamentos de protec\u00e7\u00e3o individual que s\u00e3o utilizados para proteger o utilizador de part\u00edculas transportadas pelo ar e de l\u00edquidos que contaminam o rosto. O KN95 oferece o mais elevado grau de protec\u00e7\u00e3o e \u00e9 ideal para os profissionais de sa\u00fade que est\u00e3o em contacto pr\u00f3ximo com doentes com Covid-19.<\/li>\n<\/ul>\n<p>&nbsp;<\/p>\n","protected":false},"excerpt":{"rendered":"<ul>\n<li>As m\u00e1scaras faciais KN95 s\u00e3o leves e dobr\u00e1veis, podendo cobrir facilmente a boca, o nariz e o queixo. Cria uma veda\u00e7\u00e3o estanque e impede o embaciamento dos \u00f3culos. O design 3D proporciona-lhe espa\u00e7o suficiente para respirar<\/li>\n<li>O filtro Premium protege contra 99% das part\u00edculas maiores do que 0,1 \u03bcm, Efici\u00eancia do filtro = PFE99%.<\/li>\n<\/ul>\n<h4>Caracter\u00edsticas<\/h4>\n<p>Material: A estrutura de 5 camadas garante uma protec\u00e7\u00e3o completa<\/p>\n<p>1\u00aa camada: 50 g\/m\u00b2 Tecido n\u00e3o tecido de polipropileno fiado (pp)<br \/>\n2\u00aa camada: 25 g\/m\u00b2 Tecido n\u00e3o tecido fundido por sopro (filtro)<br \/>\n3\u00aa camada: 25 g\/m\u00b2 Tecido n\u00e3o tecido fundido por sopro (filtro)<br \/>\n4\u00aa camada: 40 g\/m\u00b2 de algod\u00e3o de ar quente (ES) para suavizar e absorver a humidade<br \/>\n5\u00aa camada: 25 g\/m\u00b2 Tecido n\u00e3o tecido de polipropileno fiado (pp)<\/p>\n<p>Tamanho:10,5*16cm<\/p>\n<p>Cor:Azul,Preto,Branco(Outras cores tamb\u00e9m s\u00e3o aceites)<\/p>\n<p>Norma: EN149:2001; GB2626-2019<\/p>\n<p>Embalagem: 1 unidade\/embalagem, 20 embalagens\/caixa, 50 caixas\/caixa<\/p>\n<p>&nbsp;<\/p>\n","protected":false},"featured_media":5241,"template":"","meta":{"site-sidebar-layout":"default","site-content-layout":"default","ast-site-content-layout":"default","site-content-style":"default","site-sidebar-style":"default","ast-global-header-display":"","ast-banner-title-visibility":"","ast-main-header-display":"","ast-hfb-above-header-display":"","ast-hfb-below-header-display":"","ast-hfb-mobile-header-display":"","site-post-title":"","ast-breadcrumbs-content":"","ast-featured-img":"","footer-sml-layout":"","ast-disable-related-posts":"","theme-transparent-header-meta":"default","adv-header-id-meta":"","stick-header-meta":"","header-above-stick-meta":"","header-main-stick-meta":"","header-below-stick-meta":"","astra-migrate-meta-layouts":"default","ast-page-background-enabled":"default","ast-page-background-meta":{"desktop":{"background-color":"","background-image":"","background-repeat":"repeat","background-position":"center center","background-size":"auto","background-attachment":"scroll","background-type":"","background-media":"","overlay-type":"","overlay-color":"","overlay-opacity":"","overlay-gradient":""},"tablet":{"background-color":"","background-image":"","background-repeat":"repeat","background-position":"center center","background-size":"auto","background-attachment":"scroll","background-type":"","background-media":"","overlay-type":"","overlay-color":"","overlay-opacity":"","overlay-gradient":""},"mobile":{"background-color":"","background-image":"","background-repeat":"repeat","background-position":"center center","background-size":"auto","background-attachment":"scroll","background-type":"","background-media":"","overlay-type":"","overlay-color":"","overlay-opacity":"","overlay-gradient":""}},"ast-content-background-meta":{"desktop":{"background-color":"var(--ast-global-color-5)","background-image":"","background-repeat":"repeat","background-position":"center center","background-size":"auto","background-attachment":"scroll","background-type":"","background-media":"","overlay-type":"","overlay-color":"","overlay-opacity":"","overlay-gradient":""},"tablet":{"background-color":"var(--ast-global-color-5)","background-image":"","background-repeat":"repeat","background-position":"center center","background-size":"auto","background-attachment":"scroll","background-type":"","background-media":"","overlay-type":"","overlay-color":"","overlay-opacity":"","overlay-gradient":""},"mobile":{"background-color":"var(--ast-global-color-5)","background-image":"","background-repeat":"repeat","background-position":"center center","background-size":"auto","background-attachment":"scroll","background-type":"","background-media":"","overlay-type":"","overlay-color":"","overlay-opacity":"","overlay-gradient":""}}},"product_brand":[],"product_cat":[140],"product_tag":[],"class_list":{"0":"post-5667","1":"product","2":"type-product","3":"status-publish","4":"has-post-thumbnail","6":"product_cat-mascaras-faciais-e-respiradores-descartaveis","7":"desktop-align-center","8":"tablet-align-left","9":"mobile-align-left","11":"first","12":"instock","13":"shipping-taxable","14":"product-type-simple"},"_links":{"self":[{"href":"https:\/\/medposnonwoven.com\/pt-br\/wp-json\/wp\/v2\/product\/5667","targetHints":{"allow":["GET"]}}],"collection":[{"href":"https:\/\/medposnonwoven.com\/pt-br\/wp-json\/wp\/v2\/product"}],"about":[{"href":"https:\/\/medposnonwoven.com\/pt-br\/wp-json\/wp\/v2\/types\/product"}],"wp:featuredmedia":[{"embeddable":true,"href":"https:\/\/medposnonwoven.com\/pt-br\/wp-json\/wp\/v2\/media\/5241"}],"wp:attachment":[{"href":"https:\/\/medposnonwoven.com\/pt-br\/wp-json\/wp\/v2\/media?parent=5667"}],"wp:term":[{"taxonomy":"product_brand","embeddable":true,"href":"https:\/\/medposnonwoven.com\/pt-br\/wp-json\/wp\/v2\/product_brand?post=5667"},{"taxonomy":"product_cat","embeddable":true,"href":"https:\/\/medposnonwoven.com\/pt-br\/wp-json\/wp\/v2\/product_cat?post=5667"},{"taxonomy":"product_tag","embeddable":true,"href":"https:\/\/medposnonwoven.com\/pt-br\/wp-json\/wp\/v2\/product_tag?post=5667"}],"curies":[{"name":"wp","href":"https:\/\/api.w.org\/{rel}","templated":true}]}}