{"id":5668,"date":"2022-12-31T13:30:34","date_gmt":"2022-12-31T13:30:34","guid":{"rendered":"https:\/\/medposnonwoven.com\/product\/touca-descartavel-touca-de-astronauta-touca-balaclava\/"},"modified":"2023-05-06T12:00:58","modified_gmt":"2023-05-06T12:00:58","slug":"touca-descartavel-touca-de-astronauta-touca-balaclava","status":"publish","type":"product","link":"https:\/\/medposnonwoven.com\/pt-br\/produto\/touca-descartavel-touca-de-astronauta-touca-balaclava\/","title":{"rendered":"Touca descart\u00e1vel Touca de astronauta Touca balaclava"},"content":{"rendered":"<ul>\n<li data-spm-anchor-id=\"a2700.details.0.i19.68fd693f12waMx\">Considere a utiliza\u00e7\u00e3o de um capuz m\u00e9dico de polipropileno para garantir a esterilidade e a protec\u00e7\u00e3o constante. Os protectores de cabe\u00e7a descart\u00e1veis s\u00e3o uma solu\u00e7\u00e3o di\u00e1ria e neutra em termos de g\u00e9nero. Manter a ordem no local de trabalho e controlar o suor e o cabelo. O polipropileno, uma resina sint\u00e9tica que apresenta uma grande resist\u00eancia ao impacto, dureza, flexibilidade e leveza, \u00e9 a resina sint\u00e9tica utilizada nos protectores capilares m\u00e9dicos. Al\u00e9m disso, apesar de entrar em contacto directo com a pele e o cabelo, o capuz de polipropileno \u00e9 totalmente seguro para eles.<\/li>\n<li data-spm-anchor-id=\"a2700.details.0.i19.68fd693f12waMx\">Os capuzes descart\u00e1veis podem oferecer a protec\u00e7\u00e3o total da cabe\u00e7a que \u00e9 ocasionalmente necess\u00e1ria durante o trabalho quando \u00e9 necess\u00e1ria uma defesa de 360 graus. Por conseguinte, os protectores capilares descart\u00e1veis podem defender com \u00eaxito, protegendo parcialmente a cabe\u00e7a, a barba, o cabelo e o pesco\u00e7o. A elasticidade do capuz para cobrir a cabe\u00e7a e a barba permite-lhe adaptar-se a qualquer tamanho de cabe\u00e7a, desde pequeno a grande, e ficar bem ajustado \u00e0 cabe\u00e7a. Assenta ainda melhor e \u00e9 mais f\u00e1cil de colocar e ajustar gra\u00e7as \u00e0 faixa el\u00e1stica nos capuzes de protec\u00e7\u00e3o.<\/li>\n<\/ul>\n<p>&nbsp;<\/p>\n<p>&nbsp;<\/p>\n","protected":false},"excerpt":{"rendered":"<ul>\n<li>Feitos de um material leve e respir\u00e1vel, estes gorros descart\u00e1veis t\u00eam um peso de 14GSM. Mant\u00eam o utilizador confort\u00e1vel durante todo o turno. A banda el\u00e1stica \u00e0 volta da abertura permite que cada capuz descart\u00e1vel se ajuste confortavelmente ao rosto. Um ajuste seguro significa melhor protec\u00e7\u00e3o e mais conforto para o utilizador.<\/li>\n<\/ul>\n<h4>Caracter\u00edsticas<\/h4>\n<p>Material: 14gsm Spunbond ou personalizado<\/p>\n<p>Tamanho:34-36cm<\/p>\n<p>Cor:Azul, Verde, Branco ou Personalizado<\/p>\n<p>Tipo: El\u00e1stico ou gravata<\/p>\n<p>Embalagem: 100 unidades\/saco, 10 sacos\/caixa<\/p>\n<p>&nbsp;<\/p>\n<p>&nbsp;<\/p>\n","protected":false},"featured_media":5261,"template":"","meta":{"site-sidebar-layout":"default","site-content-layout":"default","ast-site-content-layout":"default","site-content-style":"default","site-sidebar-style":"default","ast-global-header-display":"","ast-banner-title-visibility":"","ast-main-header-display":"","ast-hfb-above-header-display":"","ast-hfb-below-header-display":"","ast-hfb-mobile-header-display":"","site-post-title":"","ast-breadcrumbs-content":"","ast-featured-img":"","footer-sml-layout":"","ast-disable-related-posts":"","theme-transparent-header-meta":"default","adv-header-id-meta":"","stick-header-meta":"","header-above-stick-meta":"","header-main-stick-meta":"","header-below-stick-meta":"","astra-migrate-meta-layouts":"default","ast-page-background-enabled":"default","ast-page-background-meta":{"desktop":{"background-color":"","background-image":"","background-repeat":"repeat","background-position":"center center","background-size":"auto","background-attachment":"scroll","background-type":"","background-media":"","overlay-type":"","overlay-color":"","overlay-opacity":"","overlay-gradient":""},"tablet":{"background-color":"","background-image":"","background-repeat":"repeat","background-position":"center center","background-size":"auto","background-attachment":"scroll","background-type":"","background-media":"","overlay-type":"","overlay-color":"","overlay-opacity":"","overlay-gradient":""},"mobile":{"background-color":"","background-image":"","background-repeat":"repeat","background-position":"center center","background-size":"auto","background-attachment":"scroll","background-type":"","background-media":"","overlay-type":"","overlay-color":"","overlay-opacity":"","overlay-gradient":""}},"ast-content-background-meta":{"desktop":{"background-color":"var(--ast-global-color-5)","background-image":"","background-repeat":"repeat","background-position":"center center","background-size":"auto","background-attachment":"scroll","background-type":"","background-media":"","overlay-type":"","overlay-color":"","overlay-opacity":"","overlay-gradient":""},"tablet":{"background-color":"var(--ast-global-color-5)","background-image":"","background-repeat":"repeat","background-position":"center center","background-size":"auto","background-attachment":"scroll","background-type":"","background-media":"","overlay-type":"","overlay-color":"","overlay-opacity":"","overlay-gradient":""},"mobile":{"background-color":"var(--ast-global-color-5)","background-image":"","background-repeat":"repeat","background-position":"center center","background-size":"auto","background-attachment":"scroll","background-type":"","background-media":"","overlay-type":"","overlay-color":"","overlay-opacity":"","overlay-gradient":""}}},"product_brand":[],"product_cat":[141],"product_tag":[],"class_list":{"0":"post-5668","1":"product","2":"type-product","3":"status-publish","4":"has-post-thumbnail","6":"product_cat-tampas-descartaveis","7":"desktop-align-center","8":"tablet-align-left","9":"mobile-align-left","11":"first","12":"instock","13":"shipping-taxable","14":"product-type-simple"},"_links":{"self":[{"href":"https:\/\/medposnonwoven.com\/pt-br\/wp-json\/wp\/v2\/product\/5668","targetHints":{"allow":["GET"]}}],"collection":[{"href":"https:\/\/medposnonwoven.com\/pt-br\/wp-json\/wp\/v2\/product"}],"about":[{"href":"https:\/\/medposnonwoven.com\/pt-br\/wp-json\/wp\/v2\/types\/product"}],"wp:featuredmedia":[{"embeddable":true,"href":"https:\/\/medposnonwoven.com\/pt-br\/wp-json\/wp\/v2\/media\/5261"}],"wp:attachment":[{"href":"https:\/\/medposnonwoven.com\/pt-br\/wp-json\/wp\/v2\/media?parent=5668"}],"wp:term":[{"taxonomy":"product_brand","embeddable":true,"href":"https:\/\/medposnonwoven.com\/pt-br\/wp-json\/wp\/v2\/product_brand?post=5668"},{"taxonomy":"product_cat","embeddable":true,"href":"https:\/\/medposnonwoven.com\/pt-br\/wp-json\/wp\/v2\/product_cat?post=5668"},{"taxonomy":"product_tag","embeddable":true,"href":"https:\/\/medposnonwoven.com\/pt-br\/wp-json\/wp\/v2\/product_tag?post=5668"}],"curies":[{"name":"wp","href":"https:\/\/api.w.org\/{rel}","templated":true}]}}